{"id":2983,"date":"2025-11-12T14:21:57","date_gmt":"2025-11-12T06:21:57","guid":{"rendered":"https:\/\/www.leyaled.com\/?post_type=product&#038;p=2983"},"modified":"2025-12-18T15:17:17","modified_gmt":"2025-12-18T07:17:17","slug":"outdoor-p2-604","status":"publish","type":"product","link":"https:\/\/www.leyaled.com\/de\/outdoor-led-display\/outdoor-p2-604\/","title":{"rendered":"Au\u00dfenanzeige P2.604"},"content":{"rendered":"<p style=\"text-align: center;\"><span style=\"font-family: helvetica, arial, sans-serif; font-size: 14pt;\"><strong>Gr\u00f6\u00dfe &amp; Gewicht: 5<\/strong>00\u00d7500, 500&#215; 1000, nur 9kg pro Platte<\/span><\/p>\n<p style=\"text-align: center;\"><span style=\"font-family: helvetica, arial, sans-serif; font-size: 14pt;\"><strong>Anzeige:<\/strong> Hohe Refresh \/ Graustufen, kein Ghosting, atemberaubende Bilder<\/span><\/p>\n<p style=\"text-align: center;\"><span style=\"font-family: helvetica, arial, sans-serif; font-size: 14pt;\"><strong>Schrank:<\/strong> Druckguss Aluminium, hohe Pr\u00e4zision, nahtlose Spleizung<\/span><\/p>\n<p style=\"text-align: center;\"><span style=\"font-family: helvetica, arial, sans-serif; font-size: 14pt;\"><strong>Struktur:<\/strong> Spezieller Rahmen f\u00fcr gro\u00dfe W\u00e4rmeabfuhr; l\u00fcfterlos, leiser Betrieb<\/span><\/p>\n<p style=\"text-align: center;\"><span style=\"font-family: helvetica, arial, sans-serif; font-size: 14pt;\"><strong>Anzeigen:<\/strong> Weitwinkel, glatt &amp; lebendige Bilder von allen Seiten<\/span><\/p>\n<p style=\"text-align: center;\"><span style=\"font-family: helvetica, arial, sans-serif; font-size: 14pt;\"><strong>Installation:<\/strong> Langlebiges Schnellverschlussdesign, schnelle Montage &amp; Demontage<\/span><\/p>\n<p style=\"text-align: center;\"><span style=\"font-family: helvetica, arial, sans-serif; font-size: 14pt;\"><img fetchpriority=\"high\" decoding=\"async\" class=\"alignnone size-full wp-image-3090\" src=\"https:\/\/www.leyaled.com\/wp-content\/uploads\/2025\/11\/display.webp\" alt=\"\" width=\"800\" height=\"800\" srcset=\"https:\/\/www.leyaled.com\/wp-content\/uploads\/2025\/11\/display.webp 800w, https:\/\/www.leyaled.com\/wp-content\/uploads\/2025\/11\/display-300x300.webp 300w, https:\/\/www.leyaled.com\/wp-content\/uploads\/2025\/11\/display-150x150.webp 150w, https:\/\/www.leyaled.com\/wp-content\/uploads\/2025\/11\/display-768x768.webp 768w, https:\/\/www.leyaled.com\/wp-content\/uploads\/2025\/11\/display-600x600.webp 600w, https:\/\/www.leyaled.com\/wp-content\/uploads\/2025\/11\/display-100x100.webp 100w\" sizes=\"(max-width: 800px) 100vw, 800px\" \/><\/span><\/p>\n<p style=\"text-align: center;\"><span style=\"font-family: helvetica, arial, sans-serif; font-size: 14pt;\"> <img decoding=\"async\" class=\"alignnone size-full wp-image-3091\" src=\"https:\/\/www.leyaled.com\/wp-content\/uploads\/2025\/11\/display1.webp\" alt=\"\" width=\"800\" height=\"800\" srcset=\"https:\/\/www.leyaled.com\/wp-content\/uploads\/2025\/11\/display1.webp 800w, https:\/\/www.leyaled.com\/wp-content\/uploads\/2025\/11\/display1-300x300.webp 300w, https:\/\/www.leyaled.com\/wp-content\/uploads\/2025\/11\/display1-150x150.webp 150w, https:\/\/www.leyaled.com\/wp-content\/uploads\/2025\/11\/display1-768x768.webp 768w, https:\/\/www.leyaled.com\/wp-content\/uploads\/2025\/11\/display1-600x600.webp 600w, https:\/\/www.leyaled.com\/wp-content\/uploads\/2025\/11\/display1-100x100.webp 100w\" sizes=\"(max-width: 800px) 100vw, 800px\" \/><\/span><\/p>\n<p style=\"text-align: center;\"><span style=\"font-family: helvetica, arial, sans-serif; font-size: 14pt;\"> <img decoding=\"async\" class=\"alignnone size-full wp-image-3092\" src=\"https:\/\/www.leyaled.com\/wp-content\/uploads\/2025\/11\/display2.webp\" alt=\"\" width=\"800\" height=\"800\" srcset=\"https:\/\/www.leyaled.com\/wp-content\/uploads\/2025\/11\/display2.webp 800w, https:\/\/www.leyaled.com\/wp-content\/uploads\/2025\/11\/display2-300x300.webp 300w, https:\/\/www.leyaled.com\/wp-content\/uploads\/2025\/11\/display2-150x150.webp 150w, https:\/\/www.leyaled.com\/wp-content\/uploads\/2025\/11\/display2-768x768.webp 768w, https:\/\/www.leyaled.com\/wp-content\/uploads\/2025\/11\/display2-600x600.webp 600w, https:\/\/www.leyaled.com\/wp-content\/uploads\/2025\/11\/display2-100x100.webp 100w\" sizes=\"(max-width: 800px) 100vw, 800px\" \/><\/span><\/p>\n<p>&nbsp;<\/p>\n<p style=\"text-align: center;\"><span style=\"font-family: helvetica, arial, sans-serif;\">Das P2.6 Display unterst\u00fctzt die eigenst\u00e4ndige Verwendung von entweder 500 \u00d7 500mm Schr\u00e4nken oder 500 \u00d7 1000mm<\/span><\/p>\n<p style=\"text-align: center;\"><span style=\"font-family: helvetica, arial, sans-serif;\"> Schr\u00e4nke, und erlaubt sogar gemischtes Spleizen beider Gr\u00f6\u00dfen. Dies ist eine einzigartige Splei\u00dfmethode <\/span><\/p>\n<p style=\"text-align: center;\"><span style=\"font-family: helvetica, arial, sans-serif;\">Exklusiv f\u00fcr das P2.6 Display, was eine flexiblere Installation erm\u00f6glicht.<\/span><\/p>\n<p style=\"text-align: center;\"><img loading=\"lazy\" decoding=\"async\" class=\"alignnone size-full wp-image-3093\" src=\"https:\/\/www.leyaled.com\/wp-content\/uploads\/2025\/11\/display5.webp\" alt=\"\" width=\"800\" height=\"506\" srcset=\"https:\/\/www.leyaled.com\/wp-content\/uploads\/2025\/11\/display5.webp 800w, https:\/\/www.leyaled.com\/wp-content\/uploads\/2025\/11\/display5-300x190.webp 300w, https:\/\/www.leyaled.com\/wp-content\/uploads\/2025\/11\/display5-768x486.webp 768w, https:\/\/www.leyaled.com\/wp-content\/uploads\/2025\/11\/display5-600x380.webp 600w\" sizes=\"(max-width: 800px) 100vw, 800px\" \/><\/p>\n<p style=\"text-align: center;\"><span style=\"font-family: helvetica, arial, sans-serif;\">Konventionelle LED-Schr\u00e4nke k\u00f6nnen nur in quadratische oder rechteckige Formen gesplitzt werden. Allerdings <\/span><\/p>\n<p style=\"text-align: center;\"><span style=\"font-family: helvetica, arial, sans-serif;\">mit den passenden gebogenen Schl\u00f6ssern kann unsere P2.6 LED Wand in eine<\/span><\/p>\n<p style=\"text-align: center;\"><span style=\"font-family: helvetica, arial, sans-serif;\"> Fast elliptische Form. Curved Locks erm\u00f6glichen auch die Installation auf unebenen Oberfl\u00e4chen.<\/span><\/p>\n<p><img loading=\"lazy\" decoding=\"async\" class=\"size-full wp-image-3095 aligncenter\" src=\"https:\/\/www.leyaled.com\/wp-content\/uploads\/2025\/11\/display-1.webp\" alt=\"\" width=\"800\" height=\"683\" srcset=\"https:\/\/www.leyaled.com\/wp-content\/uploads\/2025\/11\/display-1.webp 800w, https:\/\/www.leyaled.com\/wp-content\/uploads\/2025\/11\/display-1-300x256.webp 300w, https:\/\/www.leyaled.com\/wp-content\/uploads\/2025\/11\/display-1-768x656.webp 768w, https:\/\/www.leyaled.com\/wp-content\/uploads\/2025\/11\/display-1-600x512.webp 600w\" sizes=\"(max-width: 800px) 100vw, 800px\" \/><\/p>\n<p style=\"text-align: center;\"><strong><span style=\"font-family: helvetica, arial, sans-serif; font-size: 14pt;\">Ultrabreiter Blickwinkel<\/span><\/strong><br \/>\n<span style=\"font-family: helvetica, arial, sans-serif;\">Der Bildschirm verf\u00fcgt \u00fcber einen 160\u00b0 Blickwinkel, der eine klare Sichtbarkeit von jeder Position aus gew\u00e4hrleistet.<\/span><\/p>\n<p style=\"text-align: center;\"><img loading=\"lazy\" decoding=\"async\" class=\"alignnone size-full wp-image-3096\" src=\"https:\/\/www.leyaled.com\/wp-content\/uploads\/2025\/11\/display1-1.webp\" alt=\"\" width=\"800\" height=\"362\" srcset=\"https:\/\/www.leyaled.com\/wp-content\/uploads\/2025\/11\/display1-1.webp 800w, https:\/\/www.leyaled.com\/wp-content\/uploads\/2025\/11\/display1-1-300x136.webp 300w, https:\/\/www.leyaled.com\/wp-content\/uploads\/2025\/11\/display1-1-768x348.webp 768w, https:\/\/www.leyaled.com\/wp-content\/uploads\/2025\/11\/display1-1-600x272.webp 600w\" sizes=\"(max-width: 800px) 100vw, 800px\" \/><\/p>\n<p style=\"text-align: center;\"><strong><span style=\"font-family: helvetica, arial, sans-serif; font-size: 14pt;\">Superior Visuals<\/span><\/strong><br \/>\n<span style=\"font-family: helvetica, arial, sans-serif;\">Hoher Kontrast &amp; Graustufen: liefert kristallklare Bilder.<\/span><br \/>\n<span style=\"font-family: helvetica, arial, sans-serif;\">10.000 nits Helligkeit: Scharfe Sichtbarkeit auch bei direktem Sonnenlicht.<\/span><\/p>\n<p>&nbsp;<\/p>\n<p style=\"text-align: center;\"><img loading=\"lazy\" decoding=\"async\" class=\"alignnone size-full wp-image-3097\" src=\"https:\/\/www.leyaled.com\/wp-content\/uploads\/2025\/11\/display5-1.webp\" alt=\"\" width=\"800\" height=\"566\" srcset=\"https:\/\/www.leyaled.com\/wp-content\/uploads\/2025\/11\/display5-1.webp 800w, https:\/\/www.leyaled.com\/wp-content\/uploads\/2025\/11\/display5-1-300x212.webp 300w, https:\/\/www.leyaled.com\/wp-content\/uploads\/2025\/11\/display5-1-768x543.webp 768w, https:\/\/www.leyaled.com\/wp-content\/uploads\/2025\/11\/display5-1-600x425.webp 600w\" sizes=\"(max-width: 800px) 100vw, 800px\" \/><\/p>\n<p style=\"text-align: center;\"><span style=\"font-size: 14pt;\"><strong><span style=\"font-family: helvetica, arial, sans-serif;\">Anwendungsszenarien<\/span><\/strong><\/span><br \/>\n<span style=\"font-family: helvetica, arial, sans-serif;\">Au\u00dfenwerbung \/ Digitale Medienwerbung \/ Fahrzeug-Displays (LKW)<\/span><\/p>\n<p style=\"text-align: center;\"><img loading=\"lazy\" decoding=\"async\" class=\"alignnone size-full wp-image-3098\" src=\"https:\/\/www.leyaled.com\/wp-content\/uploads\/2025\/11\/display-2.webp\" alt=\"\" width=\"800\" height=\"566\" srcset=\"https:\/\/www.leyaled.com\/wp-content\/uploads\/2025\/11\/display-2.webp 800w, https:\/\/www.leyaled.com\/wp-content\/uploads\/2025\/11\/display-2-300x212.webp 300w, https:\/\/www.leyaled.com\/wp-content\/uploads\/2025\/11\/display-2-768x543.webp 768w, https:\/\/www.leyaled.com\/wp-content\/uploads\/2025\/11\/display-2-600x425.webp 600w\" sizes=\"(max-width: 800px) 100vw, 800px\" \/><\/p>\n<p style=\"text-align: center;\"><span style=\"font-family: helvetica, arial, sans-serif; font-size: 14pt;\">Neugierig auf die Unterschiede zwischen P2.6 und P3.91? Kontaktieren Sie uns jetzt!<\/span><\/p>","protected":false},"excerpt":{"rendered":"<p>Solide ganzheitliche Wahl.<br \/>\n2,6 mm Abstand, hohe Erfrischungsrate, 160\u00b0 breite Ansicht \u2013 scharfes Bild in jedem Winkel. 10.000 nits Helligkeit, klar auch bei direktem Sonnenlicht. Gro\u00dfartig f\u00fcr Outdoor &amp; Semi-Outdoor Gebrauch.<br \/>\nGemischte 500 \u00d7 500mm \/ 500 \u00d7 1000mm Schrank Spleizen. Gebogene Schl\u00f6sser f\u00fcr elliptische Formen, passt auf unebene Oberfl\u00e4chen. Leichter Aluminiumschrank, Schnellverschluss f\u00fcr schnelle Montage &amp; teardown.<br \/>\nIdeal f\u00fcr Outdoor-Werbung, digitale Medien, Lkw-Displays.<\/p>","protected":false},"featured_media":2981,"comment_status":"closed","ping_status":"closed","template":"","meta":[],"product_brand":[],"product_cat":[43],"product_tag":[],"class_list":{"0":"post-2983","1":"product","2":"type-product","3":"status-publish","4":"has-post-thumbnail","6":"product_cat-outdoor-led-display","8":"first","9":"instock","10":"shipping-taxable","11":"product-type-simple"},"_links":{"self":[{"href":"https:\/\/www.leyaled.com\/de\/wp-json\/wp\/v2\/product\/2983","targetHints":{"allow":["GET"]}}],"collection":[{"href":"https:\/\/www.leyaled.com\/de\/wp-json\/wp\/v2\/product"}],"about":[{"href":"https:\/\/www.leyaled.com\/de\/wp-json\/wp\/v2\/types\/product"}],"replies":[{"embeddable":true,"href":"https:\/\/www.leyaled.com\/de\/wp-json\/wp\/v2\/comments?post=2983"}],"wp:featuredmedia":[{"embeddable":true,"href":"https:\/\/www.leyaled.com\/de\/wp-json\/wp\/v2\/media\/2981"}],"wp:attachment":[{"href":"https:\/\/www.leyaled.com\/de\/wp-json\/wp\/v2\/media?parent=2983"}],"wp:term":[{"taxonomy":"product_brand","embeddable":true,"href":"https:\/\/www.leyaled.com\/de\/wp-json\/wp\/v2\/product_brand?post=2983"},{"taxonomy":"product_cat","embeddable":true,"href":"https:\/\/www.leyaled.com\/de\/wp-json\/wp\/v2\/product_cat?post=2983"},{"taxonomy":"product_tag","embeddable":true,"href":"https:\/\/www.leyaled.com\/de\/wp-json\/wp\/v2\/product_tag?post=2983"}],"curies":[{"name":"WP","href":"https:\/\/api.w.org\/{rel}","templated":true}]}}