{"id":2947,"date":"2025-11-10T14:29:27","date_gmt":"2025-11-10T06:29:27","guid":{"rendered":"https:\/\/www.leyaled.com\/?post_type=product&#038;p=2947"},"modified":"2025-12-09T11:53:40","modified_gmt":"2025-12-09T03:53:40","slug":"outdoor-display-p3","status":"publish","type":"product","link":"https:\/\/www.leyaled.com\/de\/outdoor-led-display\/outdoor-display-p3\/","title":{"rendered":"Au\u00dfenanzeige P3"},"content":{"rendered":"<p style=\"text-align: center;\"><strong><span style=\"font-family: helvetica, arial, sans-serif; font-size: 14pt;\">LED-Displays sind ma\u00dfgeschneiderte Produkte. F\u00fcr eine Vollbildanpassung wenden Sie sich bitte f\u00fcr Anfragen an den Kundenservice.<\/span><\/strong><\/p>\n<p style=\"text-align: center;\"><strong><span style=\"font-family: helvetica, arial, sans-serif; font-size: 14pt;\">P3 LED-Anzeige Kern Verkaufspunkte<\/span><\/strong><\/p>\n<p style=\"text-align: center;\"><span style=\"font-family: helvetica, arial, sans-serif; font-size: 14pt;\">Spezifikationen Highlight: 3mm Pixelspitch und 111.111 Pixel pro Quadratmeter, die ultraklare und zarte Display-Effekte liefern.<\/span><\/p>\n<p style=\"text-align: center;\"><span style=\"font-family: helvetica, arial, sans-serif; font-size: 14pt;\"> liefert scharfes, detailliertes Bild mit 1080P\/4K-Unterst\u00fctzung.<\/span><\/p>\n<p style=\"text-align: center;\"><span style=\"font-family: helvetica, arial, sans-serif; font-size: 14pt;\">600 bis 1000 CD\/ \u33a1  Helligkeit und hoher Kontrast, perfekt f\u00fcr komfortable Nahaufnahme im Innenraum.<\/span><\/p>\n<p style=\"text-align: center;\"><span style=\"font-family: helvetica, arial, sans-serif; font-size: 14pt;\">Modulares Design erm\u00f6glicht flexibles Spleizen und kundenspezifische Formen, super einfach zu installieren.<\/span><\/p>\n<p style=\"text-align: center;\"><span style=\"font-family: helvetica, arial, sans-serif; font-size: 14pt;\">160\u00b0 breiter Blickwinkel, konsistente Farben von allen Seiten, geringer Stromverbrauch und lange Lebensdauer.<\/span><\/p>\n<p style=\"text-align: center;\"><span style=\"font-family: helvetica, arial, sans-serif; font-size: 14pt;\">Ideal f\u00fcr Premium-Innenr\u00e4ume: Messehallen, Tagungsr\u00e4ume, Einkaufszentren und vieles mehr.<\/span><\/p>\n<p style=\"text-align: center;\"><strong><span style=\"font-family: helvetica, arial, sans-serif; font-size: 14pt;\">B\u00fchnenmietbildschirm<\/span><\/strong><\/p>\n<p style=\"text-align: center;\"><span style=\"font-family: helvetica, arial, sans-serif; font-size: 14pt;\">High Definition ScreenNahtlose N\u00e4htung-hohe Refresh-Rate<\/span><\/p>\n<p style=\"text-align: center;\"><img fetchpriority=\"high\" decoding=\"async\" class=\"alignnone size-full wp-image-3112\" src=\"https:\/\/www.leyaled.com\/wp-content\/uploads\/2025\/11\/disp1.webp\" alt=\"\" width=\"800\" height=\"812\" srcset=\"https:\/\/www.leyaled.com\/wp-content\/uploads\/2025\/11\/disp1.webp 800w, https:\/\/www.leyaled.com\/wp-content\/uploads\/2025\/11\/disp1-296x300.webp 296w, https:\/\/www.leyaled.com\/wp-content\/uploads\/2025\/11\/disp1-768x780.webp 768w, https:\/\/www.leyaled.com\/wp-content\/uploads\/2025\/11\/disp1-600x609.webp 600w\" sizes=\"(max-width: 800px) 100vw, 800px\" \/><\/p>\n<p style=\"text-align: center;\"><strong><span style=\"font-family: helvetica, arial, sans-serif; font-size: 14pt;\">Niedrige HelligkeitHohe Grau<\/span><\/strong><\/p>\n<p style=\"text-align: center;\"><span style=\"font-family: helvetica, arial, sans-serif;\">Scharf, bunt, High-Definition und Natur<\/span><\/p>\n<p style=\"text-align: center;\"><img decoding=\"async\" class=\"alignnone size-full wp-image-3075\" src=\"https:\/\/www.leyaled.com\/wp-content\/uploads\/2025\/10\/display-3.webp\" alt=\"\" width=\"800\" height=\"648\" srcset=\"https:\/\/www.leyaled.com\/wp-content\/uploads\/2025\/10\/display-3.webp 800w, https:\/\/www.leyaled.com\/wp-content\/uploads\/2025\/10\/display-3-300x243.webp 300w, https:\/\/www.leyaled.com\/wp-content\/uploads\/2025\/10\/display-3-768x622.webp 768w, https:\/\/www.leyaled.com\/wp-content\/uploads\/2025\/10\/display-3-600x486.webp 600w\" sizes=\"(max-width: 800px) 100vw, 800px\" \/><\/p>\n<p style=\"text-align: center;\"><span style=\"font-family: helvetica, arial, sans-serif;\">\u00a0 Niedrige Helligkeit &amp; &amp; niedrige Grauskala Hohe Helligkeit &amp; niedrige Grauskala <\/span><\/p>\n<p style=\"text-align: center;\"><span style=\"font-family: helvetica, arial, sans-serif;\">Bedeutender Verlust von Dunkelbereichsdetails Minimaler Verlust von Dunkelbereichsdetails<\/span><\/p>\n<p style=\"text-align: center;\"><strong><span style=\"font-family: helvetica, arial, sans-serif; font-size: 14pt;\">D\u00fcnn &amp; rechte Struktur<\/span><\/strong><\/p>\n<p style=\"text-align: center;\"><span style=\"font-family: helvetica, arial, sans-serif; font-size: 14pt;\">Leicht mit einer Lebensdauer von 10 Jahren<\/span><\/p>\n<p><img decoding=\"async\" class=\"size-full wp-image-3092 aligncenter\" src=\"https:\/\/www.leyaled.com\/wp-content\/uploads\/2025\/11\/display2.webp\" alt=\"\" width=\"800\" height=\"800\" srcset=\"https:\/\/www.leyaled.com\/wp-content\/uploads\/2025\/11\/display2.webp 800w, https:\/\/www.leyaled.com\/wp-content\/uploads\/2025\/11\/display2-300x300.webp 300w, https:\/\/www.leyaled.com\/wp-content\/uploads\/2025\/11\/display2-150x150.webp 150w, https:\/\/www.leyaled.com\/wp-content\/uploads\/2025\/11\/display2-768x768.webp 768w, https:\/\/www.leyaled.com\/wp-content\/uploads\/2025\/11\/display2-600x600.webp 600w, https:\/\/www.leyaled.com\/wp-content\/uploads\/2025\/11\/display2-100x100.webp 100w\" sizes=\"(max-width: 800px) 100vw, 800px\" \/><\/p>\n<p style=\"text-align: center;\"><span style=\"font-family: helvetica, arial, sans-serif; font-size: 14pt;\">Der Boxk\u00f6rper nimmt Druckguss Aluminium Formh\u00f6he Festigkeit, Z\u00e4higkeit,<\/span><\/p>\n<p style=\"text-align: center;\"><span style=\"font-family: helvetica, arial, sans-serif; font-size: 14pt;\">hohe Pr\u00e4zision, nicht einfach zu verformen, f\u00fcr den Transport, um Energie zu sparen.<\/span><\/p>\n<p style=\"text-align: center;\"><span style=\"font-family: helvetica, arial, sans-serif; font-size: 14pt;\">Einfache Installation<\/span><\/p>\n<p style=\"text-align: center;\"><span style=\"font-family: helvetica, arial, sans-serif; font-size: 14pt;\">Pr\u00e4zise Schnelle Flexible Positionierte Installation<\/span><\/p>\n<p style=\"text-align: center;\"><img loading=\"lazy\" decoding=\"async\" class=\"alignnone size-full wp-image-3044\" src=\"https:\/\/www.leyaled.com\/wp-content\/uploads\/2025\/10\/display-led.webp\" alt=\"\" width=\"800\" height=\"556\" srcset=\"https:\/\/www.leyaled.com\/wp-content\/uploads\/2025\/10\/display-led.webp 800w, https:\/\/www.leyaled.com\/wp-content\/uploads\/2025\/10\/display-led-300x209.webp 300w, https:\/\/www.leyaled.com\/wp-content\/uploads\/2025\/10\/display-led-768x534.webp 768w, https:\/\/www.leyaled.com\/wp-content\/uploads\/2025\/10\/display-led-600x417.webp 600w\" sizes=\"(max-width: 800px) 100vw, 800px\" \/><\/p>\n<p style=\"text-align: center;\"><span style=\"font-family: helvetica, arial, sans-serif; font-size: 14pt;\">Die Box ist leicht und d\u00fcnn, einfach zu montieren und zu demontieren f\u00fcr den Transport, <\/span><\/p>\n<p style=\"text-align: center;\"><span style=\"font-family: helvetica, arial, sans-serif; font-size: 14pt;\">und die Dicke wird reduziert, um den Bildschirmbereich zu sparen.<\/span><\/p>\n<p style=\"text-align: center;\"><span style=\"font-size: 14pt;\"><strong><span style=\"font-family: helvetica, arial, sans-serif;\">Details bestimmen die Qualit\u00e4t.<\/span><\/strong><\/span><\/p>\n<p><span style=\"font-size: 14pt;\"><strong><span style=\"font-family: helvetica, arial, sans-serif;\"><img loading=\"lazy\" decoding=\"async\" class=\"size-full wp-image-3156 aligncenter\" src=\"https:\/\/www.leyaled.com\/wp-content\/uploads\/2025\/11\/ing-2.webp\" alt=\"\" width=\"800\" height=\"690\" srcset=\"https:\/\/www.leyaled.com\/wp-content\/uploads\/2025\/11\/ing-2.webp 800w, https:\/\/www.leyaled.com\/wp-content\/uploads\/2025\/11\/ing-2-300x259.webp 300w, https:\/\/www.leyaled.com\/wp-content\/uploads\/2025\/11\/ing-2-768x662.webp 768w, https:\/\/www.leyaled.com\/wp-content\/uploads\/2025\/11\/ing-2-600x518.webp 600w\" sizes=\"(max-width: 800px) 100vw, 800px\" \/><\/span><\/strong><\/span><\/p>\n<p style=\"text-align: center;\"><span style=\"font-family: helvetica, arial, sans-serif; font-size: 14pt;\">Unsere LED-Bildschirme verf\u00fcgen \u00fcber einheitliche Lampenperlen und haben niemals tote Pixel. Genie\u00dfen Sie keinen schwarzen Bildschirm,<\/span><\/p>\n<p style=\"text-align: center;\"><span style=\"font-family: helvetica, arial, sans-serif; font-size: 14pt;\"> Kein Einfrieren, keine Latenz und super hohe Helligkeit! Ultra HD reinfarbige Pixel bringen <\/span><\/p>\n<p style=\"text-align: center;\"><span style=\"font-family: helvetica, arial, sans-serif; font-size: 14pt;\">kristallklare Bilder \u2013 kein Flimmern, kein Ghosting und absolut kein Bildverbrennen!<\/span><\/p>\n<p style=\"text-align: center;\"><img loading=\"lazy\" decoding=\"async\" class=\"alignnone size-full wp-image-3157\" src=\"https:\/\/www.leyaled.com\/wp-content\/uploads\/2025\/11\/detailed-pictures.webp\" alt=\"\" width=\"800\" height=\"800\" srcset=\"https:\/\/www.leyaled.com\/wp-content\/uploads\/2025\/11\/detailed-pictures.webp 800w, https:\/\/www.leyaled.com\/wp-content\/uploads\/2025\/11\/detailed-pictures-300x300.webp 300w, https:\/\/www.leyaled.com\/wp-content\/uploads\/2025\/11\/detailed-pictures-150x150.webp 150w, https:\/\/www.leyaled.com\/wp-content\/uploads\/2025\/11\/detailed-pictures-768x768.webp 768w, https:\/\/www.leyaled.com\/wp-content\/uploads\/2025\/11\/detailed-pictures-600x600.webp 600w, https:\/\/www.leyaled.com\/wp-content\/uploads\/2025\/11\/detailed-pictures-100x100.webp 100w\" sizes=\"(max-width: 800px) 100vw, 800px\" \/><\/p>\n<p style=\"text-align: center;\"><span style=\"font-family: helvetica, arial, sans-serif; font-size: 14pt;\">Unsere LED-Bildschirme r\u00fchmen sich mit flachen Maskenfl\u00e4chen und gro\u00dfer Produktkonsistenz! Wir verwenden branchenf\u00fchrende Topftechnologie<\/span><\/p>\n<p style=\"text-align: center;\"><span style=\"font-family: helvetica, arial, sans-serif; font-size: 14pt;\"> f\u00fcr eine glatte, gleichm\u00e4\u00dfige Oberfl\u00e4che, die Staub und Feuchtigkeit aush\u00e4lt und die gleiche zuverl\u00e4ssige Qualit\u00e4t f\u00fcr jede einzelne Einheit garantiert.<\/span><\/p>\n<p style=\"text-align: center;\"><span style=\"font-family: helvetica, arial, sans-serif; font-size: 14pt;\">Unsere LED-Bildschirme decken mehrere Anwendungsszenarien ab, einschlie\u00dflich Innenausstellungen und Outdoor-Plakaten.<\/span><\/p>\n<p style=\"text-align: center;\"><img loading=\"lazy\" decoding=\"async\" class=\"alignnone size-full wp-image-3158\" src=\"https:\/\/www.leyaled.com\/wp-content\/uploads\/2025\/11\/ing3.webp\" alt=\"\" width=\"800\" height=\"800\" srcset=\"https:\/\/www.leyaled.com\/wp-content\/uploads\/2025\/11\/ing3.webp 800w, https:\/\/www.leyaled.com\/wp-content\/uploads\/2025\/11\/ing3-300x300.webp 300w, https:\/\/www.leyaled.com\/wp-content\/uploads\/2025\/11\/ing3-150x150.webp 150w, https:\/\/www.leyaled.com\/wp-content\/uploads\/2025\/11\/ing3-768x768.webp 768w, https:\/\/www.leyaled.com\/wp-content\/uploads\/2025\/11\/ing3-600x600.webp 600w, https:\/\/www.leyaled.com\/wp-content\/uploads\/2025\/11\/ing3-100x100.webp 100w\" sizes=\"(max-width: 800px) 100vw, 800px\" \/><\/p>\n<p style=\"text-align: center;\"><span style=\"font-family: helvetica, arial, sans-serif; font-size: 14pt;\">\u00fcber die St\u00e4rken der Outdoor P3 LED-Displays? Kontaktieren Sie uns noch heute f\u00fcr ma\u00dfgeschneiderte L\u00f6sungen!<\/span><\/p>","protected":false},"excerpt":{"rendered":"<p>Das P3 LED-Display hat eine 3 mm Pixelspitch und 111.111 Pixel pro Quadratmeter, die scharfe 1080P \/ 4K-Bilder liefern, die perfekt f\u00fcr die Nahaufnahme im Innenraum sind. Es bietet 600-1000 CD\/ \u33a1  Helligkeit und hoher Kontrast, so dass das Licht weich und sanft auf den Augen bleibt. Dar\u00fcber hinaus unterst\u00fctzt es flexible modulare Splei\u00dfungen und benutzerdefinierte unregelm\u00e4\u00dfige Formen mit super einfacher Installation. Au\u00dferdem verf\u00fcgt es \u00fcber einen 160\u00b0 breiten Blickwinkel, konsistente Farben, geringen Stromverbrauch und eine lange Lebensdauer, was es zu einer ausgezeichneten Wahl f\u00fcr Mid-to-High-End-Indoor-Display-Setups macht.<\/p>","protected":false},"featured_media":2949,"comment_status":"closed","ping_status":"closed","template":"","meta":[],"product_brand":[],"product_cat":[43,15],"product_tag":[],"class_list":{"0":"post-2947","1":"product","2":"type-product","3":"status-publish","4":"has-post-thumbnail","6":"product_cat-outdoor-led-display","7":"product_cat-standard-led-display","9":"first","10":"instock","11":"shipping-taxable","12":"product-type-simple"},"_links":{"self":[{"href":"https:\/\/www.leyaled.com\/de\/wp-json\/wp\/v2\/product\/2947","targetHints":{"allow":["GET"]}}],"collection":[{"href":"https:\/\/www.leyaled.com\/de\/wp-json\/wp\/v2\/product"}],"about":[{"href":"https:\/\/www.leyaled.com\/de\/wp-json\/wp\/v2\/types\/product"}],"replies":[{"embeddable":true,"href":"https:\/\/www.leyaled.com\/de\/wp-json\/wp\/v2\/comments?post=2947"}],"wp:featuredmedia":[{"embeddable":true,"href":"https:\/\/www.leyaled.com\/de\/wp-json\/wp\/v2\/media\/2949"}],"wp:attachment":[{"href":"https:\/\/www.leyaled.com\/de\/wp-json\/wp\/v2\/media?parent=2947"}],"wp:term":[{"taxonomy":"product_brand","embeddable":true,"href":"https:\/\/www.leyaled.com\/de\/wp-json\/wp\/v2\/product_brand?post=2947"},{"taxonomy":"product_cat","embeddable":true,"href":"https:\/\/www.leyaled.com\/de\/wp-json\/wp\/v2\/product_cat?post=2947"},{"taxonomy":"product_tag","embeddable":true,"href":"https:\/\/www.leyaled.com\/de\/wp-json\/wp\/v2\/product_tag?post=2947"}],"curies":[{"name":"WP","href":"https:\/\/api.w.org\/{rel}","templated":true}]}}