{"id":2931,"date":"2025-11-07T11:59:46","date_gmt":"2025-11-07T03:59:46","guid":{"rendered":"https:\/\/www.leyaled.com\/?post_type=product&#038;p=2931"},"modified":"2025-12-09T14:32:59","modified_gmt":"2025-12-09T06:32:59","slug":"outdoor-p6","status":"publish","type":"product","link":"https:\/\/www.leyaled.com\/de\/outdoor-fixed-installation\/outdoor-p6\/","title":{"rendered":"Outdoor P6 Display zur Miete"},"content":{"rendered":"<p style=\"text-align: center;\"><strong><span style=\"font-family: helvetica, arial, sans-serif; font-size: 14pt;\">LED-Displays sind ma\u00dfgeschneiderte Produkte. F\u00fcr eine Vollbildanpassung wenden Sie sich bitte f\u00fcr Anfragen an den Kundenservice.<\/span><\/strong><\/p>\n<p style=\"text-align: center;\"><span style=\"font-family: helvetica, arial, sans-serif; font-size: 14pt;\"><strong>Budget-freundlich &amp; Hochleistungsf\u00e4hig<\/strong><\/span><br \/>\n<span style=\"font-family: helvetica, arial, sans-serif; font-size: 14pt;\">6mm Pixel Pitch bietet die ideale Balance zwischen klaren Bildern und Kosteneffizienz. Besser als P3\/P4 f\u00fcr <\/span><\/p>\n<p style=\"text-align: center;\"><span style=\"font-family: helvetica, arial, sans-serif; font-size: 14pt;\">mittellange Betrachtung (optimale Entfernung 6\u201330 m) \u2013 eine Top-Wahl f\u00fcr kommerzielle Outdoor-Plakaten und Campus-Benachrichtigungsbildschirme.<\/span><\/p>\n<p style=\"text-align: center;\"><span style=\"font-family: helvetica, arial, sans-serif; font-size: 14pt;\"><strong>Hart gegen Au\u00dfenelemente<\/strong><\/span><\/p>\n<p style=\"text-align: center;\"><span style=\"font-family: helvetica, arial, sans-serif; font-size: 14pt;\">IP65-bewertet mit professionellem T\u00f6pfen: best\u00e4ndig gegen Regen, Staub, Hitze und Luftfeuchtigkeit.<\/span><\/p>\n<p style=\"text-align: center;\"><span style=\"font-family: helvetica, arial, sans-serif; font-size: 14pt;\">Hohe Helligkeit (\u22656000cd\/ \u33a1)  sorgt f\u00fcr lebendige, nicht verblasste Bilder auch bei direktem Sonnenlicht und l\u00e4uft rund um die Uhr reibungslos.<\/span><\/p>\n<p style=\"text-align: center;\"><span style=\"font-family: helvetica, arial, sans-serif; font-size: 14pt;\"><strong>Langlebige &amp; Wartungsarm<\/strong><\/span><\/p>\n<p style=\"text-align: center;\"><span style=\"font-family: helvetica, arial, sans-serif; font-size: 14pt;\">Flache Maske f\u00fcr nahtloses Spleizen und gleichm\u00e4\u00dfige Visualisierung; Standardisierte Module f\u00fcr<\/span><\/p>\n<p style=\"text-align: center;\"><span style=\"font-family: helvetica, arial, sans-serif; font-size: 14pt;\"> schneller Ersatz, die Wartungskosten senken.<\/span><br \/>\n<span style=\"font-family: helvetica, arial, sans-serif; font-size: 14pt;\">Einheitliche Lampenperlen bedeuten keine toten Pixel, kein Flimmern, kein Verbrennen oder Geistern. <\/span><\/p>\n<p style=\"text-align: center;\"><span style=\"font-family: helvetica, arial, sans-serif; font-size: 14pt;\">Konsistente Qualit\u00e4t garantiert bei Massenk\u00e4ufen.<\/span><\/p>\n<p style=\"text-align: center;\"><span style=\"font-family: helvetica, arial, sans-serif; font-size: 14pt;\"><strong>Anpassbar f\u00fcr mehrere Szenarien<\/strong><\/span><\/p>\n<p style=\"text-align: center;\"><span style=\"font-family: helvetica, arial, sans-serif; font-size: 14pt;\">Bildschirmgr\u00f6\u00dfe und Installationstyp (Wand\/Decke\/S\u00e4ulen) anpassen, um Au\u00dfenanzeigen anzupassen, <\/span><\/p>\n<p style=\"text-align: center;\"><span style=\"font-family: helvetica, arial, sans-serif; font-size: 14pt;\">Stadion Perimeter Displays, Verkehrsf\u00fchrung Bildschirme und mehr.<\/span><\/p>\n<p style=\"text-align: center;\"><span style=\"font-family: helvetica, arial, sans-serif; font-size: 14pt;\">Unsere LED-Bildschirme bieten hohe Helligkeit f\u00fcr Au\u00dfensichtbarkeit, geringen Stromverbrauch<\/span><\/p>\n<p style=\"text-align: center;\"><span style=\"font-family: helvetica, arial, sans-serif; font-size: 14pt;\"> f\u00fcr Kosteneinsparungen und hohe Aktualisierungsrate f\u00fcr glatte, flimmerfreie Bilder!<\/span><\/p>\n<p style=\"text-align: center;\"><img fetchpriority=\"high\" decoding=\"async\" class=\"alignnone size-full wp-image-3161\" src=\"https:\/\/www.leyaled.com\/wp-content\/uploads\/2025\/11\/p6-display.webp\" alt=\"\" width=\"800\" height=\"468\" srcset=\"https:\/\/www.leyaled.com\/wp-content\/uploads\/2025\/11\/p6-display.webp 800w, https:\/\/www.leyaled.com\/wp-content\/uploads\/2025\/11\/p6-display-300x176.webp 300w, https:\/\/www.leyaled.com\/wp-content\/uploads\/2025\/11\/p6-display-768x449.webp 768w, https:\/\/www.leyaled.com\/wp-content\/uploads\/2025\/11\/p6-display-600x351.webp 600w\" sizes=\"(max-width: 800px) 100vw, 800px\" \/><\/p>\n<p style=\"text-align: center;\"><span style=\"font-family: helvetica, arial, sans-serif; font-size: 14pt;\">Ultra wasserdicht, Wind- und Regendicht<\/span><\/p>\n<p style=\"text-align: center;\"><span style=\"font-family: helvetica, arial, sans-serif; font-size: 14pt;\">Widerstandsf\u00e4hig gegen Taifun &amp; niedrige Temperaturen<\/span><\/p>\n<p style=\"text-align: center;\"><span style=\"font-family: helvetica, arial, sans-serif; font-size: 14pt;\">Widerstandsf\u00e4hig gegen schwere Regenf\u00e4lle<\/span><\/p>\n<p style=\"text-align: center;\"><span style=\"font-family: helvetica, arial, sans-serif; font-size: 14pt;\">Toleriert hohe Luftfeuchtigkeit<\/span><\/p>\n<p style=\"text-align: center;\"><span style=\"font-family: helvetica, arial, sans-serif; font-size: 14pt;\">Halt hohe Hitze &amp; Salzspray<\/span><\/p>\n<p style=\"text-align: center;\"><img decoding=\"async\" class=\"alignnone size-full wp-image-3160\" src=\"https:\/\/www.leyaled.com\/wp-content\/uploads\/2025\/11\/p6display.webp\" alt=\"\" width=\"800\" height=\"464\" srcset=\"https:\/\/www.leyaled.com\/wp-content\/uploads\/2025\/11\/p6display.webp 800w, https:\/\/www.leyaled.com\/wp-content\/uploads\/2025\/11\/p6display-300x174.webp 300w, https:\/\/www.leyaled.com\/wp-content\/uploads\/2025\/11\/p6display-768x445.webp 768w, https:\/\/www.leyaled.com\/wp-content\/uploads\/2025\/11\/p6display-600x348.webp 600w\" sizes=\"(max-width: 800px) 100vw, 800px\" \/><\/p>\n<p style=\"text-align: center;\"><span style=\"font-family: helvetica, arial, sans-serif; font-size: 14pt;\">Je h\u00f6her die Pixeldichte ist, desto sch\u00e4rfer die Bildqualit\u00e4t<\/span><\/p>\n<p style=\"text-align: center;\"><img decoding=\"async\" class=\"alignnone size-full wp-image-3162\" src=\"https:\/\/www.leyaled.com\/wp-content\/uploads\/2025\/11\/p6display-for.webp\" alt=\"\" width=\"800\" height=\"533\" srcset=\"https:\/\/www.leyaled.com\/wp-content\/uploads\/2025\/11\/p6display-for.webp 800w, https:\/\/www.leyaled.com\/wp-content\/uploads\/2025\/11\/p6display-for-300x200.webp 300w, https:\/\/www.leyaled.com\/wp-content\/uploads\/2025\/11\/p6display-for-768x512.webp 768w, https:\/\/www.leyaled.com\/wp-content\/uploads\/2025\/11\/p6display-for-600x400.webp 600w\" sizes=\"(max-width: 800px) 100vw, 800px\" \/><\/p>\n<p style=\"text-align: center;\"><strong><span style=\"font-family: helvetica, arial, sans-serif; font-size: 14pt;\">FWS Technologie LED-Displays \u2013 Mehr Aufmerksamkeit auf jedes Detail<\/span><\/strong><\/p>\n<p style=\"text-align: center;\"><strong><span style=\"font-family: helvetica, arial, sans-serif; font-size: 14pt;\">Hochwertige Module<\/span><\/strong><\/p>\n<p style=\"text-align: center;\"><span style=\"font-family: helvetica, arial, sans-serif; font-size: 14pt;\">Modulares Design f\u00fcr einfaches Spleizen Echte Farbe, hohe Stabilit\u00e4t, lange Lebensdauer<\/span><\/p>\n<p style=\"text-align: center;\"><img loading=\"lazy\" decoding=\"async\" class=\"alignnone size-full wp-image-3163\" src=\"https:\/\/www.leyaled.com\/wp-content\/uploads\/2025\/11\/p6.webp\" alt=\"\" width=\"800\" height=\"662\" srcset=\"https:\/\/www.leyaled.com\/wp-content\/uploads\/2025\/11\/p6.webp 800w, https:\/\/www.leyaled.com\/wp-content\/uploads\/2025\/11\/p6-300x248.webp 300w, https:\/\/www.leyaled.com\/wp-content\/uploads\/2025\/11\/p6-768x636.webp 768w, https:\/\/www.leyaled.com\/wp-content\/uploads\/2025\/11\/p6-600x497.webp 600w\" sizes=\"(max-width: 800px) 100vw, 800px\" \/><\/p>\n<p style=\"text-align: center;\"><span style=\"font-size: 14pt;\"><strong><span style=\"font-family: helvetica, arial, sans-serif;\">Hohe Qualit\u00e4t PcB Board &amp; amp; Lampenperlen<\/span><\/strong><\/span><\/p>\n<p style=\"text-align: center;\"><span style=\"font-family: helvetica, arial, sans-serif; font-size: 14pt;\">Automatisches Wellenl\u00f6ten, Festschwei\u00dfen Lampenperlen fallen nicht ab, l\u00e4ngere Lebensdauer<\/span><\/p>\n<p style=\"text-align: center;\"><img loading=\"lazy\" decoding=\"async\" class=\"alignnone size-full wp-image-3164\" src=\"https:\/\/www.leyaled.com\/wp-content\/uploads\/2025\/11\/p6display-for-1.webp\" alt=\"\" width=\"800\" height=\"417\" srcset=\"https:\/\/www.leyaled.com\/wp-content\/uploads\/2025\/11\/p6display-for-1.webp 800w, https:\/\/www.leyaled.com\/wp-content\/uploads\/2025\/11\/p6display-for-1-300x156.webp 300w, https:\/\/www.leyaled.com\/wp-content\/uploads\/2025\/11\/p6display-for-1-768x400.webp 768w, https:\/\/www.leyaled.com\/wp-content\/uploads\/2025\/11\/p6display-for-1-600x313.webp 600w\" sizes=\"(max-width: 800px) 100vw, 800px\" \/><\/p>\n<p style=\"text-align: center;\"><strong><span style=\"font-family: helvetica, arial, sans-serif; font-size: 14pt;\">Druckguss Aluminium<\/span><\/strong><\/p>\n<p style=\"text-align: center;\"><span style=\"font-size: 14pt; font-family: helvetica, arial, sans-serif;\">Druckguss Aluminium, stark &amp; d\u00fcnnSch\u00f6n &amp; gro\u00dfz\u00fcgig, zeigen Pers\u00f6nlichkeit<\/span><\/p>\n<p style=\"text-align: center;\"><img loading=\"lazy\" decoding=\"async\" class=\"alignnone size-full wp-image-3165\" src=\"https:\/\/www.leyaled.com\/wp-content\/uploads\/2025\/11\/display-7.webp\" alt=\"\" width=\"800\" height=\"533\" srcset=\"https:\/\/www.leyaled.com\/wp-content\/uploads\/2025\/11\/display-7.webp 800w, https:\/\/www.leyaled.com\/wp-content\/uploads\/2025\/11\/display-7-300x200.webp 300w, https:\/\/www.leyaled.com\/wp-content\/uploads\/2025\/11\/display-7-768x512.webp 768w, https:\/\/www.leyaled.com\/wp-content\/uploads\/2025\/11\/display-7-600x400.webp 600w\" sizes=\"(max-width: 800px) 100vw, 800px\" \/><\/p>\n<p style=\"text-align: center;\"><strong><span style=\"font-family: helvetica, arial, sans-serif; font-size: 14pt;\">Einfache Installation&amp; Entfernung<\/span><\/strong><\/p>\n<p style=\"text-align: center;\"><span style=\"font-family: helvetica, arial, sans-serif; font-size: 14pt;\">Innovatives Strukturdesign D\u00fcnne und leichte Box, einfach anzuschlie\u00dfen<\/span><\/p>\n<p style=\"text-align: center;\"><img loading=\"lazy\" decoding=\"async\" class=\"alignnone size-full wp-image-3166\" src=\"https:\/\/www.leyaled.com\/wp-content\/uploads\/2025\/11\/display-for.webp\" alt=\"\" width=\"800\" height=\"1067\" srcset=\"https:\/\/www.leyaled.com\/wp-content\/uploads\/2025\/11\/display-for.webp 800w, https:\/\/www.leyaled.com\/wp-content\/uploads\/2025\/11\/display-for-225x300.webp 225w, https:\/\/www.leyaled.com\/wp-content\/uploads\/2025\/11\/display-for-768x1024.webp 768w, https:\/\/www.leyaled.com\/wp-content\/uploads\/2025\/11\/display-for-600x800.webp 600w\" sizes=\"(max-width: 800px) 100vw, 800px\" \/><\/p>\n<p style=\"text-align: center;\"><strong><span style=\"font-family: helvetica, arial, sans-serif; font-size: 14pt;\">Anwendbare Szenen<\/span><\/strong><\/p>\n<p style=\"text-align: center;\"><span style=\"font-family: helvetica, arial, sans-serif; font-size: 14pt;\">Geeignet f\u00fcr verschiedene Industrien Konferenzr\u00e4ume, Superm\u00e4rkte, Bars, etc.<\/span><\/p>\n<p style=\"text-align: center;\"><img loading=\"lazy\" decoding=\"async\" class=\"alignnone size-full wp-image-3167\" src=\"https:\/\/www.leyaled.com\/wp-content\/uploads\/2025\/11\/display-p6.webp\" alt=\"\" width=\"800\" height=\"769\" srcset=\"https:\/\/www.leyaled.com\/wp-content\/uploads\/2025\/11\/display-p6.webp 800w, https:\/\/www.leyaled.com\/wp-content\/uploads\/2025\/11\/display-p6-300x288.webp 300w, https:\/\/www.leyaled.com\/wp-content\/uploads\/2025\/11\/display-p6-768x738.webp 768w, https:\/\/www.leyaled.com\/wp-content\/uploads\/2025\/11\/display-p6-600x577.webp 600w\" sizes=\"(max-width: 800px) 100vw, 800px\" \/><\/p>\n<p style=\"text-align: center;\"><span style=\"font-family: helvetica, arial, sans-serif; font-size: 14pt;\">Was k\u00f6nnen P6 LED-Displays sonst tun? Sie sind in der Lage, atemberaubende 3D-Effekte mit blo\u00dfem Auge f\u00fcr kommerzielle Zwecke zu liefern<\/span><\/p>\n<p style=\"text-align: center;\"><span style=\"font-family: helvetica, arial, sans-serif; font-size: 14pt;\"> Bezirke und kulturelle Sehensw\u00fcrdigkeiten, die immersive Erlebnisse ohne zus\u00e4tzliche Ausr\u00fcstung schaffen. Anpassbar in gekr\u00fcmmt,<\/span><\/p>\n<p style=\"text-align: center;\"><span style=\"font-family: helvetica, arial, sans-serif; font-size: 14pt;\"> sph\u00e4rische oder andere spezielle Formen, passen sie perfekt f\u00fcr B\u00fchnenhinterlagen, malerische Kunstinstallationen und Geb\u00e4udefassaden.<\/span><\/p>\n<p style=\"text-align: center;\"><span style=\"font-family: helvetica, arial, sans-serif; font-size: 14pt;\"> Von der Echtzeit-Informationsver\u00f6ffentlichung an Verkehrsknotenpunkten bis hin zu kommerzieller Werbung und staatlicher Werbung, ihre IP65<\/span><\/p>\n<p style=\"text-align: center;\"><span style=\"font-family: helvetica, arial, sans-serif; font-size: 14pt;\"> Schutz und hochaufl\u00f6sende Anzeige gew\u00e4hrleisten zuverl\u00e4ssige Leistung. Kontaktieren Sie uns jetzt, um weitere M\u00f6glichkeiten zu erkunden!<\/span><\/p>","protected":false},"excerpt":{"rendered":"<p>Diese P6 LED-Anzeige ist f\u00fcr Outdoor-Szenarien mit mittleren Entfernungen entwickelt, mit seinen Kernparametern und Fertigungsprozessen, die durch 14 Jahre Branchenerfahrung verfeinert wurden. Die 6 mm Pixelspitch erf\u00fcllt die Klarheitsanforderungen der kommerziellen Werbung und Informationsverbreitung, w\u00e4hrend das hohe Helligkeitsdesign (\u22656000cd\/ \u33a1)  garantiert lebendige, nicht verblasste Bilder auch unter direktem starkem Sonnenlicht. Mit der vollst\u00e4ndigen Topf- und Dichtungstechnologie erreicht es eine Schutzklasse IP65 und bietet Widerstand gegen Taifun, extreme Temperaturen, starken Regen und Salzspray f\u00fcr einen stabilen Betrieb rund um die Uhr. Mit ausgezeichneter Maskenebenheit und Produktkonsistenz sorgt der Sieb f\u00fcr minimale Splei\u00dfl\u00fccke. Die standardisierten Module erm\u00f6glichen eine schnelle Demontage und Ersatz, wodurch die sp\u00e4teren Betriebs- und Wartungskosten erheblich reduziert werden. Anpassbare Installationsoptionen (Wand-, Decke-, S\u00e4ulen) werden zur Verf\u00fcgung gestellt, um den Einsatzbedarf vor Ort verschiedener Standorte gerecht zu werden.<\/p>","protected":false},"featured_media":2944,"comment_status":"closed","ping_status":"closed","template":"","meta":[],"product_brand":[],"product_cat":[32,44],"product_tag":[],"class_list":{"0":"post-2931","1":"product","2":"type-product","3":"status-publish","4":"has-post-thumbnail","6":"product_cat-fixed-led-display","7":"product_cat-outdoor-fixed-installation","9":"first","10":"instock","11":"shipping-taxable","12":"product-type-simple"},"_links":{"self":[{"href":"https:\/\/www.leyaled.com\/de\/wp-json\/wp\/v2\/product\/2931","targetHints":{"allow":["GET"]}}],"collection":[{"href":"https:\/\/www.leyaled.com\/de\/wp-json\/wp\/v2\/product"}],"about":[{"href":"https:\/\/www.leyaled.com\/de\/wp-json\/wp\/v2\/types\/product"}],"replies":[{"embeddable":true,"href":"https:\/\/www.leyaled.com\/de\/wp-json\/wp\/v2\/comments?post=2931"}],"wp:featuredmedia":[{"embeddable":true,"href":"https:\/\/www.leyaled.com\/de\/wp-json\/wp\/v2\/media\/2944"}],"wp:attachment":[{"href":"https:\/\/www.leyaled.com\/de\/wp-json\/wp\/v2\/media?parent=2931"}],"wp:term":[{"taxonomy":"product_brand","embeddable":true,"href":"https:\/\/www.leyaled.com\/de\/wp-json\/wp\/v2\/product_brand?post=2931"},{"taxonomy":"product_cat","embeddable":true,"href":"https:\/\/www.leyaled.com\/de\/wp-json\/wp\/v2\/product_cat?post=2931"},{"taxonomy":"product_tag","embeddable":true,"href":"https:\/\/www.leyaled.com\/de\/wp-json\/wp\/v2\/product_tag?post=2931"}],"curies":[{"name":"WP","href":"https:\/\/api.w.org\/{rel}","templated":true}]}}