{"id":2901,"date":"2025-11-06T15:36:32","date_gmt":"2025-11-06T07:36:32","guid":{"rendered":"https:\/\/www.leyaled.com\/?post_type=product&#038;p=2901"},"modified":"2025-12-10T15:33:34","modified_gmt":"2025-12-10T07:33:34","slug":"die-cast-aluminum-p6","status":"publish","type":"product","link":"https:\/\/www.leyaled.com\/de\/outdoor-fixed-installation\/die-cast-aluminum-p6\/","title":{"rendered":"Druckguss Aluminium P6 zur Vermietung"},"content":{"rendered":"<h5 class=\"header-iWP5WJ auto-hide-last-sibling-br\" style=\"text-align: center;\"><span style=\"font-family: helvetica, arial, sans-serif;\"><strong><span style=\"font-size: 14pt;\">Druckguss Aluminium P6 LED-Display: Hauptmerkmale<\/span><\/strong><\/span><\/h5>\n<p style=\"text-align: center;\"><span style=\"font-family: helvetica, arial, sans-serif; font-size: 14pt;\">Das Druckguss Aluminium P6 LED Display integriert einen hochfesten Druckguss Aluminium Schrank mit einem 6mm Pixel<\/span><\/p>\n<p style=\"text-align: center;\"><span style=\"font-family: helvetica, arial, sans-serif; font-size: 14pt;\"> Pitch (P6), Mischung aus robuster Struktur und scharfer Displayleistung. Es ist eine vielseitige L\u00f6sung f\u00fcr Outdoor<\/span><\/p>\n<p style=\"text-align: center;\"><span style=\"font-family: helvetica, arial, sans-serif; font-size: 14pt;\"> Werbung, B\u00fchnenveranstaltungen, Messehallen und vieles mehr \u2013 hier ist, warum es sich abhebt:<\/span><\/p>\n<h2 class=\"header-iWP5WJ auto-hide-last-sibling-br\" style=\"text-align: center;\"><span style=\"font-family: helvetica, arial, sans-serif; font-size: 14pt;\">1. Robust, schlank &amp; amp; Einfach zu handhaben<\/span><\/h2>\n<p style=\"text-align: center;\">Mit CNC-bearbeitetem Druckguss Aluminium gefertigt, verf\u00fcgt der Schrank \u00fcber au\u00dfergew\u00f6hnliche Festigkeit<\/p>\n<p style=\"text-align: center;\">und Anti-Deformation F\u00e4higkeit, perfekt f\u00fcr den Transport im Freien und h\u00e4ufige Montage \/ Demontage.<\/p>\n<p style=\"text-align: center;\">Viel schlanker und leichter als herk\u00f6mmliche Blechschr\u00e4nke (von einer Person tragbar),<\/p>\n<p style=\"text-align: center;\">Senkung der Arbeitskosten f\u00fcr Installation und Logistik.<\/p>\n<p style=\"text-align: center;\">Unterst\u00fctzt flexible Montage: Heben, Stapeln,<\/p>\n<p style=\"text-align: center;\">oder Wandmontage \u2013 funktioniert nahtlos f\u00fcr flache oder gekr\u00fcmmte Oberfl\u00e4chen.<\/p>\n<p style=\"text-align: center;\"><span style=\"font-size: 14pt; font-family: helvetica, arial, sans-serif;\"><strong>2.Seamless Splitzen f\u00fcr immersive Ansichten<\/strong><\/span><\/p>\n<p style=\"text-align: center;\"><span style=\"font-size: 14pt; font-family: helvetica, arial, sans-serif;\">Ultrapr\u00e4zise Splei\u00dfspalt (so niedrig wie 0,1 mm) beseitigt Bildbr\u00fcche und liefert eine glatte, <\/span><\/p>\n<p style=\"text-align: center;\"><span style=\"font-size: 14pt; font-family: helvetica, arial, sans-serif;\">Vollbild-visuelles Erlebnis \u2013 keine Ablenkung mehr von L\u00fccken wie herk\u00f6mmlichen Displays.<\/span><\/p>\n<p style=\"text-align: center;\"><span style=\"font-size: 14pt; font-family: helvetica, arial, sans-serif;\">Schnellverriegelndes Design erm\u00f6glicht es Ihnen, einen Schrank in ca. 10 Sekunden einzurichten. Feinstellung beim Spleizen <\/span><\/p>\n<p style=\"text-align: center;\"><span style=\"font-size: 14pt; font-family: helvetica, arial, sans-serif;\">gew\u00e4hrleistet gleichm\u00e4\u00dfige Helligkeit und Farbe auf dem gesamten Bildschirm.<\/span><\/p>\n<p style=\"text-align: center;\"><span style=\"font-family: helvetica, arial, sans-serif; font-size: 14pt;\"><strong>3. Atemberaubende Anzeige f\u00fcr jede Umgebung<\/strong><\/span><\/p>\n<p style=\"text-align: center;\"><span style=\"font-family: helvetica, arial, sans-serif; font-size: 14pt;\">Glatte Dynamik: \u22651920Hz Aktualisierungsrate gew\u00e4hrleistet flickerfreie, wellenfreie Videos\/Animationen<\/span><\/p>\n<p style=\"text-align: center;\"><span style=\"font-family: helvetica, arial, sans-serif; font-size: 14pt;\">ideal f\u00fcr Live-Sendungen oder B\u00fchnenshows, bei denen die Klarheit auf der Kamera wichtig ist.<\/span><\/p>\n<p style=\"text-align: center;\"><span style=\"font-family: helvetica, arial, sans-serif; font-size: 14pt;\">Lebendige Farben: 16,7 Millionen volle Farben mit hoher Treue. Pixel-f\u00fcr-Pixel-Kalibrierung (bei ausgew\u00e4hlten Modellen) <\/span><\/p>\n<p style=\"text-align: center;\"><span style=\"font-family: helvetica, arial, sans-serif; font-size: 14pt;\">behebt die Farbabweichung leicht und h\u00e4lt das Bild langfristig konsistent.<\/span><\/p>\n<p style=\"text-align: center;\"><span style=\"font-family: helvetica, arial, sans-serif; font-size: 14pt;\">Licht &amp; Winkel anpassbar: Au\u00dfenmodelle bieten \u22655500 cd\/ \u33a1  Helligkeit <\/span><\/p>\n<p style=\"text-align: center;\"><span style=\"font-family: helvetica, arial, sans-serif; font-size: 14pt;\">(0-100% software-verstellbar) - klar im Sonnenlicht, keine Blendung in der Nacht.  100\u00b0-140\u00b0<\/span><\/p>\n<p style=\"text-align: center;\"><span style=\"font-family: helvetica, arial, sans-serif; font-size: 14pt;\"> weiter Blickwinkel erm\u00f6glicht es jedem, klar zu sehen, egal wo er steht.<\/span><\/p>\n<p style=\"text-align: center;\"><span style=\"font-family: helvetica, arial, sans-serif; font-size: 14pt;\"><strong>4. Langlebig &amp; Stabil f\u00fcr den 24\/7 Gebrauch<\/strong><\/span><\/p>\n<p style=\"text-align: center;\"><span style=\"font-family: helvetica, arial, sans-serif; font-size: 14pt;\">Dank eines verschlossenen Schranks mit IP65-Schutz ist es f\u00fcr Au\u00dfenbedingungen ausgelegt \u2013 das h\u00e4lt Regen fern, <\/span><\/p>\n<p style=\"text-align: center;\"><span style=\"font-family: helvetica, arial, sans-serif; font-size: 14pt;\">Staub und Feuchtigkeit, so dass Sie sich keine Sorgen \u00fcber Sch\u00e4den durch die Elemente machen m\u00fcssen. Die Leiterplatten haben auch<\/span><\/p>\n<p style=\"text-align: center;\"><span style=\"font-family: helvetica, arial, sans-serif; font-size: 14pt;\"> eine spezielle Beschichtung, die Korrosion, Statik und Feuchtigkeit bek\u00e4mpft und den Bildschirm jahrelang zuverl\u00e4ssig macht.<\/span><\/p>\n<p style=\"text-align: center;\"><span style=\"font-family: helvetica, arial, sans-serif; font-size: 14pt;\">Es bew\u00e4ltigt auch harte Temperaturen. Wir verwenden erstklassige Stromversorgungen und IC-Chips bekannter globaler Marken, <\/span><\/p>\n<p style=\"text-align: center;\"><span style=\"font-family: helvetica, arial, sans-serif; font-size: 14pt;\">so funktioniert es stetig, auch wenn es so kalt wie -10 \u00b0 C oder so hei\u00df wie 50 \u00b0 C ist.<\/span><\/p>\n<p style=\"text-align: center;\"><span style=\"font-family: helvetica, arial, sans-serif; font-size: 14pt;\">Au\u00dferdem verf\u00fcgen ausgew\u00e4hlte Modelle \u00fcber doppelte Redundanz f\u00fcr Strom und Signale. Dies bedeutet, dass eine Stromquelle oder ein Signal<\/span><\/p>\n<p style=\"text-align: center;\"><span style=\"font-family: helvetica, arial, sans-serif; font-size: 14pt;\">Der Pfad h\u00f6rt auf zu funktionieren, der andere tritt sofort ein - keine pl\u00f6tzlichen Blackouts, um Ihr Display zu ruinieren.<\/span><\/p>\n<p style=\"text-align: center;\"><span style=\"font-family: helvetica, arial, sans-serif;\"><strong>5. Niedrige Wartung, hoher Wert<\/strong><\/span><br \/>\n<span style=\"font-family: helvetica, arial, sans-serif;\">Es ist wirklich gut, k\u00fchl zu bleiben - keine \u00dcberhitzungsprobleme hier. Das Druckguss-Aluminium selbst l\u00e4sst nat\u00fcrlich W\u00e4rme entfliehen,<\/span><\/p>\n<p style=\"text-align: center;\"><span style=\"font-family: helvetica, arial, sans-serif;\"> und wenn Sie f\u00fcr das Outdoor-Modell gehen, kommt es sogar mit zus\u00e4tzlichen Fans, um zu helfen. Auf diese Weise verschlei\u00dft sich der Bildschirm nicht schnell, weil er zu hei\u00df wird.<\/span><\/p>\n<p style=\"text-align: center;\"><span style=\"font-family: helvetica, arial, sans-serif;\">Reparaturen sind auch eine Brise. Wenn etwas bricht, m\u00fcssen Sie den gesamten Schrank nicht ersetzen - tauschen Sie einfach den <\/span><\/p>\n<p style=\"text-align: center;\"><span style=\"font-family: helvetica, arial, sans-serif;\">fehlerhaftes Modul oder LED-Perle. Sie sparen viel Zeit und senken auch Reparaturkosten.<\/span><\/p>\n<p style=\"text-align: center;\"><span style=\"font-family: helvetica, arial, sans-serif;\">Und die LEDs? Sie sind gebaut, um die Entfernung zu erreichen. Sie k\u00f6nnen diesen Bildschirm 24\/7 laufen, Tag in und Tag aus, und sie werden<\/span><\/p>\n<p style=\"text-align: center;\"><span style=\"font-family: helvetica, arial, sans-serif;\"> Halten Sie sich f\u00fcr Jahre. Keine Notwendigkeit, Geld f\u00fcr h\u00e4ufige LED-Ersatze sp\u00e4ter auszugeben.<\/span><\/p>\n<p style=\"text-align: center;\"><strong><span style=\"font-family: helvetica, arial, sans-serif; font-size: 14pt;\">Hochfarbige Abdeckung<\/span><\/strong><\/p>\n<h5 class=\"header-iWP5WJ auto-hide-last-sibling-br\" style=\"text-align: center;\"><span style=\"font-family: helvetica, arial, sans-serif; font-size: 14pt;\">Pr\u00e4zise Graustufenverarbeitung<\/span><\/h5>\n<p style=\"text-align: center;\"><img fetchpriority=\"high\" decoding=\"async\" class=\"alignnone size-full wp-image-3074\" src=\"https:\/\/www.leyaled.com\/wp-content\/uploads\/2025\/10\/display-2.webp\" alt=\"\" width=\"800\" height=\"574\" srcset=\"https:\/\/www.leyaled.com\/wp-content\/uploads\/2025\/10\/display-2.webp 800w, https:\/\/www.leyaled.com\/wp-content\/uploads\/2025\/10\/display-2-300x215.webp 300w, https:\/\/www.leyaled.com\/wp-content\/uploads\/2025\/10\/display-2-768x551.webp 768w, https:\/\/www.leyaled.com\/wp-content\/uploads\/2025\/10\/display-2-600x431.webp 600w\" sizes=\"(max-width: 800px) 100vw, 800px\" \/><\/p>\n<p style=\"text-align: center;\"><strong><span style=\"font-family: helvetica, arial, sans-serif; font-size: 14pt;\">Ultra-schlanker K\u00f6rper \u00b7 HD Bild<\/span><\/strong><\/p>\n<p style=\"text-align: center;\"><span style=\"font-size: 14pt; font-family: helvetica, arial, sans-serif;\">Eleganter schwarzer Premium-K\u00f6rper, integriertes minimalistisches Design und leichte Textur. Das HD-Bild liefert <\/span><\/p>\n<p style=\"text-align: center;\"><span style=\"font-size: 14pt; font-family: helvetica, arial, sans-serif;\">genauere Farbwiedergabe f\u00fcr ein komfortableres Betrachtungserlebnis.<\/span><\/p>\n<p style=\"text-align: center;\"><img decoding=\"async\" class=\"alignnone size-full wp-image-2905\" src=\"https:\/\/www.leyaled.com\/wp-content\/uploads\/2025\/11\/ing7-2.jpg\" alt=\"\" width=\"800\" height=\"800\" srcset=\"https:\/\/www.leyaled.com\/wp-content\/uploads\/2025\/11\/ing7-2.jpg 800w, https:\/\/www.leyaled.com\/wp-content\/uploads\/2025\/11\/ing7-2-300x300.jpg 300w, https:\/\/www.leyaled.com\/wp-content\/uploads\/2025\/11\/ing7-2-150x150.jpg 150w, https:\/\/www.leyaled.com\/wp-content\/uploads\/2025\/11\/ing7-2-768x768.jpg 768w, https:\/\/www.leyaled.com\/wp-content\/uploads\/2025\/11\/ing7-2-600x600.jpg 600w, https:\/\/www.leyaled.com\/wp-content\/uploads\/2025\/11\/ing7-2-100x100.jpg 100w\" sizes=\"(max-width: 800px) 100vw, 800px\" \/><\/p>\n<p style=\"text-align: center;\"><strong><span style=\"font-family: helvetica, arial, sans-serif; font-size: 14pt;\">Unbegrenzter Komfort, intelligente Steuerung<\/span><\/strong><\/p>\n<p style=\"text-align: center;\"><span style=\"font-family: helvetica, arial, sans-serif; font-size: 14pt;\">Verbinden Sie Ihr Telefon mit dem LED-Wandbildschirm \u00fcber die mobile Verbindungsfunktion. <\/span><\/p>\n<p style=\"text-align: center;\"><span style=\"font-family: helvetica, arial, sans-serif; font-size: 14pt;\">Verbinden Sie sich einfach mit dem eingebauten WLAN, und Sie k\u00f6nnen schnell und genau nach Ihren gew\u00fcnschten Filmen und Wiedergabedateien suchen.<\/span><\/p>\n<p style=\"text-align: center;\"><img decoding=\"async\" class=\"alignnone size-full wp-image-3181\" src=\"https:\/\/www.leyaled.com\/wp-content\/uploads\/2025\/11\/display-p6-1.webp\" alt=\"\" width=\"800\" height=\"544\" srcset=\"https:\/\/www.leyaled.com\/wp-content\/uploads\/2025\/11\/display-p6-1.webp 800w, https:\/\/www.leyaled.com\/wp-content\/uploads\/2025\/11\/display-p6-1-300x204.webp 300w, https:\/\/www.leyaled.com\/wp-content\/uploads\/2025\/11\/display-p6-1-768x522.webp 768w, https:\/\/www.leyaled.com\/wp-content\/uploads\/2025\/11\/display-p6-1-600x408.webp 600w\" sizes=\"(max-width: 800px) 100vw, 800px\" \/><\/p>\n<p style=\"text-align: center;\"><span style=\"font-family: helvetica, arial, sans-serif; font-size: 14pt;\">Warum w\u00e4hlen Sie unser Druckguss Aluminium P6 LED-Display?<\/span><\/p>\n<p style=\"text-align: center;\"><span style=\"font-family: helvetica, arial, sans-serif; font-size: 14pt;\">Unterst\u00fctzt von 14 Jahren LED R &amp; amp; D und Projektumsetzung Erfahrung, bieten wir mehr als nur eine Anzeige - wir bieten eine komplette L\u00f6sung, <\/span><\/p>\n<p style=\"text-align: center;\"><span style=\"font-family: helvetica, arial, sans-serif; font-size: 14pt;\">Alles von der technischen Beratung vor dem Verkauf bis hin zum After-Sales-Support. Egal, ob Sie einen einzelnen Bildschirm oder einen gro\u00dfen Bildschirm ben\u00f6tigen<\/span><\/p>\n<p style=\"text-align: center;\"><span style=\"font-family: helvetica, arial, sans-serif; font-size: 14pt;\"> Installationsprojekt, k\u00f6nnen wir es auf Ihre spezifischen Bed\u00fcrfnisse anpassen.<\/span><\/p>\n<table style=\"border-collapse: collapse; width: 91.4098%; height: 936px;\">\n<tbody>\n<tr style=\"height: 24px;\">\n<td style=\"width: 25%; text-align: center; height: 24px;\"><strong><b>\u00a0<\/b><\/strong><\/td>\n<td style=\"width: 25%; height: 24px; text-align: center;\"><strong><b>Parametername<\/b><\/strong><\/td>\n<td style=\"width: 41.3086%; height: 24px; text-align: center;\"><strong>Produktparameter<\/strong><\/td>\n<\/tr>\n<tr style=\"height: 24px;\">\n<td style=\"width: 25%; text-align: center; height: 144px;\" rowspan=\"6\"><strong><b>Modulzusammensetzung<\/b><\/strong><\/td>\n<td style=\"width: 25%; height: 24px; text-align: center;\">Pixelstruktur<\/td>\n<td style=\"width: 41.3086%; height: 24px; text-align: center;\">SMD2727\/1921 Drei-in-einem-LED<\/td>\n<\/tr>\n<tr style=\"height: 24px;\">\n<td style=\"width: 25%; height: 24px; text-align: center;\">Pixelspitch (mm)<\/td>\n<td style=\"width: 41.3086%; height: 24px; text-align: center;\">6<\/td>\n<\/tr>\n<tr style=\"height: 24px;\">\n<td style=\"width: 25%; height: 24px; text-align: center;\">\u00a0\u00a0\u00a0\u00a0\u00a0Modulaufl\u00f6sung (W\u00d7H)<\/td>\n<td style=\"width: 41.3086%; height: 24px; text-align: center;\">\u00a032*16<\/td>\n<\/tr>\n<tr style=\"height: 24px;\">\n<td style=\"width: 25%; height: 24px; text-align: center;\">Modulabmessungen (mm)<\/td>\n<td style=\"width: 41.3086%; text-align: center; height: 24px;\">320 (W) * 160 (H)<\/td>\n<\/tr>\n<tr style=\"height: 24px;\">\n<td style=\"width: 25%; height: 24px; text-align: center;\">Modulgewicht (kg)<\/td>\n<td style=\"width: 41.3086%; text-align: center; height: 24px;\">0.42<\/td>\n<\/tr>\n<tr style=\"height: 24px;\">\n<td style=\"width: 25%; height: 24px; text-align: center;\">ModuleMax. Stromverbrauch (W)<\/td>\n<td style=\"width: 41.3086%; text-align: center; height: 24px;\">40<\/td>\n<\/tr>\n<tr style=\"height: 24px;\">\n<td style=\"width: 25%; text-align: center; height: 216px;\" rowspan=\"9\"><strong>Schrankzusammensetzung<\/strong><\/td>\n<td style=\"width: 25%; text-align: center; height: 24px;\">Schrankmodulzusammensetzung (W\u00d7H)<\/td>\n<td style=\"width: 41.3086%; text-align: center; height: 24px;\">3*6<\/td>\n<\/tr>\n<tr style=\"height: 24px;\">\n<td style=\"width: 25%; text-align: center; height: 24px;\">Schrankaufl\u00f6sung (W \u00d7 H)<\/td>\n<td style=\"width: 41.3086%; text-align: center; height: 24px;\">96*96<\/td>\n<\/tr>\n<tr style=\"height: 24px;\">\n<td style=\"width: 25%; text-align: center; height: 24px;\">Schrankma\u00dfe (mm)<\/td>\n<td style=\"width: 41.3086%; text-align: center; height: 24px;\">960 (W) \u00d7 960 (H) \u00d7 85 (D)<\/td>\n<\/tr>\n<tr style=\"height: 24px;\">\n<td style=\"width: 25%; text-align: center; height: 24px;\">Schrankfl\u00e4che (m\u00b2)<\/td>\n<td style=\"width: 41.3086%; text-align: center; height: 24px;\">0.93<\/td>\n<\/tr>\n<tr style=\"height: 24px;\">\n<td style=\"width: 25%; text-align: center; height: 24px;\">Schrankgewicht (kg)<\/td>\n<td style=\"width: 41.3086%; text-align: center; height: 24px;\">15-18<\/td>\n<\/tr>\n<tr style=\"height: 24px;\">\n<td style=\"width: 25%; text-align: center; height: 24px;\">Schrank Pixeldichte (Punkte\/m\u00b2)<\/td>\n<td style=\"width: 41.3086%; text-align: center; height: 24px;\">10000<\/td>\n<\/tr>\n<tr style=\"height: 24px;\">\n<td style=\"width: 25%; text-align: center; height: 24px;\">Schrankebenheit (mm)<\/td>\n<td style=\"width: 41.3086%; text-align: center; height: 24px;\">\u22640.1<\/td>\n<\/tr>\n<tr style=\"height: 24px;\">\n<td style=\"width: 25%; text-align: center; height: 24px;\">Wartungsmethode<\/td>\n<td style=\"width: 41.3086%; text-align: center; height: 24px;\">Hinterhaltung<\/td>\n<\/tr>\n<tr style=\"height: 24px;\">\n<td style=\"width: 25%; text-align: center; height: 24px;\">Schrankmaterial<\/td>\n<td style=\"width: 41.3086%; text-align: center; height: 24px;\">Eisen\/Aluminium\/Profil<\/td>\n<\/tr>\n<tr style=\"height: 24px;\">\n<td style=\"width: 25%; text-align: center; height: 192px;\" rowspan=\"8\"><strong>Optische Parameter<\/strong><\/td>\n<td style=\"width: 25%; text-align: center; height: 24px;\">Einzelpunkt-Helligkeitskorrektur<\/td>\n<td style=\"width: 41.3086%; text-align: center; height: 24px;\">\/<\/td>\n<\/tr>\n<tr style=\"height: 24px;\">\n<td style=\"width: 25%; text-align: center; height: 24px;\">Einpunktchromatische Korrektur<\/td>\n<td style=\"width: 41.3086%; text-align: center; height: 24px;\">\/<\/td>\n<\/tr>\n<tr style=\"height: 24px;\">\n<td style=\"width: 25%; text-align: center; height: 24px;\">Wei\u00dfbilanz Helligkeit (nits)<\/td>\n<td style=\"width: 41.3086%; text-align: center; height: 24px;\">\u22655500-7500<\/td>\n<\/tr>\n<tr style=\"height: 24px;\">\n<td style=\"width: 25%; text-align: center; height: 24px;\">Farbtemperatur (K)<\/td>\n<td style=\"width: 41.3086%; text-align: center; height: 24px;\">8000-10000<\/td>\n<\/tr>\n<tr style=\"height: 24px;\">\n<td style=\"width: 25%; text-align: center; height: 24px;\">Blickwinkel (horizontal\/vertikal \u00b0)<\/td>\n<td style=\"width: 41.3086%; text-align: center; height: 24px;\">120\/90<\/td>\n<\/tr>\n<tr style=\"height: 24px;\">\n<td style=\"width: 25%; text-align: center; height: 24px;\">LED Zentrum Abweichung<\/td>\n<td style=\"width: 41.3086%; text-align: center; height: 24px;\">&lt; 3%<\/td>\n<\/tr>\n<tr style=\"height: 24px;\">\n<td style=\"width: 25%; text-align: center; height: 24px;\">Helligkeit\/Chromatizit\u00e4t Einheitlichkeit<\/td>\n<td style=\"width: 41.3086%; text-align: center; height: 24px;\">\u226597%<\/td>\n<\/tr>\n<tr style=\"height: 24px;\">\n<td style=\"width: 25%; text-align: center; height: 24px;\">Kontrastverh\u00e4ltnis<\/td>\n<td style=\"width: 41.3086%; text-align: center; height: 24px;\">4000:1<\/td>\n<\/tr>\n<tr style=\"height: 24px;\">\n<td style=\"width: 25%; text-align: center; height: 96px;\" rowspan=\"4\"><strong>Elektrische Parameter<\/strong><strong><br \/>\n<\/strong><\/td>\n<td style=\"width: 25%; height: 24px; text-align: center;\">Spitzenleistungsverbrauch (W\/m\u00b2)<\/td>\n<td style=\"width: 41.3086%; height: 24px; text-align: center;\">850<\/td>\n<\/tr>\n<tr style=\"height: 24px;\">\n<td style=\"width: 25%; height: 24px; text-align: center;\">Durchschnittlicher Stromverbrauch (W\/m\u00b2)<\/td>\n<td style=\"width: 41.3086%; height: 24px; text-align: center;\">350<\/td>\n<\/tr>\n<tr style=\"height: 24px;\">\n<td style=\"width: 25%; height: 24px; text-align: center;\">Stromversorgungsanforderungen<\/td>\n<td style=\"width: 41.3086%; height: 24px; text-align: center;\">AC220V, Frequenz 47-63 (Hz)<\/td>\n<\/tr>\n<tr style=\"height: 24px;\">\n<td style=\"width: 25%; height: 24px; text-align: center;\">Sicherheitsstandards<\/td>\n<td style=\"width: 41.3086%; height: 24px; text-align: center;\">GB4943 \/ EN60950<\/td>\n<\/tr>\n<tr style=\"height: 24px;\">\n<td style=\"width: 25%; text-align: center; height: 168px;\" rowspan=\"7\"><strong>Verarbeitungsleistung<\/strong><br \/>\n<strong><br \/>\n<\/strong><\/td>\n<td style=\"width: 25%; text-align: center; height: 24px;\">Rahmenwechselfrequenz (Hz)<\/td>\n<td style=\"width: 41.3086%; height: 24px; text-align: center;\">50&amp; 60<\/td>\n<\/tr>\n<tr style=\"height: 24px;\">\n<td style=\"width: 25%; text-align: center; height: 24px;\">Fahrmethode<\/td>\n<td style=\"width: 41.3086%; height: 24px; text-align: center;\">Konstanter Strom Antrieb, 2 Scan<\/td>\n<\/tr>\n<tr style=\"height: 24px;\">\n<td style=\"width: 25%; text-align: center; height: 24px;\">Graustufenstufen<\/td>\n<td style=\"width: 41.3086%; height: 24px; text-align: center;\">16384<\/td>\n<\/tr>\n<tr style=\"height: 24px;\">\n<td style=\"width: 25%; text-align: center; height: 24px;\">Aktualisierungsrate (Hz)<\/td>\n<td style=\"width: 41.3086%; height: 24px; text-align: center;\">\u22653840<\/td>\n<\/tr>\n<tr style=\"height: 24px;\">\n<td style=\"width: 25%; text-align: center; height: 24px;\">Farbverarbeitung Bit Tiefe<\/td>\n<td style=\"width: 41.3086%; height: 24px; text-align: center;\">14 Bit<\/td>\n<\/tr>\n<tr style=\"height: 24px;\">\n<td style=\"width: 25%; text-align: center; height: 24px;\">Modul Eingebaute Power-Out-Speicherfunktion<\/td>\n<td style=\"width: 41.3086%; height: 24px; text-align: center;\">Speichert Helligkeit, Chromatizit\u00e4tskorrekturdaten, Modulparameter<\/td>\n<\/tr>\n<tr style=\"height: 24px;\">\n<td style=\"width: 25%; text-align: center; height: 24px;\">Video-Wiedergabe-F\u00e4higkeit<\/td>\n<td style=\"width: 41.3086%; height: 24px; text-align: center;\">2K HD, 4K Ultra HD Bilder<\/td>\n<\/tr>\n<tr style=\"height: 24px;\">\n<td style=\"width: 25%; height: 96px; text-align: center;\" rowspan=\"4\"><strong>Nutzungsparameter<\/strong><\/td>\n<td style=\"width: 25%; text-align: center; height: 24px;\">Typische Lebensdauer (Stunden)<\/td>\n<td style=\"width: 41.3086%; height: 24px; text-align: center;\">50.000H<\/td>\n<\/tr>\n<tr style=\"height: 24px;\">\n<td style=\"width: 25%; height: 24px; text-align: center;\">Betriebstemperatur\/Feuchtigkeitsbereich (\u00b0C\/RH)<\/td>\n<td style=\"width: 41.3086%; height: 24px; text-align: center;\">-10 - 40 \/ 10% -80% RH (nicht kondensierend)<\/td>\n<\/tr>\n<tr style=\"height: 24px;\">\n<td style=\"width: 25%; text-align: center; height: 24px;\">Lagertemperatur\/Feuchtigkeitsbereich (\u00b0C\/RH)<\/td>\n<td style=\"width: 41.3086%; text-align: center; height: 24px;\">-20 - 60 \/ 10% -85% RH (nicht kondensierend)<\/td>\n<\/tr>\n<tr style=\"height: 24px;\">\n<td style=\"width: 25%; text-align: center; height: 24px;\">Anwendbare Normen<\/td>\n<td style=\"width: 41.3086%; text-align: center; height: 24px;\">CCC,<\/td>\n<\/tr>\n<\/tbody>\n<\/table>\n<p style=\"text-align: center;\">","protected":false},"excerpt":{"rendered":"<p>Unser Druckguss Aluminium P6 LED-Display ist zuverl\u00e4ssig in Material und Leistung, perfekt f\u00fcr m\u00fchelose Au\u00dfenwerbung und B\u00fchnen Hintergr\u00fcnde. Sein CNC-bearbeiteter Druckguss-Aluminiumschrank ist robust, aber leichter als herk\u00f6mmliche Bleche - einfach f\u00fcr eine Person zu tragen, kompatibel mit Heben, Stapeln, Wandmontage und sogar gebogenen W\u00e4nden - spart Installations- und Logistikarbeitskosten. Es bietet ultrapr\u00e4zises Splei\u00dfen (L\u00fccken unter 0,1 mm) mit 10-Sekunden-Schnellverriegelung und feine Einstellungen f\u00fcr gleichm\u00e4\u00dfige Helligkeit \/ Farbe. Mit einer \u22651920Hz-Aktualisierungsrate f\u00fcr glatte Videos, 16,7 Millionen genaue Farben (Pixel-f\u00fcr-Pixel-Kalibrierung auf ausgew\u00e4hlten Modellen), haben Au\u00dfenversionen \u22655500cd\/ \u33a1  dimmbare Helligkeit und ein breiter Blickwinkel von 100\u00b0-140\u00b0. Outdoor-Modelle verf\u00fcgen \u00fcber IP65-Schutz, beschichtete Leiterplatten, erstklassige globale Stromversorgungen \/ ICs, stabilen 24\/7 Betrieb von -10 \u00b0 C bis 50 \u00b0 C (duale Backups bei ausgew\u00e4hlten Modellen), gute W\u00e4rmeabfuhr (Druckguss-Aluminium extra Outdoor-L\u00fcfter), einfache Reparaturen (nur fehlerhafte Module \/ Perlen ersetzt) und langlebige LEDs f\u00fcr niedrige langfristige Wartungskosten.<\/p>","protected":false},"featured_media":2910,"comment_status":"closed","ping_status":"closed","template":"","meta":[],"product_brand":[],"product_cat":[32,44,43,15],"product_tag":[],"class_list":{"0":"post-2901","1":"product","2":"type-product","3":"status-publish","4":"has-post-thumbnail","6":"product_cat-fixed-led-display","7":"product_cat-outdoor-fixed-installation","8":"product_cat-outdoor-led-display","9":"product_cat-standard-led-display","11":"first","12":"instock","13":"shipping-taxable","14":"product-type-simple"},"_links":{"self":[{"href":"https:\/\/www.leyaled.com\/de\/wp-json\/wp\/v2\/product\/2901","targetHints":{"allow":["GET"]}}],"collection":[{"href":"https:\/\/www.leyaled.com\/de\/wp-json\/wp\/v2\/product"}],"about":[{"href":"https:\/\/www.leyaled.com\/de\/wp-json\/wp\/v2\/types\/product"}],"replies":[{"embeddable":true,"href":"https:\/\/www.leyaled.com\/de\/wp-json\/wp\/v2\/comments?post=2901"}],"wp:featuredmedia":[{"embeddable":true,"href":"https:\/\/www.leyaled.com\/de\/wp-json\/wp\/v2\/media\/2910"}],"wp:attachment":[{"href":"https:\/\/www.leyaled.com\/de\/wp-json\/wp\/v2\/media?parent=2901"}],"wp:term":[{"taxonomy":"product_brand","embeddable":true,"href":"https:\/\/www.leyaled.com\/de\/wp-json\/wp\/v2\/product_brand?post=2901"},{"taxonomy":"product_cat","embeddable":true,"href":"https:\/\/www.leyaled.com\/de\/wp-json\/wp\/v2\/product_cat?post=2901"},{"taxonomy":"product_tag","embeddable":true,"href":"https:\/\/www.leyaled.com\/de\/wp-json\/wp\/v2\/product_tag?post=2901"}],"curies":[{"name":"WP","href":"https:\/\/api.w.org\/{rel}","templated":true}]}}