{"id":2892,"date":"2025-11-06T14:05:58","date_gmt":"2025-11-06T06:05:58","guid":{"rendered":"https:\/\/www.leyaled.com\/?post_type=product&#038;p=2892"},"modified":"2025-12-09T15:57:12","modified_gmt":"2025-12-09T07:57:12","slug":"aluminum-profiles-p6-67","status":"publish","type":"product","link":"https:\/\/www.leyaled.com\/de\/outdoor-special-led-screen\/aluminum-profiles-p6-67\/","title":{"rendered":"Aluminiumprofile P6.67 zur Vermietung"},"content":{"rendered":"<p style=\"text-align: center;\"><strong><span style=\"font-family: helvetica, arial, sans-serif; font-size: 14pt;\">LED-Displays sind ma\u00dfgeschneiderte Produkte. F\u00fcr eine Vollbildanpassung wenden Sie sich bitte f\u00fcr Anfragen an den Kundenservice.<\/span><\/strong><\/p>\n<p style=\"text-align: center;\"><strong><span style=\"font-family: helvetica, arial, sans-serif; font-size: 14pt;\">Au\u00dfenwerbung LED-Anzeige<\/span><\/strong><\/p>\n<p style=\"text-align: center;\"><span style=\"font-family: helvetica, arial, sans-serif;\"><strong><span style=\"font-size: 14pt;\">Leicht &amp; amp; Einfache InstallationFern<\/span><\/strong> <\/span><br \/>\n<span style=\"font-family: helvetica, arial, sans-serif;\">leichter als Stahl bei der gleichen Festigkeit reduzieren Aluminiumprofile die Gesamtbelastung von LED-Bildschirmen. Dies senkt den Druck auf<\/span><\/p>\n<p style=\"text-align: center;\"><span style=\"font-family: helvetica, arial, sans-serif;\"> Montagekonstruktionen wie W\u00e4nde und Stahlrahmen, w\u00e4hrend Transport und Montage vor Ort schneller sind \u2013 ideal <\/span><\/p>\n<p style=\"text-align: center;\"><span style=\"font-family: helvetica, arial, sans-serif;\">f\u00fcr gro\u00dfe Au\u00dfenbildschirme und Mietdisplays, die eine schnelle Einrichtung und Demontage erfordern.<\/span><\/p>\n<p style=\"text-align: center;\"><strong><span style=\"font-family: helvetica, arial, sans-serif; font-size: 14pt;\">Hohe Festigkeit &amp; Korrosionsbest\u00e4ndigkeit<\/span><\/strong><\/p>\n<p style=\"text-align: center;\"><span style=\"font-family: helvetica, arial, sans-serif; font-size: 14pt;\">Extrudiert und mit Oxidation oder Spr\u00fchbeschichtung behandelt, bieten Aluminiumprofile eine au\u00dfergew\u00f6hnliche strukturelle <\/span><\/p>\n<p style=\"text-align: center;\"><span style=\"font-family: helvetica, arial, sans-serif; font-size: 14pt;\">Stabilit\u00e4t und Verformungsbest\u00e4ndigkeit f\u00fcr langfristig zuverl\u00e4ssigen Betrieb. Mit ausgezeichneter Korrosionsschutz<\/span><\/p>\n<p style=\"text-align: center;\"><span style=\"font-family: helvetica, arial, sans-serif; font-size: 14pt;\"> und rostdichte Leistung, gedeihen sie unter rauen Au\u00dfenbedingungen wie <\/span><\/p>\n<p style=\"text-align: center;\"><span style=\"font-family: helvetica, arial, sans-serif; font-size: 14pt;\">Luftfeuchtigkeit und K\u00fcstensalzspray, die die Lebensdauer des LED-Bildschirms verl\u00e4ngert.<\/span><\/p>\n<p style=\"text-align: center;\"><strong><span style=\"font-family: helvetica, arial, sans-serif; font-size: 14pt;\">\u00dcberlegene W\u00e4rmeabfuhr<\/span><\/strong><\/p>\n<p style=\"text-align: center;\"><span style=\"font-family: helvetica, arial, sans-serif; font-size: 14pt;\">Als ausgezeichneter W\u00e4rmeleiter \u00fcbertragen Aluminiumprofile effizient W\u00e4rme, die durch LED-Module w\u00e4hrend des Betriebs erzeugt wird. <\/span><\/p>\n<p style=\"text-align: center;\"><span style=\"font-family: helvetica, arial, sans-serif; font-size: 14pt;\">Dies verhindert \u00dcberhitzungsprobleme wie tote Pixel und Bildeinfrieren und erh\u00f6ht die Laufstabilit\u00e4t des Bildschirms.<\/span><\/p>\n<p style=\"text-align: center;\"><strong><span style=\"font-family: helvetica, arial, sans-serif; font-size: 14pt;\">Standardisierte Produktion &amp; Vielseitige Kompatibilit\u00e4t<\/span><\/strong><\/p>\n<p style=\"text-align: center;\"><span style=\"font-family: helvetica, arial, sans-serif; font-size: 14pt;\">Kundenspezifische Formen k\u00f6nnen hergestellt werden, um LED-Schrankgr\u00f6\u00dfen zu entsprechen, wodurch standardisierte und Massenproduktion m\u00f6glich ist <\/span><\/p>\n<p style=\"text-align: center;\"><span style=\"font-family: helvetica, arial, sans-serif; font-size: 14pt;\">mit hoher Produktkonsistenz. Flexible f\u00fcr das Spleizen und die Anpassung, passen sie zu verschiedenen Bildschirmdesigns - von <\/span><\/p>\n<p style=\"text-align: center;\"><span style=\"font-family: helvetica, arial, sans-serif; font-size: 14pt;\">Standardrechteckige Displays zu speziell geformten gekr\u00fcmmten Bildschirmen.<\/span><\/p>\n<p style=\"text-align: center;\"><strong><span style=\"font-family: helvetica, arial, sans-serif; font-size: 14pt;\">Kosteneffektiv &amp; Niedrige Wartung<\/span><\/strong><\/p>\n<p style=\"text-align: center;\"><span style=\"font-family: helvetica, arial, sans-serif; font-size: 14pt;\">Im Vergleich zu Edelstahl und Legierungen bieten Aluminiumprofile einen besseren Wert bei Beschaffungs- und Verarbeitungskosten. <\/span><\/p>\n<p style=\"text-align: center;\"><span style=\"font-family: helvetica, arial, sans-serif; font-size: 14pt;\">Ihre langlebige Oberfl\u00e4che widersteht Sch\u00e4den und minimiert den Bedarf an h\u00e4ufiger Wartung und <\/span><\/p>\n<p style=\"text-align: center;\"><span style=\"font-family: helvetica, arial, sans-serif; font-size: 14pt;\">Senkung der Gesamtbetriebskosten f\u00fcr LED-Displays.<\/span><\/p>\n<p style=\"text-align: center;\"><strong><span style=\"font-size: 14pt; font-family: helvetica, arial, sans-serif;\">Front- und reale Wartung Hochhelligkeits-Energiesparbildschirm Dual-Votage-Versorgung<\/span><\/strong><\/p>\n<p style=\"text-align: center;\"><img fetchpriority=\"high\" decoding=\"async\" class=\"alignnone size-full wp-image-3170\" src=\"https:\/\/www.leyaled.com\/wp-content\/uploads\/2025\/11\/p6.67-display.webp\" alt=\"\" width=\"800\" height=\"556\" srcset=\"https:\/\/www.leyaled.com\/wp-content\/uploads\/2025\/11\/p6.67-display.webp 800w, https:\/\/www.leyaled.com\/wp-content\/uploads\/2025\/11\/p6.67-display-300x209.webp 300w, https:\/\/www.leyaled.com\/wp-content\/uploads\/2025\/11\/p6.67-display-768x534.webp 768w, https:\/\/www.leyaled.com\/wp-content\/uploads\/2025\/11\/p6.67-display-600x417.webp 600w\" sizes=\"(max-width: 800px) 100vw, 800px\" \/><\/p>\n<p style=\"text-align: center;\"><strong><span style=\"font-family: helvetica, arial, sans-serif; font-size: 14pt;\">Ultrahohe Aktualisierungsrate f\u00fcr klare, flimmerfreie Bilder.<\/span><\/strong><\/p>\n<p style=\"text-align: center;\"><span style=\"font-family: helvetica, arial, sans-serif; font-size: 14pt;\">Mit einer Auffrischerrate von 3840 bis 7680 Hz (viel h\u00f6her als Standard-Splei\u00dfbildschirme),<\/span><\/p>\n<p style=\"text-align: center;\"><span style=\"font-family: helvetica, arial, sans-serif; font-size: 14pt;\"> es bringt scharfere, glattere Bildleistung.<\/span><\/p>\n<p style=\"text-align: center;\"><img decoding=\"async\" class=\"alignnone size-full wp-image-3171\" src=\"https:\/\/www.leyaled.com\/wp-content\/uploads\/2025\/11\/p6.67-display-fot.webp\" alt=\"\" width=\"800\" height=\"584\" srcset=\"https:\/\/www.leyaled.com\/wp-content\/uploads\/2025\/11\/p6.67-display-fot.webp 800w, https:\/\/www.leyaled.com\/wp-content\/uploads\/2025\/11\/p6.67-display-fot-300x219.webp 300w, https:\/\/www.leyaled.com\/wp-content\/uploads\/2025\/11\/p6.67-display-fot-768x561.webp 768w, https:\/\/www.leyaled.com\/wp-content\/uploads\/2025\/11\/p6.67-display-fot-600x438.webp 600w\" sizes=\"(max-width: 800px) 100vw, 800px\" \/><\/p>\n<p style=\"text-align: center;\"><strong><span style=\"font-size: 14pt; font-family: helvetica, arial, sans-serif;\">Ultrabreites Farbgamut f\u00fcr realistische, lebendige Bilder.<\/span><\/strong><\/p>\n<p style=\"text-align: center;\"><img decoding=\"async\" class=\"alignnone size-full wp-image-3074\" src=\"https:\/\/www.leyaled.com\/wp-content\/uploads\/2025\/10\/display-2.webp\" alt=\"\" width=\"800\" height=\"574\" srcset=\"https:\/\/www.leyaled.com\/wp-content\/uploads\/2025\/10\/display-2.webp 800w, https:\/\/www.leyaled.com\/wp-content\/uploads\/2025\/10\/display-2-300x215.webp 300w, https:\/\/www.leyaled.com\/wp-content\/uploads\/2025\/10\/display-2-768x551.webp 768w, https:\/\/www.leyaled.com\/wp-content\/uploads\/2025\/10\/display-2-600x431.webp 600w\" sizes=\"(max-width: 800px) 100vw, 800px\" \/><\/p>\n<p style=\"text-align: center;\"><span style=\"font-size: 14pt;\"><strong><span style=\"font-family: helvetica, arial, sans-serif;\">Nahtloses Splitzen &amp; 4K Ultra HD: Erleben Sie die Sch\u00f6nheit des Realismus<\/span><\/strong><\/span><\/p>\n<p style=\"text-align: center;\"><span style=\"font-family: helvetica, arial, sans-serif; font-size: 14pt;\">Die nahtlose Plattenf\u00fchrung liefert scharfe, ungehinderte Bilder mit ges\u00e4ttigten Farben und Null-Bewegungsschw\u00e4rfe. <\/span><\/p>\n<p style=\"text-align: center;\"><span style=\"font-family: helvetica, arial, sans-serif; font-size: 14pt;\">Prahlen <\/span><span style=\"font-family: helvetica, arial, sans-serif; font-size: 14pt;\">4K Ultra HD-Aufl\u00f6sung bietet ein immersives und atemberaubendes Betrachtungserlebnis.<\/span><\/p>\n<p style=\"text-align: center;\"><img loading=\"lazy\" decoding=\"async\" class=\"alignnone size-full wp-image-3172\" src=\"https:\/\/www.leyaled.com\/wp-content\/uploads\/2025\/11\/display-p6.67.webp\" alt=\"\" width=\"800\" height=\"1171\" srcset=\"https:\/\/www.leyaled.com\/wp-content\/uploads\/2025\/11\/display-p6.67.webp 800w, https:\/\/www.leyaled.com\/wp-content\/uploads\/2025\/11\/display-p6.67-205x300.webp 205w, https:\/\/www.leyaled.com\/wp-content\/uploads\/2025\/11\/display-p6.67-700x1024.webp 700w, https:\/\/www.leyaled.com\/wp-content\/uploads\/2025\/11\/display-p6.67-768x1124.webp 768w, https:\/\/www.leyaled.com\/wp-content\/uploads\/2025\/11\/display-p6.67-600x878.webp 600w\" sizes=\"(max-width: 800px) 100vw, 800px\" \/><\/p>\n<p style=\"text-align: center;\">\n<p style=\"text-align: center;\"><span style=\"font-family: helvetica, arial, sans-serif; font-size: 14pt;\">Das Outdoor P6 LED Display von FWS Technology ist eine intelligente, kosteng\u00fcnstige Wahl f\u00fcr mittlere bis lange Distanz kommerzielle Setups.<\/span><\/p>\n<p style=\"text-align: center;\"><span style=\"font-family: helvetica, arial, sans-serif; font-size: 14pt;\"> Es hat eine Pixelspitch von 6 mm und etwa 27.778 Pixel pro Quadratmeter, so dass Sie scharfe, klare Bilder erhalten <\/span><\/p>\n<p style=\"text-align: center;\"><span style=\"font-family: helvetica, arial, sans-serif; font-size: 14pt;\">wenn von 6 bis 30 Metern betrachtet - total sweet spot f\u00fcr den Gebrauch im Freien.<\/span><\/p>\n<p style=\"text-align: center;\"><span style=\"font-family: helvetica, arial, sans-serif; font-size: 14pt;\">Noch besser, es kann in gekr\u00fcmmte oder Eckformen angepasst werden, perfekt mit jedem <\/span><\/p>\n<p style=\"text-align: center;\"><span style=\"font-family: helvetica, arial, sans-serif; font-size: 14pt;\">Linien des Geb\u00e4udes. Keine einfachen alten rechteckigen Bildschirme mehr \u2013 verwandeln Sie Ihre kreativen Ideen in etwas Wirkliches.<\/span><\/p>\n<p><img loading=\"lazy\" decoding=\"async\" class=\"alignnone size-full wp-image-3070 aligncenter\" src=\"https:\/\/www.leyaled.com\/wp-content\/uploads\/2025\/10\/ing-2.webp\" alt=\"\" width=\"800\" height=\"533\" srcset=\"https:\/\/www.leyaled.com\/wp-content\/uploads\/2025\/10\/ing-2.webp 800w, https:\/\/www.leyaled.com\/wp-content\/uploads\/2025\/10\/ing-2-300x200.webp 300w, https:\/\/www.leyaled.com\/wp-content\/uploads\/2025\/10\/ing-2-768x512.webp 768w, https:\/\/www.leyaled.com\/wp-content\/uploads\/2025\/10\/ing-2-600x400.webp 600w\" sizes=\"(max-width: 800px) 100vw, 800px\" \/><\/p>\n<p style=\"text-align: center;\"><strong><span style=\"font-family: helvetica, arial, sans-serif; font-size: 14pt;\">Anwendungsszenarien<\/span><\/strong><\/p>\n<p style=\"text-align: center;\"><span style=\"font-family: helvetica, arial, sans-serif; font-size: 14pt;\">Werbung &amp; Medien | Ausstellung &amp; Anzeige | Kommerzielle Anzeige | Regierung &amp; Unternehmensbild | Transport | etc.<\/span><\/p>\n<p>&nbsp;<\/p>\n<p style=\"text-align: center;\"><img loading=\"lazy\" decoding=\"async\" class=\"alignnone size-full wp-image-3065\" src=\"https:\/\/www.leyaled.com\/wp-content\/uploads\/2025\/10\/leddisplay.webp\" alt=\"\" width=\"805\" height=\"597\" srcset=\"https:\/\/www.leyaled.com\/wp-content\/uploads\/2025\/10\/leddisplay.webp 805w, https:\/\/www.leyaled.com\/wp-content\/uploads\/2025\/10\/leddisplay-300x222.webp 300w, https:\/\/www.leyaled.com\/wp-content\/uploads\/2025\/10\/leddisplay-768x570.webp 768w, https:\/\/www.leyaled.com\/wp-content\/uploads\/2025\/10\/leddisplay-600x445.webp 600w\" sizes=\"(max-width: 805px) 100vw, 805px\" \/><\/p>\n<div class=\"auto-hide-last-sibling-br paragraph-pP9ZLC paragraph-element br-paragraph-space\" style=\"text-align: center;\"><span style=\"font-family: helvetica, arial, sans-serif; font-size: 14pt;\">M\u00f6chten Sie wissen, wie leicht unsere LED-Display-Aluminiumprofile sind? Willkommen, mit uns in Verbindung zu treten!<\/span><\/div>\n<h3 class=\"header-iWP5WJ auto-hide-last-sibling-br\"><\/h3>","protected":false},"excerpt":{"rendered":"<p>Das FWS P6.67 LED Display verf\u00fcgt \u00fcber einen Premium-Aluminium-Profilrahmen. Sein leichtes Design reduziert die Montagelast erheblich und macht den Transport und die Montage vor Ort einfach. Mit ausgezeichneter Korrosionsbest\u00e4ndigkeit funktioniert es makellos auch bei rauen Au\u00dfenbedingungen wie K\u00fcstenfeuchtigkeit und extremem Sonnenlicht.<br \/>\nMit einer \u00fcberlegenen W\u00e4rmeabfuhr verhindert es \u00dcberhitzungsst\u00f6rungen und verl\u00e4ngert die Lebensdauer. Ma\u00dfgeschneiderte gekr\u00fcmmte oder Eckdesigns sind verf\u00fcgbar, um verschiedene Geb\u00e4udekonturen anzupassen und sich von den Einschr\u00e4nkungen von Standard-Rechteckschirmen zu befreien. Ideal f\u00fcr Outdoor-Werbung, kommerzielle komplexe Werbeaktionen und kulturelle Wahrzeichen, ist es eine kosteng\u00fcnstige L\u00f6sung f\u00fcr alle Ihre kommerziellen Visualisierungsbed\u00fcrfnisse.<\/p>","protected":false},"featured_media":2900,"comment_status":"closed","ping_status":"closed","template":"","meta":[],"product_brand":[],"product_cat":[49,34],"product_tag":[],"class_list":{"0":"post-2892","1":"product","2":"type-product","3":"status-publish","4":"has-post-thumbnail","6":"product_cat-outdoor-special-led-screen","7":"product_cat-special-led-screen","9":"first","10":"instock","11":"shipping-taxable","12":"product-type-simple"},"_links":{"self":[{"href":"https:\/\/www.leyaled.com\/de\/wp-json\/wp\/v2\/product\/2892","targetHints":{"allow":["GET"]}}],"collection":[{"href":"https:\/\/www.leyaled.com\/de\/wp-json\/wp\/v2\/product"}],"about":[{"href":"https:\/\/www.leyaled.com\/de\/wp-json\/wp\/v2\/types\/product"}],"replies":[{"embeddable":true,"href":"https:\/\/www.leyaled.com\/de\/wp-json\/wp\/v2\/comments?post=2892"}],"wp:featuredmedia":[{"embeddable":true,"href":"https:\/\/www.leyaled.com\/de\/wp-json\/wp\/v2\/media\/2900"}],"wp:attachment":[{"href":"https:\/\/www.leyaled.com\/de\/wp-json\/wp\/v2\/media?parent=2892"}],"wp:term":[{"taxonomy":"product_brand","embeddable":true,"href":"https:\/\/www.leyaled.com\/de\/wp-json\/wp\/v2\/product_brand?post=2892"},{"taxonomy":"product_cat","embeddable":true,"href":"https:\/\/www.leyaled.com\/de\/wp-json\/wp\/v2\/product_cat?post=2892"},{"taxonomy":"product_tag","embeddable":true,"href":"https:\/\/www.leyaled.com\/de\/wp-json\/wp\/v2\/product_tag?post=2892"}],"curies":[{"name":"WP","href":"https:\/\/api.w.org\/{rel}","templated":true}]}}