{"id":2880,"date":"2025-11-05T13:51:52","date_gmt":"2025-11-05T05:51:52","guid":{"rendered":"https:\/\/www.leyaled.com\/?post_type=product&#038;p=2880"},"modified":"2025-12-04T17:45:05","modified_gmt":"2025-12-04T09:45:05","slug":"stadium-screen","status":"publish","type":"product","link":"https:\/\/www.leyaled.com\/de\/indoor-fixed-installation\/stadium-screen\/","title":{"rendered":"Stadion Bildschirm"},"content":{"rendered":"<p style=\"text-align: center;\"><span style=\"font-family: helvetica, arial, sans-serif; font-size: 14pt;\"><strong>Aluminium Schrank &amp; Zuverl\u00e4ssiger Schutz<\/strong><\/span><br \/>\n<span style=\"font-family: helvetica, arial, sans-serif;\">Dieses Produkt verf\u00fcgt \u00fcber einen Aluminiumlegierungsschrank gepaart mit einer ma\u00dfgeschneiderten weichen Frontplatte. Dank seiner spezialisierten<\/span><\/p>\n<p style=\"text-align: center;\"><span style=\"font-family: helvetica, arial, sans-serif;\"> Herstellungsprozess, liefert es ausgezeichnete Schlagbest\u00e4ndigkeit. Dar\u00fcber hinaus verhindert die oben montierte weiche Polsterung, dass der Spieler<\/span><\/p>\n<p style=\"text-align: center;\"><span style=\"font-family: helvetica, arial, sans-serif;\"> Verletzungen bei versehentlichen Kollisionen mit dem Bildschirm auf dem Spielplatz.<\/span><\/p>\n<p style=\"text-align: center;\"><strong><span style=\"font-family: helvetica, arial, sans-serif; font-size: 14pt;\">TransparentLED Film DisplayLED<\/span><\/strong><\/p>\n<p style=\"text-align: center;\"><span style=\"font-family: helvetica, arial, sans-serif;\">High Definition Display Front und Back Wartung Installation Portabilit\u00e4t<\/span><\/p>\n<p><img fetchpriority=\"high\" decoding=\"async\" class=\"size-full wp-image-3104 aligncenter\" src=\"https:\/\/www.leyaled.com\/wp-content\/uploads\/2025\/11\/display1-3.webp\" alt=\"\" width=\"800\" height=\"595\" srcset=\"https:\/\/www.leyaled.com\/wp-content\/uploads\/2025\/11\/display1-3.webp 800w, https:\/\/www.leyaled.com\/wp-content\/uploads\/2025\/11\/display1-3-300x223.webp 300w, https:\/\/www.leyaled.com\/wp-content\/uploads\/2025\/11\/display1-3-768x571.webp 768w, https:\/\/www.leyaled.com\/wp-content\/uploads\/2025\/11\/display1-3-600x446.webp 600w\" sizes=\"(max-width: 800px) 100vw, 800px\" \/><\/p>\n<p>&nbsp;<\/p>\n<p style=\"text-align: center;\"><img decoding=\"async\" class=\"alignnone size-full wp-image-3100\" src=\"https:\/\/www.leyaled.com\/wp-content\/uploads\/2025\/11\/display-.webp\" alt=\"\" width=\"800\" height=\"595\" srcset=\"https:\/\/www.leyaled.com\/wp-content\/uploads\/2025\/11\/display-.webp 800w, https:\/\/www.leyaled.com\/wp-content\/uploads\/2025\/11\/display--300x223.webp 300w, https:\/\/www.leyaled.com\/wp-content\/uploads\/2025\/11\/display--768x571.webp 768w, https:\/\/www.leyaled.com\/wp-content\/uploads\/2025\/11\/display--600x446.webp 600w\" sizes=\"(max-width: 800px) 100vw, 800px\" \/><\/p>\n<p style=\"text-align: center;\"><img decoding=\"async\" class=\"alignnone size-full wp-image-3101\" src=\"https:\/\/www.leyaled.com\/wp-content\/uploads\/2025\/11\/display-3.webp\" alt=\"\" width=\"800\" height=\"454\" srcset=\"https:\/\/www.leyaled.com\/wp-content\/uploads\/2025\/11\/display-3.webp 800w, https:\/\/www.leyaled.com\/wp-content\/uploads\/2025\/11\/display-3-300x170.webp 300w, https:\/\/www.leyaled.com\/wp-content\/uploads\/2025\/11\/display-3-768x436.webp 768w, https:\/\/www.leyaled.com\/wp-content\/uploads\/2025\/11\/display-3-600x341.webp 600w\" sizes=\"(max-width: 800px) 100vw, 800px\" \/><\/p>\n<p style=\"text-align: center;\"><strong><span style=\"font-family: helvetica, arial, sans-serif; font-size: 14pt;\">Soft Mask Design Technologie sch\u00fctzt Athleten besser<\/span><\/strong><\/p>\n<p style=\"text-align: center;\"><span style=\"font-family: helvetica, arial, sans-serif;\">Die weiche Maske und das weiche Schutzpolster sind entworfen, um die Sicherheit des Personals zu sch\u00fctzen, auch wenn sie<\/span><\/p>\n<p style=\"text-align: center;\"><span style=\"font-family: helvetica, arial, sans-serif;\"> Schlag. Das Modul verf\u00fcgt \u00fcber einen eigenen Kalibrierungsdatenspeicher und importiert Daten beim Austausch automatisch.<\/span><\/p>\n<p style=\"text-align: center;\"><img loading=\"lazy\" decoding=\"async\" class=\"alignnone size-full wp-image-3102\" src=\"https:\/\/www.leyaled.com\/wp-content\/uploads\/2025\/11\/display1-2.webp\" alt=\"\" width=\"800\" height=\"595\" srcset=\"https:\/\/www.leyaled.com\/wp-content\/uploads\/2025\/11\/display1-2.webp 800w, https:\/\/www.leyaled.com\/wp-content\/uploads\/2025\/11\/display1-2-300x223.webp 300w, https:\/\/www.leyaled.com\/wp-content\/uploads\/2025\/11\/display1-2-768x571.webp 768w, https:\/\/www.leyaled.com\/wp-content\/uploads\/2025\/11\/display1-2-600x446.webp 600w\" sizes=\"(max-width: 800px) 100vw, 800px\" \/><\/p>\n<p style=\"text-align: center;\"><span style=\"font-family: helvetica, arial, sans-serif;\">Das Display ist wasserdicht und hat eine IP65-Bewertung, so dass es <\/span><\/p>\n<p style=\"text-align: center;\"><span style=\"font-family: helvetica, arial, sans-serif;\">Auch bei regnerischem Wetter arbeiten.<\/span><\/p>\n<p style=\"text-align: center;\"><img loading=\"lazy\" decoding=\"async\" class=\"alignnone size-full wp-image-3103\" src=\"https:\/\/www.leyaled.com\/wp-content\/uploads\/2025\/11\/display2.jpg\" alt=\"\" width=\"800\" height=\"595\" srcset=\"https:\/\/www.leyaled.com\/wp-content\/uploads\/2025\/11\/display2.jpg 800w, https:\/\/www.leyaled.com\/wp-content\/uploads\/2025\/11\/display2-300x223.jpg 300w, https:\/\/www.leyaled.com\/wp-content\/uploads\/2025\/11\/display2-768x571.jpg 768w, https:\/\/www.leyaled.com\/wp-content\/uploads\/2025\/11\/display2-600x446.jpg 600w\" sizes=\"(max-width: 800px) 100vw, 800px\" \/><\/p>\n<p style=\"text-align: center;\"><span style=\"font-family: helvetica, arial, sans-serif;\">Der hintere St\u00fctzrahmen kann auf jeden Winkel angepasst werden, so dass Benutzer k\u00f6nnen <\/span><\/p>\n<p style=\"text-align: center;\"><span style=\"font-family: helvetica, arial, sans-serif;\">Einstellen Sie den Blickwinkel des Displays, um bessere Anzeigeeffekte zu erzielen.<\/span><\/p>\n<p style=\"text-align: center;\"><img loading=\"lazy\" decoding=\"async\" class=\"alignnone size-full wp-image-3105\" src=\"https:\/\/www.leyaled.com\/wp-content\/uploads\/2025\/11\/display-4.webp\" alt=\"\" width=\"800\" height=\"595\" srcset=\"https:\/\/www.leyaled.com\/wp-content\/uploads\/2025\/11\/display-4.webp 800w, https:\/\/www.leyaled.com\/wp-content\/uploads\/2025\/11\/display-4-300x223.webp 300w, https:\/\/www.leyaled.com\/wp-content\/uploads\/2025\/11\/display-4-768x571.webp 768w, https:\/\/www.leyaled.com\/wp-content\/uploads\/2025\/11\/display-4-600x446.webp 600w\" sizes=\"(max-width: 800px) 100vw, 800px\" \/><\/p>\n<p style=\"text-align: center;\"><img loading=\"lazy\" decoding=\"async\" class=\"alignnone size-full wp-image-3106\" src=\"https:\/\/www.leyaled.com\/wp-content\/uploads\/2025\/11\/display-5.webp\" alt=\"\" width=\"800\" height=\"595\" srcset=\"https:\/\/www.leyaled.com\/wp-content\/uploads\/2025\/11\/display-5.webp 800w, https:\/\/www.leyaled.com\/wp-content\/uploads\/2025\/11\/display-5-300x223.webp 300w, https:\/\/www.leyaled.com\/wp-content\/uploads\/2025\/11\/display-5-768x571.webp 768w, https:\/\/www.leyaled.com\/wp-content\/uploads\/2025\/11\/display-5-600x446.webp 600w\" sizes=\"(max-width: 800px) 100vw, 800px\" \/><\/p>\n<p style=\"text-align: center;\"><span style=\"font-family: helvetica, arial, sans-serif;\">Der LED-Stadionbildschirm hat die Funktion des nahtlosen Splei\u00dfes, das die Gr\u00f6\u00dfenbegrenzung brechen kann<\/span><\/p>\n<p style=\"text-align: center;\"><span style=\"font-family: helvetica, arial, sans-serif;\"> von einem einzigen Bildschirm und leicht ein ultragro\u00dfes Anzeigesystem bilden, das jeden Bereich der \u200b\u200b Das Stadion.<\/span><\/p>\n<p>&nbsp;<\/p>\n<p style=\"text-align: center;\"><strong><span style=\"font-family: helvetica, arial, sans-serif; font-size: 14pt;\">Weit verbreitet<\/span><\/strong><\/p>\n<p style=\"text-align: center;\"><span style=\"font-family: helvetica, arial, sans-serif;\">Geeignet f\u00fcr Fu\u00dfballpl\u00e4tze, Basketballpl\u00e4tze und andere Sportszenen<\/span><\/p>\n<p style=\"text-align: center;\"><img loading=\"lazy\" decoding=\"async\" class=\"alignnone size-full wp-image-3111\" src=\"https:\/\/www.leyaled.com\/wp-content\/uploads\/2025\/11\/display-6.webp\" alt=\"\" width=\"800\" height=\"812\" srcset=\"https:\/\/www.leyaled.com\/wp-content\/uploads\/2025\/11\/display-6.webp 800w, https:\/\/www.leyaled.com\/wp-content\/uploads\/2025\/11\/display-6-296x300.webp 296w, https:\/\/www.leyaled.com\/wp-content\/uploads\/2025\/11\/display-6-768x780.webp 768w, https:\/\/www.leyaled.com\/wp-content\/uploads\/2025\/11\/display-6-600x609.webp 600w\" sizes=\"(max-width: 800px) 100vw, 800px\" \/><\/p>\n<p style=\"text-align: center;\"><span style=\"font-family: helvetica, arial, sans-serif; font-size: 12pt;\">Wie hoch kann die Definition von Stadion LED-Displays erreichen?<\/span><\/p>\n<p style=\"text-align: center;\"><span style=\"font-family: helvetica, arial, sans-serif;\">Die Definition von Stadion LED-Displays wird durch Aufl\u00f6sung gemessen. Die Mainstream-Modelle unterst\u00fctzen 4K-Aufl\u00f6sung, <\/span><\/p>\n<p style=\"text-align: center;\"><span style=\"font-family: helvetica, arial, sans-serif;\">w\u00e4hrend sich die mitterhangigen Displays in High-End-Veranstaltungsorten in Richtung 8K entwickeln. Top-Tier-Turnier-Displays: Single-Panel-Aufl\u00f6sung<\/span><\/p>\n<p style=\"text-align: center;\"><span style=\"font-family: helvetica, arial, sans-serif;\"> kann 3000\u00d71700 Pixel \u00fcberschreiten, kompatibel mit 4K-Signaleingang.<\/span><\/p>\n<p style=\"text-align: center;\"><span style=\"font-family: helvetica, arial, sans-serif;\">FIFA-Standard-Displays: Hochaufl\u00f6sung wird durch Schranksplicing erreicht und erf\u00fcllt die Anforderungen an Score-Anzeige und Wiedergabe<\/span><\/p>","protected":false},"excerpt":{"rendered":"<p>Stadion LED-Displays bieten mehrere herausragende Vorteile: Helligkeit von 5000 bis 10000 nits, die auch bei hellem Au\u00dfenlicht eine klare Sichtbarkeit gew\u00e4hrleistet; Erfrischungsraten von 1920Hz oder h\u00f6her eliminieren effektiv Bewegungsschw\u00e4rfe und Ghosting und erfassen schnell bewegende Aktionen genau; ein breiter Betrachtungswinkel von ca. 160\u00b0 sorgt f\u00fcr ein \u00fcberlegenes Betrachtungserlebnis f\u00fcr Zuschauer in verschiedenen Positionen; ausgezeichnete Schutzleistung, die im Allgemeinen IP65 oder h\u00f6here Schutzwerte erreicht, wodurch sie wasserdicht, staubdicht und an verschiedene raue Au\u00dfenumgebungen anpassbar sind; Einige Produkte verf\u00fcgen sogar \u00fcber schlagfeste Silikon-Gesichtsschilde, um vor versehentlichen Einf\u00e4llen von Spielern zu sch\u00fctzen; Der stabile und zuverl\u00e4ssige Betrieb wird durch hochwertige Oberfl\u00e4chenmontage-LEDs, ausgezeichnetes Leiterplattendesign und Dual-Signal-, Dual-Stromversorgungsl\u00f6sungen garantiert. Als eine g\u00e4ngige Art von peripheren LED-Display, die am Stadionrand installiert ist, zeigt es nicht nur Echtzeitinformationen wie Ergebnisse, Restzeit und Fouls an, sondern dient auch als wichtiges Werbemedium und unterstreicht seinen praktischen Wert weiter.<\/p>","protected":false},"featured_media":2889,"comment_status":"closed","ping_status":"closed","template":"","meta":[],"product_brand":[],"product_cat":[32,45],"product_tag":[],"class_list":{"0":"post-2880","1":"product","2":"type-product","3":"status-publish","4":"has-post-thumbnail","6":"product_cat-fixed-led-display","7":"product_cat-indoor-fixed-installation","9":"first","10":"instock","11":"shipping-taxable","12":"product-type-simple"},"_links":{"self":[{"href":"https:\/\/www.leyaled.com\/de\/wp-json\/wp\/v2\/product\/2880","targetHints":{"allow":["GET"]}}],"collection":[{"href":"https:\/\/www.leyaled.com\/de\/wp-json\/wp\/v2\/product"}],"about":[{"href":"https:\/\/www.leyaled.com\/de\/wp-json\/wp\/v2\/types\/product"}],"replies":[{"embeddable":true,"href":"https:\/\/www.leyaled.com\/de\/wp-json\/wp\/v2\/comments?post=2880"}],"wp:featuredmedia":[{"embeddable":true,"href":"https:\/\/www.leyaled.com\/de\/wp-json\/wp\/v2\/media\/2889"}],"wp:attachment":[{"href":"https:\/\/www.leyaled.com\/de\/wp-json\/wp\/v2\/media?parent=2880"}],"wp:term":[{"taxonomy":"product_brand","embeddable":true,"href":"https:\/\/www.leyaled.com\/de\/wp-json\/wp\/v2\/product_brand?post=2880"},{"taxonomy":"product_cat","embeddable":true,"href":"https:\/\/www.leyaled.com\/de\/wp-json\/wp\/v2\/product_cat?post=2880"},{"taxonomy":"product_tag","embeddable":true,"href":"https:\/\/www.leyaled.com\/de\/wp-json\/wp\/v2\/product_tag?post=2880"}],"curies":[{"name":"WP","href":"https:\/\/api.w.org\/{rel}","templated":true}]}}