{"id":2797,"date":"2025-10-31T14:28:32","date_gmt":"2025-10-31T06:28:32","guid":{"rendered":"https:\/\/www.leyaled.com\/?post_type=product&#038;p=2797"},"modified":"2025-12-08T11:08:52","modified_gmt":"2025-12-08T03:08:52","slug":"flexible-screen-p3-91","status":"publish","type":"product","link":"https:\/\/www.leyaled.com\/de\/outdoor-flexible-display\/flexible-screen-p3-91\/","title":{"rendered":"LED flexibler Bildschirm"},"content":{"rendered":"<p style=\"text-align: center;\"><span style=\"font-family: helvetica, arial, sans-serif; font-size: 14pt;\"><strong>Flexible &amp; biegbar:<\/strong> Multi-Winkel-Falten\/Curling \u2013 ideal f\u00fcr gekr\u00fcmmte B\u00fchnen, Bogenfassaden &amp; spezielle Installationen<\/span><\/p>\n<p style=\"text-align: center;\"><span style=\"font-family: helvetica, arial, sans-serif; font-size: 14pt;\"><strong>Ultrad\u00fcnn &amp; tragbar:<\/strong> 30% leichter als starre Displays, 2-5 mm d\u00fcnn \u2013 leicht zu transportieren\/zu installieren<\/span><\/p>\n<p style=\"text-align: center;\"><span style=\"font-family: helvetica, arial, sans-serif; font-size: 14pt;\"><strong>Nahtloses Splei\u00dfen:<\/strong> &lt; 0,5 mm L\u00fccken, glatte ununterbrochene Betrachtung<\/span><\/p>\n<p style=\"text-align: center;\"><span style=\"font-family: helvetica, arial, sans-serif; font-size: 14pt;\"><strong>Hart &amp; langlebig:<\/strong> Flexible Verpackung, widerstandsf\u00e4hig gegen Schlag\/Zerst\u00f6rung \u2013 bew\u00e4ltigt raue Au\u00dfenbedingungen<\/span><\/p>\n<p style=\"text-align: center;\"><span style=\"font-family: helvetica, arial, sans-serif; font-size: 14pt;\"><strong>Anpassbare Formen:<\/strong> Gebogen, wellig, kugelf\u00f6rmig &amp; andere kreative Designs f\u00fcr einzigartige Bed\u00fcrfnisse<\/span><\/p>\n<p style=\"text-align: center;\"><span style=\"font-family: helvetica, arial, sans-serif; font-size: 14pt;\"><strong>Energieeinsparung: 1<\/strong>5-20% weniger Leistung im Vergleich zu herk\u00f6mmlichen Displays \u2013 smart f\u00fcr langfristige Nutzung<\/span><\/p>\n<p style=\"text-align: center;\"><span style=\"font-family: helvetica, arial, sans-serif; font-size: 14pt;\"><strong>Tolle Bildqualit\u00e4t:<\/strong> Hohe Aufl\u00f6sung, scharfer Kontrast, breite Blickwinkel &amp; genaue Farben<\/span><\/p>\n<p style=\"text-align: center;\"><strong><span style=\"font-family: helvetica, arial, sans-serif; font-size: 14pt;\">Beliebliches Biegen, Ultrabreiter Betrachtungswinkel, Ultrad\u00fcnn und ultraleicht<\/span><\/strong><\/p>\n<p style=\"text-align: center;\"><img fetchpriority=\"high\" decoding=\"async\" class=\"alignnone size-full wp-image-3081\" src=\"https:\/\/www.leyaled.com\/wp-content\/uploads\/2025\/10\/disp5.webp\" alt=\"\" width=\"800\" height=\"800\" srcset=\"https:\/\/www.leyaled.com\/wp-content\/uploads\/2025\/10\/disp5.webp 800w, https:\/\/www.leyaled.com\/wp-content\/uploads\/2025\/10\/disp5-300x300.webp 300w, https:\/\/www.leyaled.com\/wp-content\/uploads\/2025\/10\/disp5-150x150.webp 150w, https:\/\/www.leyaled.com\/wp-content\/uploads\/2025\/10\/disp5-768x768.webp 768w, https:\/\/www.leyaled.com\/wp-content\/uploads\/2025\/10\/disp5-600x600.webp 600w, https:\/\/www.leyaled.com\/wp-content\/uploads\/2025\/10\/disp5-100x100.webp 100w\" sizes=\"(max-width: 800px) 100vw, 800px\" \/><\/p>\n<p><img decoding=\"async\" class=\"size-full wp-image-3083 aligncenter\" src=\"https:\/\/www.leyaled.com\/wp-content\/uploads\/2025\/10\/display6.webp\" alt=\"\" width=\"800\" height=\"83\" srcset=\"https:\/\/www.leyaled.com\/wp-content\/uploads\/2025\/10\/display6.webp 800w, https:\/\/www.leyaled.com\/wp-content\/uploads\/2025\/10\/display6-300x31.webp 300w, https:\/\/www.leyaled.com\/wp-content\/uploads\/2025\/10\/display6-768x80.webp 768w, https:\/\/www.leyaled.com\/wp-content\/uploads\/2025\/10\/display6-600x62.webp 600w\" sizes=\"(max-width: 800px) 100vw, 800px\" \/><\/p>\n<p style=\"text-align: center;\"><span style=\"font-family: helvetica, arial, sans-serif;\">nahtloses Splei\u00dfen hohe Flexibilit\u00e4t freies Biegen<\/span><\/p>\n<p>&nbsp;<\/p>\n<p style=\"text-align: center;\"><img decoding=\"async\" class=\"alignnone size-full wp-image-3082\" src=\"https:\/\/www.leyaled.com\/wp-content\/uploads\/2025\/10\/display7.webp\" alt=\"\" width=\"800\" height=\"83\" srcset=\"https:\/\/www.leyaled.com\/wp-content\/uploads\/2025\/10\/display7.webp 800w, https:\/\/www.leyaled.com\/wp-content\/uploads\/2025\/10\/display7-300x31.webp 300w, https:\/\/www.leyaled.com\/wp-content\/uploads\/2025\/10\/display7-768x80.webp 768w, https:\/\/www.leyaled.com\/wp-content\/uploads\/2025\/10\/display7-600x62.webp 600w\" sizes=\"(max-width: 800px) 100vw, 800px\" \/><\/p>\n<p style=\"text-align: center;\"><span style=\"font-family: helvetica, arial, sans-serif;\">ultrabreiter Blickwinkel Schlank Design hohe Refresh-Rate<\/span><\/p>\n<p style=\"text-align: center;\"><span style=\"font-size: 14pt;\"><strong><span style=\"font-family: helvetica, arial, sans-serif;\">hohe Flexibilit\u00e4t<\/span><\/strong><\/span><\/p>\n<p style=\"text-align: center;\"><span style=\"font-size: 14pt; font-family: helvetica, arial, sans-serif;\">Flexibeler LED-Bildschirm kann f\u00fcr geformte Gelegenheiten konzipiert werden<\/span><\/p>\n<p style=\"text-align: center;\"><img loading=\"lazy\" decoding=\"async\" class=\"alignnone size-full wp-image-3084\" src=\"https:\/\/www.leyaled.com\/wp-content\/uploads\/2025\/10\/display5.webp\" alt=\"\" width=\"800\" height=\"270\" srcset=\"https:\/\/www.leyaled.com\/wp-content\/uploads\/2025\/10\/display5.webp 800w, https:\/\/www.leyaled.com\/wp-content\/uploads\/2025\/10\/display5-300x101.webp 300w, https:\/\/www.leyaled.com\/wp-content\/uploads\/2025\/10\/display5-768x259.webp 768w, https:\/\/www.leyaled.com\/wp-content\/uploads\/2025\/10\/display5-600x203.webp 600w\" sizes=\"(max-width: 800px) 100vw, 800px\" \/><\/p>\n<p style=\"text-align: center;\"><strong><span style=\"font-size: 14pt;\"><span style=\"font-family: helvetica, arial, sans-serif;\">Freiheit zur Form<\/span><\/span><\/strong><\/p>\n<p style=\"text-align: center;\"><span style=\"font-family: helvetica, arial, sans-serif; font-size: 14pt;\">Geeignet f\u00fcr alle gro\u00dfen R\u00e4ume, Bildschirmstil freie Formgebung<\/span><\/p>\n<p>&nbsp;<\/p>\n<p style=\"text-align: center;\"><img loading=\"lazy\" decoding=\"async\" class=\"alignnone size-full wp-image-3086\" src=\"https:\/\/www.leyaled.com\/wp-content\/uploads\/2025\/10\/display6-1.webp\" alt=\"\" width=\"800\" height=\"384\" srcset=\"https:\/\/www.leyaled.com\/wp-content\/uploads\/2025\/10\/display6-1.webp 800w, https:\/\/www.leyaled.com\/wp-content\/uploads\/2025\/10\/display6-1-300x144.webp 300w, https:\/\/www.leyaled.com\/wp-content\/uploads\/2025\/10\/display6-1-768x369.webp 768w, https:\/\/www.leyaled.com\/wp-content\/uploads\/2025\/10\/display6-1-600x288.webp 600w\" sizes=\"(max-width: 800px) 100vw, 800px\" \/><\/p>\n<p style=\"text-align: center;\"><span style=\"font-family: helvetica, arial, sans-serif;\">zylindrischer Stil Standard Form<\/span><\/p>\n<p style=\"text-align: center;\"><img loading=\"lazy\" decoding=\"async\" class=\"alignnone size-full wp-image-3085\" src=\"https:\/\/www.leyaled.com\/wp-content\/uploads\/2025\/10\/display7-1.webp\" alt=\"\" width=\"800\" height=\"387\" srcset=\"https:\/\/www.leyaled.com\/wp-content\/uploads\/2025\/10\/display7-1.webp 800w, https:\/\/www.leyaled.com\/wp-content\/uploads\/2025\/10\/display7-1-300x145.webp 300w, https:\/\/www.leyaled.com\/wp-content\/uploads\/2025\/10\/display7-1-768x372.webp 768w, https:\/\/www.leyaled.com\/wp-content\/uploads\/2025\/10\/display7-1-600x290.webp 600w\" sizes=\"(max-width: 800px) 100vw, 800px\" \/><\/p>\n<p style=\"text-align: center;\"><span style=\"font-family: helvetica, arial, sans-serif;\">Verkehrskreis Stil Tunnel Bogen<\/span><\/p>\n<p style=\"text-align: center;\"><span style=\"font-family: helvetica, arial, sans-serif; font-size: 14pt;\">Aktualisierungsrate bis 3840Hz, klareres Bild, keine Notwendigkeit, die Linie zu fegen<\/span><\/p>\n<p style=\"text-align: center;\"><img loading=\"lazy\" decoding=\"async\" class=\"alignnone size-full wp-image-3088\" src=\"https:\/\/www.leyaled.com\/wp-content\/uploads\/2025\/10\/display8.webp\" alt=\"\" width=\"800\" height=\"248\" srcset=\"https:\/\/www.leyaled.com\/wp-content\/uploads\/2025\/10\/display8.webp 800w, https:\/\/www.leyaled.com\/wp-content\/uploads\/2025\/10\/display8-300x93.webp 300w, https:\/\/www.leyaled.com\/wp-content\/uploads\/2025\/10\/display8-768x238.webp 768w, https:\/\/www.leyaled.com\/wp-content\/uploads\/2025\/10\/display8-600x186.webp 600w\" sizes=\"(max-width: 800px) 100vw, 800px\" \/><\/p>\n<p style=\"text-align: center;\"><span style=\"font-family: helvetica, arial, sans-serif;\">\u00a0 \u00a0 \u00a0 \u00a0 Hohe Aktualisierungsrate Niedrige Aktualisierungsrate\u00a0 \u00a0 \u00a0 \u00a0 \u00a0 \u00a0 \u00a0 \u00a0 \u00a0 \u00a0<\/span><\/p>\n<p style=\"text-align: center;\"><strong><span style=\"font-family: helvetica, arial, sans-serif; font-size: 14pt;\">Alterungstest<\/span><\/strong><\/p>\n<p style=\"text-align: center;\"><img loading=\"lazy\" decoding=\"async\" class=\"alignnone size-full wp-image-3087\" src=\"https:\/\/www.leyaled.com\/wp-content\/uploads\/2025\/10\/display1-1.webp\" alt=\"\" width=\"800\" height=\"684\" srcset=\"https:\/\/www.leyaled.com\/wp-content\/uploads\/2025\/10\/display1-1.webp 800w, https:\/\/www.leyaled.com\/wp-content\/uploads\/2025\/10\/display1-1-300x257.webp 300w, https:\/\/www.leyaled.com\/wp-content\/uploads\/2025\/10\/display1-1-768x657.webp 768w, https:\/\/www.leyaled.com\/wp-content\/uploads\/2025\/10\/display1-1-600x513.webp 600w\" sizes=\"(max-width: 800px) 100vw, 800px\" \/><\/p>\n<p style=\"text-align: center;\"><span style=\"font-family: helvetica, arial, sans-serif; font-size: 14pt;\">M\u00f6chten Sie mehr \u00fcber andere unregelm\u00e4\u00dfig geformte Displays erfahren? F\u00fchlen Sie sich frei, uns zu kontaktieren.<\/span><\/p>","protected":false},"excerpt":{"rendered":"<p>Flexible Bildschirme sind echte Spielwechsler in der Display-Technologie - sie sch\u00fctteln die starren Grenzen herk\u00f6mmlicher Bildschirme ab, die um flexible Substrate und D\u00fcnnschichtelektronik f\u00fcr erstaunliche Biegbarkeit und Formbarkeit gebaut sind. Mit flexiblen Polyimidsubstraten, OLED-D\u00fcnnschichtger\u00e4ten und kompatiblen Treiberschaltungen leisten sie zuverl\u00e4ssig. Mit Pr\u00e4zision gefertigt, sind sie leicht, widerstandsf\u00e4hig, energiesparend, ber\u00fchrungsempfindlich und kommen in endlosen Formen. Von Smartphones und Wearables \u00fcber E-Reader, Autodisplays, Einzelhandelsr\u00e4ume und B\u00fchnenaufbau \u2013 sie ver\u00e4ndern die Art und Weise, wie wir Bildschirme verwenden.<\/p>","protected":false},"featured_media":2816,"comment_status":"closed","ping_status":"closed","template":"","meta":[],"product_brand":[],"product_cat":[33,47],"product_tag":[],"class_list":{"0":"post-2797","1":"product","2":"type-product","3":"status-publish","4":"has-post-thumbnail","6":"product_cat-flexible-display","7":"product_cat-outdoor-flexible-display","9":"first","10":"instock","11":"shipping-taxable","12":"product-type-simple"},"_links":{"self":[{"href":"https:\/\/www.leyaled.com\/de\/wp-json\/wp\/v2\/product\/2797","targetHints":{"allow":["GET"]}}],"collection":[{"href":"https:\/\/www.leyaled.com\/de\/wp-json\/wp\/v2\/product"}],"about":[{"href":"https:\/\/www.leyaled.com\/de\/wp-json\/wp\/v2\/types\/product"}],"replies":[{"embeddable":true,"href":"https:\/\/www.leyaled.com\/de\/wp-json\/wp\/v2\/comments?post=2797"}],"wp:featuredmedia":[{"embeddable":true,"href":"https:\/\/www.leyaled.com\/de\/wp-json\/wp\/v2\/media\/2816"}],"wp:attachment":[{"href":"https:\/\/www.leyaled.com\/de\/wp-json\/wp\/v2\/media?parent=2797"}],"wp:term":[{"taxonomy":"product_brand","embeddable":true,"href":"https:\/\/www.leyaled.com\/de\/wp-json\/wp\/v2\/product_brand?post=2797"},{"taxonomy":"product_cat","embeddable":true,"href":"https:\/\/www.leyaled.com\/de\/wp-json\/wp\/v2\/product_cat?post=2797"},{"taxonomy":"product_tag","embeddable":true,"href":"https:\/\/www.leyaled.com\/de\/wp-json\/wp\/v2\/product_tag?post=2797"}],"curies":[{"name":"WP","href":"https:\/\/api.w.org\/{rel}","templated":true}]}}