{"id":2173,"date":"2025-10-09T17:01:36","date_gmt":"2025-10-09T09:01:36","guid":{"rendered":"https:\/\/www.leyaled.com\/?post_type=product&#038;p=2173"},"modified":"2025-12-08T11:09:58","modified_gmt":"2025-12-08T03:09:58","slug":"profile-body","status":"publish","type":"product","link":"https:\/\/www.leyaled.com\/de\/indoor-led-display\/profile-body\/","title":{"rendered":"Profil Aluminium LED-Anzeige"},"content":{"rendered":"<p style=\"text-align: center;\"><span style=\"font-family: helvetica, arial, sans-serif;\"><strong>Leichtes Design: <\/strong>Annahme Profil-Aluminium-Rahmen-Design, was den Bildschirmk\u00f6rper <\/span><\/p>\n<p style=\"text-align: center;\"><span style=\"font-family: helvetica, arial, sans-serif;\">schlank und leicht; spart Platz und Kosten und ist einfach zu tragen und zu installieren<\/span><\/p>\n<p style=\"text-align: center;\"><span style=\"font-family: helvetica, arial, sans-serif;\"><strong>Wartungsunterst\u00fctzung vorne\/hinten:<\/strong> Das Produkt unterst\u00fctzt die Wartung vor und hinten, <\/span><\/p>\n<p style=\"text-align: center;\"><span style=\"font-family: helvetica, arial, sans-serif;\">Einsparung von Geb\u00e4udefl\u00e4che und Kosten; verbessert die Installationseffizienz.<\/span><\/p>\n<p style=\"text-align: center;\"><span style=\"font-family: helvetica, arial, sans-serif;\"><strong>Umweltfreundlich\/hohe Helligkeit\/hohe Energieeffizienz:<\/strong> Ausgestattet mit spannungsgeteilter Stromversorgung <\/span><\/p>\n<p style=\"text-align: center;\"><span style=\"font-family: helvetica, arial, sans-serif;\">Design mit einem maximalen durchschnittlichen Stromverbrauch von nur 200W; Eigenschaften hohe Helligkeit <\/span><\/p>\n<p style=\"text-align: center;\"><span style=\"font-family: helvetica, arial, sans-serif;\">von \u00fcber 6500 nits, die Umweltfreundlichkeit und Energieeffizienz erreichen.<\/span><\/p>\n<p style=\"text-align: center;\"><span style=\"font-family: helvetica, arial, sans-serif;\"><strong>Einfache Installation:<\/strong> Der Schrank kann gestapelt oder aufgehoben werden, was eine bequeme und schnelle Installation und Demontage erm\u00f6glicht.<\/span><\/p>\n<p style=\"text-align: center;\"><span style=\"font-family: helvetica, arial, sans-serif;\"><strong>Ultrabreiter Blickwinkel\/Bare-Eye 3D:<\/strong> Es verf\u00fcgt \u00fcber einen ultraweiten Blickwinkel von 140\u00b0 (H\/V);<\/span><\/p>\n<p style=\"text-align: center;\"><span style=\"font-family: helvetica, arial, sans-serif;\"> unterst\u00fctzt rechten Winkel und gebogenen Splei\u00dfen, leicht zu erkennen, blo\u00dfes Auge 3D-Effekt.<\/span><\/p>\n<p style=\"text-align: center;\"><span style=\"font-family: helvetica, arial, sans-serif;\"><strong>Hoher Kontrast &amp; Lebhafte Farben:<\/strong> Liefert helle, zarte und reiche Farben mit einem hohen Kontrastverh\u00e4ltnis von bis zu 9500:1,<\/span><\/p>\n<p style=\"text-align: center;\"><span style=\"font-family: helvetica, arial, sans-serif;\"> dank des High-Visier-Maskendesigns, das eine ausgezeichnete Farbkonsistenz der Tinte gew\u00e4hrleistet; Das Bild ist klar <\/span><\/p>\n<p style=\"text-align: center;\"><span style=\"font-family: helvetica, arial, sans-serif;\">und nat\u00fcrlich, bringt Ihnen ein lebendiges und scharfes Seherlebnis.<\/span><\/p>\n<p style=\"text-align: center;\"><span style=\"font-family: helvetica, arial, sans-serif;\"><strong>Hohes Schutzniveau\/Stabil &amp; Zuverl\u00e4ssig:<\/strong> Hergestellt aus hochfestem Anti-Aging-Stoff mit IP65 Schutz; Druckguss <\/span><\/p>\n<p style=\"text-align: center;\"><span style=\"font-family: helvetica, arial, sans-serif;\">Aluminium Bodengeh\u00e4use mit hoher W\u00e4rmeabfuhr Rippe Design sorgt f\u00fcr ausgezeichnete<\/span><\/p>\n<p style=\"text-align: center;\"><span style=\"font-family: helvetica, arial, sans-serif;\"> W\u00e4rmeabfuhrleistung und verl\u00e4ngert die Lebensdauer des Bildschirmk\u00f6rpers.<\/span><\/p>\n<p><img fetchpriority=\"high\" decoding=\"async\" class=\"size-full wp-image-3071 aligncenter\" src=\"https:\/\/www.leyaled.com\/wp-content\/uploads\/2025\/10\/ing3.webp\" alt=\"\" width=\"800\" height=\"654\" srcset=\"https:\/\/www.leyaled.com\/wp-content\/uploads\/2025\/10\/ing3.webp 800w, https:\/\/www.leyaled.com\/wp-content\/uploads\/2025\/10\/ing3-300x245.webp 300w, https:\/\/www.leyaled.com\/wp-content\/uploads\/2025\/10\/ing3-768x628.webp 768w, https:\/\/www.leyaled.com\/wp-content\/uploads\/2025\/10\/ing3-600x491.webp 600w\" sizes=\"(max-width: 800px) 100vw, 800px\" \/><\/p>\n<p><img decoding=\"async\" class=\"size-full wp-image-3070 aligncenter\" src=\"https:\/\/www.leyaled.com\/wp-content\/uploads\/2025\/10\/ing-2.webp\" alt=\"\" width=\"800\" height=\"533\" srcset=\"https:\/\/www.leyaled.com\/wp-content\/uploads\/2025\/10\/ing-2.webp 800w, https:\/\/www.leyaled.com\/wp-content\/uploads\/2025\/10\/ing-2-300x200.webp 300w, https:\/\/www.leyaled.com\/wp-content\/uploads\/2025\/10\/ing-2-768x512.webp 768w, https:\/\/www.leyaled.com\/wp-content\/uploads\/2025\/10\/ing-2-600x400.webp 600w\" sizes=\"(max-width: 800px) 100vw, 800px\" \/> <img decoding=\"async\" class=\"size-full wp-image-3072 aligncenter\" src=\"https:\/\/www.leyaled.com\/wp-content\/uploads\/2025\/10\/ing5.webp\" alt=\"\" width=\"800\" height=\"648\" srcset=\"https:\/\/www.leyaled.com\/wp-content\/uploads\/2025\/10\/ing5.webp 800w, https:\/\/www.leyaled.com\/wp-content\/uploads\/2025\/10\/ing5-300x243.webp 300w, https:\/\/www.leyaled.com\/wp-content\/uploads\/2025\/10\/ing5-768x622.webp 768w, https:\/\/www.leyaled.com\/wp-content\/uploads\/2025\/10\/ing5-600x486.webp 600w\" sizes=\"(max-width: 800px) 100vw, 800px\" \/><\/p>\n<p style=\"text-align: center;\"><span style=\"font-family: helvetica, arial, sans-serif; font-size: 14pt;\">Hohe Helligkeit und geringe graue Technologie f\u00fcr klarere Details<\/span><\/p>\n<p style=\"text-align: center;\"><span style=\"font-family: helvetica, arial, sans-serif; font-size: 14pt;\">Die Helligkeit kann entsprechend der<\/span><\/p>\n<p style=\"text-align: center;\"><span style=\"font-family: helvetica, arial, sans-serif; font-size: 14pt;\"> Umgebung (100-550nit) ohne Verlust von Graustufen und Bildqualit\u00e4t.<\/span><\/p>\n<p style=\"text-align: center;\"><span style=\"font-family: helvetica, arial, sans-serif; font-size: 14pt;\">Hohe Aktualisierungsrate: 3840H<\/span><\/p>\n<p style=\"text-align: center;\"><img loading=\"lazy\" decoding=\"async\" class=\"alignnone size-full wp-image-3075\" src=\"https:\/\/www.leyaled.com\/wp-content\/uploads\/2025\/10\/display-3.webp\" alt=\"\" width=\"800\" height=\"648\" srcset=\"https:\/\/www.leyaled.com\/wp-content\/uploads\/2025\/10\/display-3.webp 800w, https:\/\/www.leyaled.com\/wp-content\/uploads\/2025\/10\/display-3-300x243.webp 300w, https:\/\/www.leyaled.com\/wp-content\/uploads\/2025\/10\/display-3-768x622.webp 768w, https:\/\/www.leyaled.com\/wp-content\/uploads\/2025\/10\/display-3-600x486.webp 600w\" sizes=\"(max-width: 800px) 100vw, 800px\" \/><\/p>\n<p style=\"text-align: center;\"><span style=\"font-family: helvetica, arial, sans-serif;\">\u00a0 \u00a0 \u00a0 Niedrige Helligkeit &amp; &amp; niedrige Grauskala Hohe Helligkeit &amp; niedrige Grauskala\u00a0<\/span><\/p>\n<p style=\"text-align: center;\"><span style=\"font-family: helvetica, arial, sans-serif;\">\u00a0 \u00a0 Bedeutender Verlust von Dunkelbereichsdetails Minimaler Verlust von Dunkelbereichsdetails<\/span><\/p>\n<p>&nbsp;<\/p>\n<p style=\"text-align: center;\"><span style=\"font-family: helvetica, arial, sans-serif; font-size: 14pt;\">Wartung vorne und hinten<\/span><\/p>\n<p style=\"text-align: center;\"><span style=\"font-family: helvetica, arial, sans-serif; font-size: 14pt;\">Schnelle Montage, Demontage und Wartung von Power Box und Modul Vollst\u00e4ndig versiegeltes Modul,<\/span><\/p>\n<p style=\"text-align: center;\"><span style=\"font-family: helvetica, arial, sans-serif; font-size: 14pt;\"> Unterst\u00fctzt Vorder- und R\u00fcckwartung. Keine Wartung AC erforderlich<\/span><\/p>\n<p><img loading=\"lazy\" decoding=\"async\" class=\"size-full wp-image-3076 aligncenter\" src=\"https:\/\/www.leyaled.com\/wp-content\/uploads\/2025\/10\/ing22.webp\" alt=\"\" width=\"800\" height=\"638\" srcset=\"https:\/\/www.leyaled.com\/wp-content\/uploads\/2025\/10\/ing22.webp 800w, https:\/\/www.leyaled.com\/wp-content\/uploads\/2025\/10\/ing22-300x239.webp 300w, https:\/\/www.leyaled.com\/wp-content\/uploads\/2025\/10\/ing22-768x612.webp 768w, https:\/\/www.leyaled.com\/wp-content\/uploads\/2025\/10\/ing22-600x479.webp 600w\" sizes=\"(max-width: 800px) 100vw, 800px\" \/><\/p>\n<p style=\"text-align: center;\"><span style=\"font-family: helvetica, arial, sans-serif; font-size: 14pt;\">Sicherheit<\/span><\/p>\n<p style=\"text-align: center;\"><span style=\"font-family: helvetica, arial, sans-serif; font-size: 14pt;\">Alle Aluminium Bodenschale, hoher Z\u00fcndpunkt, hohes Brandwiderstandsniveau, kann TUV Agentur 5VB Feuerpr\u00fcfung bestehen<\/span><\/p>\n<p>&nbsp;<\/p>\n<p style=\"text-align: center;\"><img loading=\"lazy\" decoding=\"async\" class=\"alignnone size-full wp-image-3077\" src=\"https:\/\/www.leyaled.com\/wp-content\/uploads\/2025\/10\/ing55.webp\" alt=\"\" width=\"800\" height=\"648\" srcset=\"https:\/\/www.leyaled.com\/wp-content\/uploads\/2025\/10\/ing55.webp 800w, https:\/\/www.leyaled.com\/wp-content\/uploads\/2025\/10\/ing55-300x243.webp 300w, https:\/\/www.leyaled.com\/wp-content\/uploads\/2025\/10\/ing55-768x622.webp 768w, https:\/\/www.leyaled.com\/wp-content\/uploads\/2025\/10\/ing55-600x486.webp 600w\" sizes=\"(max-width: 800px) 100vw, 800px\" \/><\/p>\n<p style=\"text-align: center;\"><span style=\"font-family: helvetica, arial, sans-serif; font-size: 14pt;\">Doppelte Stromversorgung<\/span><\/p>\n<p style=\"text-align: center;\"><span style=\"font-family: helvetica, arial, sans-serif;\"><span style=\"font-size: 14pt;\">Doppelspannungsversorgung mit automatischem Einsatz und dualer Ausgangsfunktion, um die Stabilit\u00e4t der Stromversorgung zu gew\u00e4hrleisten<\/span> <\/span><\/p>\n<p style=\"text-align: center;\"><img loading=\"lazy\" decoding=\"async\" class=\"alignnone size-full wp-image-3078\" src=\"https:\/\/www.leyaled.com\/wp-content\/uploads\/2025\/10\/display-4.webp\" alt=\"\" width=\"800\" height=\"387\" srcset=\"https:\/\/www.leyaled.com\/wp-content\/uploads\/2025\/10\/display-4.webp 800w, https:\/\/www.leyaled.com\/wp-content\/uploads\/2025\/10\/display-4-300x145.webp 300w, https:\/\/www.leyaled.com\/wp-content\/uploads\/2025\/10\/display-4-768x372.webp 768w, https:\/\/www.leyaled.com\/wp-content\/uploads\/2025\/10\/display-4-600x290.webp 600w\" sizes=\"(max-width: 800px) 100vw, 800px\" \/><\/p>\n<p style=\"text-align: center;\"><span style=\"font-size: 12pt;\"><span style=\"font-family: helvetica, arial, sans-serif;\">Stromversorgungsschrank \u00a0 \u00a0 \u00a0 <\/span>\u00a0<\/span><\/p>\n<p style=\"text-align: center;\"><span style=\"font-family: helvetica, arial, sans-serif; font-size: 14pt;\">Anwendungsszenarien: <\/span><\/p>\n<p style=\"text-align: center;\"><span style=\"font-family: helvetica, arial, sans-serif;\">Werbung &amp; Medien | Ausstellung &amp; Anzeige | Kommerzielle Anzeige | Regierung &amp; Unternehmensbild | Transport | etc.<\/span><\/p>\n<p style=\"text-align: center;\"><img loading=\"lazy\" decoding=\"async\" class=\"alignnone size-full wp-image-3079\" src=\"https:\/\/www.leyaled.com\/wp-content\/uploads\/2025\/10\/display3-1.webp\" alt=\"\" width=\"800\" height=\"800\" srcset=\"https:\/\/www.leyaled.com\/wp-content\/uploads\/2025\/10\/display3-1.webp 800w, https:\/\/www.leyaled.com\/wp-content\/uploads\/2025\/10\/display3-1-300x300.webp 300w, https:\/\/www.leyaled.com\/wp-content\/uploads\/2025\/10\/display3-1-150x150.webp 150w, https:\/\/www.leyaled.com\/wp-content\/uploads\/2025\/10\/display3-1-768x768.webp 768w, https:\/\/www.leyaled.com\/wp-content\/uploads\/2025\/10\/display3-1-600x600.webp 600w, https:\/\/www.leyaled.com\/wp-content\/uploads\/2025\/10\/display3-1-100x100.webp 100w\" sizes=\"(max-width: 800px) 100vw, 800px\" \/><\/p>\n<p style=\"text-align: center;\"><span style=\"font-family: helvetica, arial, sans-serif;\">Wie lange ist die Lebensdauer von LED-Profil Aluminium? F\u00fchlen Sie sich frei, uns zu kontaktieren.<\/span><\/p>","protected":false},"excerpt":{"rendered":"<p>Unsere Profilschr\u00e4nke aus Aluminium sind um 15 % leichter als Standardmodelle, bieten zudem erstklassige W\u00e4rmeabfuhr und erf\u00fcllen die vollst\u00e4ndigen IP65-wasserdichten Normen.<br \/>\nSowohl die Wartung vor als auch die Wartung hinten werden unterst\u00fctzt, was die Wartung vor Ort zu einem leichten Aufwand macht.<br \/>\nSie erhalten eine atemberaubende Bildqualit\u00e4t: 3840 Hz Aktualisierungsrate, 10000:1 Kontrastverh\u00e4ltnis, 16-Bit-Graustufen und einen 160\u00b0 breiten Betrachtungswinkel.<br \/>\nSie sind auch sehr energieeffizient, mit einem durchschnittlichen Leistungsaufnahme von nur 270 Watt pro Quadratmeter.<br \/>\nDiese Displays funktionieren hervorragend f\u00fcr Outdoor-Werbung, Live-B\u00fchnenshows, Markenausstellungsr\u00e4ume und viele andere Anwendungen.<\/p>","protected":false},"featured_media":2672,"comment_status":"closed","ping_status":"closed","template":"","meta":[],"product_brand":[],"product_cat":[42,15],"product_tag":[],"class_list":{"0":"post-2173","1":"product","2":"type-product","3":"status-publish","4":"has-post-thumbnail","6":"product_cat-indoor-led-display","7":"product_cat-standard-led-display","9":"first","10":"instock","11":"shipping-taxable","12":"product-type-simple"},"_links":{"self":[{"href":"https:\/\/www.leyaled.com\/de\/wp-json\/wp\/v2\/product\/2173","targetHints":{"allow":["GET"]}}],"collection":[{"href":"https:\/\/www.leyaled.com\/de\/wp-json\/wp\/v2\/product"}],"about":[{"href":"https:\/\/www.leyaled.com\/de\/wp-json\/wp\/v2\/types\/product"}],"replies":[{"embeddable":true,"href":"https:\/\/www.leyaled.com\/de\/wp-json\/wp\/v2\/comments?post=2173"}],"wp:featuredmedia":[{"embeddable":true,"href":"https:\/\/www.leyaled.com\/de\/wp-json\/wp\/v2\/media\/2672"}],"wp:attachment":[{"href":"https:\/\/www.leyaled.com\/de\/wp-json\/wp\/v2\/media?parent=2173"}],"wp:term":[{"taxonomy":"product_brand","embeddable":true,"href":"https:\/\/www.leyaled.com\/de\/wp-json\/wp\/v2\/product_brand?post=2173"},{"taxonomy":"product_cat","embeddable":true,"href":"https:\/\/www.leyaled.com\/de\/wp-json\/wp\/v2\/product_cat?post=2173"},{"taxonomy":"product_tag","embeddable":true,"href":"https:\/\/www.leyaled.com\/de\/wp-json\/wp\/v2\/product_tag?post=2173"}],"curies":[{"name":"WP","href":"https:\/\/api.w.org\/{rel}","templated":true}]}}