{"id":2169,"date":"2025-10-09T16:57:42","date_gmt":"2025-10-09T08:57:42","guid":{"rendered":"https:\/\/www.leyaled.com\/?post_type=product&#038;p=2169"},"modified":"2025-12-11T14:46:45","modified_gmt":"2025-12-11T06:46:45","slug":"transparent-screen","status":"publish","type":"product","link":"https:\/\/www.leyaled.com\/de\/outdoor-special-led-screen\/transparent-screen\/","title":{"rendered":"Transparenter Bildschirm"},"content":{"rendered":"<p style=\"text-align: center;\"><span style=\"font-family: helvetica, arial, sans-serif; font-size: 14pt;\"><strong>LED-Displays sind ma\u00dfgeschneiderte Produkte. F\u00fcr eine Vollbildanpassung wenden Sie sich bitte f\u00fcr Anfragen an den Kundenservice.<\/strong><\/span><\/p>\n<p style=\"text-align: center;\"><span style=\"font-family: helvetica, arial, sans-serif; font-size: 14pt;\"><strong>1. Hohe Transparenz mit ungehinderter Vision<\/strong><\/span><br \/>\n<span style=\"font-family: helvetica, arial, sans-serif; font-size: 14pt;\">Transparente Bildschirme bieten in der Regel eine Transparenzrate von 40%-90% (variiert je nach Modell). <\/span><\/p>\n<p style=\"text-align: center;\"><span style=\"font-family: helvetica, arial, sans-serif; font-size: 14pt;\">Durch die Annahme von glasbasierten oder ausgeh\u00f6hlten LED-Perlen-Designs blockieren sie die Kulissen nicht <\/span><\/p>\n<p style=\"text-align: center;\"><span style=\"font-family: helvetica, arial, sans-serif; font-size: 14pt;\">(z.B. Ladenfenster, Glasvorhangw\u00e4nde im Geb\u00e4ude, Ausstellungsschr\u00e4nke), die eine durchsichtige <\/span><\/p>\n<p style=\"text-align: center;\"><span style=\"font-family: helvetica, arial, sans-serif; font-size: 14pt;\">Wirkung wo &#8220; angezeigte Inhalte \u00fcberlagern die reale Szene&#8221; und die L\u00f6sung des Schmerzpunkts von &#8220; behinderte Ansicht&#8221; mit traditionellen Bildschirmen.<\/span><\/p>\n<p style=\"text-align: center;\"><span style=\"font-family: helvetica, arial, sans-serif; font-size: 14pt;\"><strong>2. High-Definition-Anzeige mit ausgezeichneter Farbe &amp; amp; Dynamische Leistung<\/strong><\/span><br \/>\n<span style=\"font-family: helvetica, arial, sans-serif; font-size: 14pt;\">Die Bildqualit\u00e4tsvorteile von LED-Bildschirmen vererbt, unterst\u00fctzen die meisten transparenten Bildschirme <\/span><\/p>\n<p style=\"text-align: center;\"><span style=\"font-family: helvetica, arial, sans-serif; font-size: 14pt;\">Hochaufl\u00f6sung (z.B. 1080P und h\u00f6her) und hohe Kontrastverh\u00e4ltnisse (bis zu 10000:1 f\u00fcr einige Modelle).<\/span><\/p>\n<p style=\"text-align: center;\"><span style=\"font-family: helvetica, arial, sans-serif; font-size: 14pt;\"> Ausgestattet mit Breitfarbtechnologie, sorgen sie f\u00fcr klare und glatte dynamische Inhalte<\/span><\/p>\n<p style=\"text-align: center;\"><span style=\"font-family: helvetica, arial, sans-serif; font-size: 14pt;\"> (wie Videos und Animationen). Auch bei starkem Licht (z.B. Au\u00dfenfenster),<\/span><\/p>\n<p style=\"text-align: center;\"><span style=\"font-family: helvetica, arial, sans-serif; font-size: 14pt;\"> Sie erhalten die Farbpr\u00e4zision und verhindern das Bildschirmbleichen.<\/span><\/p>\n<p style=\"text-align: center;\"><span style=\"font-family: helvetica, arial, sans-serif; font-size: 14pt;\"><strong>3. Schlank &amp; Leichtes Design mit flexibler Installation<\/strong><\/span><br \/>\n<span style=\"font-family: helvetica, arial, sans-serif; font-size: 14pt;\">Mit einer leichten Struktur betr\u00e4gt die Dicke in der Regel nur 5-15mm. Sie k\u00f6nnen direkt montiert werden <\/span><\/p>\n<p style=\"text-align: center;\"><span style=\"font-family: helvetica, arial, sans-serif; font-size: 14pt;\">auf Glas (\u00fcber Magnetadsorption, Wand- oder Deckenmontage) ohne die Notwendigkeit komplexer<\/span><\/p>\n<p style=\"text-align: center;\"><span style=\"font-family: helvetica, arial, sans-serif; font-size: 14pt;\"> Klammern. Zus\u00e4tzlich k\u00f6nnen sich einige flexible transparente Bildschirme an gekr\u00fcmmte oder unregelm\u00e4\u00dfige Szenarien anpassen<\/span><\/p>\n<p style=\"text-align: center;\"><span style=\"font-family: helvetica, arial, sans-serif; font-size: 14pt;\"> (z.B. zylindrische Schaltschr\u00e4nke, gekr\u00fcmmte Glasw\u00e4nde), die den Installationsanforderungen verschiedener Orte entsprechen.<\/span><\/p>\n<p style=\"text-align: center;\"><span style=\"font-family: helvetica, arial, sans-serif; font-size: 14pt;\"><strong>4. Niedriger Stromverbrauch Hohe Stabilit\u00e4t f\u00fcr Langzeitbetrieb<\/strong><\/span><\/p>\n<p style=\"text-align: center;\"><span style=\"font-family: helvetica, arial, sans-serif; font-size: 14pt;\">Durch die geringe Leistung von LED-Chips sind transparente Bildschirme energieeffizienter als herk\u00f6mmliche<\/span><\/p>\n<p style=\"text-align: center;\"><span style=\"font-family: helvetica, arial, sans-serif; font-size: 14pt;\"> LCD transparente Bildschirme. Sie unterst\u00fctzen auch den 24\/7 kontinuierlichen Betrieb (z.B. Einkaufszentrenfenster, Flughafeninformationsbildschirme).<\/span><\/p>\n<p style=\"text-align: center;\"><span style=\"font-family: helvetica, arial, sans-serif; font-size: 14pt;\"> In Kombination mit dem After-Sales-Support-System Ihres Unternehmens helfen sie, die langfristigen Wartungskosten der Kunden zu senken.<\/span><\/p>\n<p style=\"text-align: center;\"><span style=\"font-family: helvetica, arial, sans-serif; font-size: 14pt;\"><strong>Ordentlich und malerisch, ultraleicht und ultrad\u00fcnn<\/strong>\u00a0<\/span><\/p>\n<p style=\"text-align: center;\"><span style=\"font-family: helvetica, arial, sans-serif; font-size: 14pt;\">Einfacher Druckguss-Aluminiumrahmen, Dehnungs- und Verformungsschutz, hohe Ebenheit und Kantensplitzung <\/span><\/p>\n<p style=\"text-align: center;\"><strong><span style=\"font-family: helvetica, arial, sans-serif; font-size: 14pt;\">Hohe Transparenz | 50% Transparenz<\/span><\/strong><\/p>\n<p style=\"text-align: center;\"><span style=\"font-family: helvetica, arial, sans-serif; font-size: 14pt;\">Die positive Lumineszenztechnologie kann die Transparenz auf mehr als 50% erh\u00f6hen. <\/span><\/p>\n<p style=\"text-align: center;\"><span style=\"font-family: helvetica, arial, sans-serif; font-size: 14pt;\">Wenn das Bild angezeigt wird, ist es wie ein dreidimensionales Bild, das direkt in der Luft erscheint.<\/span><\/p>\n<p><img fetchpriority=\"high\" decoding=\"async\" class=\"size-full wp-image-3173 aligncenter\" src=\"https:\/\/www.leyaled.com\/wp-content\/uploads\/2025\/10\/tmp.webp\" alt=\"\" width=\"800\" height=\"476\" srcset=\"https:\/\/www.leyaled.com\/wp-content\/uploads\/2025\/10\/tmp.webp 800w, https:\/\/www.leyaled.com\/wp-content\/uploads\/2025\/10\/tmp-300x179.webp 300w, https:\/\/www.leyaled.com\/wp-content\/uploads\/2025\/10\/tmp-768x457.webp 768w, https:\/\/www.leyaled.com\/wp-content\/uploads\/2025\/10\/tmp-600x357.webp 600w\" sizes=\"(max-width: 800px) 100vw, 800px\" \/><\/p>\n<p style=\"text-align: center;\"><span style=\"font-size: 14pt;\"><strong><span style=\"font-family: helvetica, arial, sans-serif;\">Nahtloses Splei\u00dfen, flexible Installation<\/span><\/strong><\/span><\/p>\n<p style=\"text-align: center;\"><span style=\"font-family: helvetica, arial, sans-serif; font-size: 14pt;\">Nahtloses Spleizen befriedigt unser Streben nach einem sch\u00f6neren Bild. Flexible Installation ist geeignet <\/span><\/p>\n<p style=\"text-align: center;\"><span style=\"font-family: helvetica, arial, sans-serif; font-size: 14pt;\">F\u00fcr jede Gr\u00f6\u00dfe. Videoverl\u00e4ngerungstechnologie wird verwendet, um sicherzustellen, dass das Bild nicht <\/span><\/p>\n<p style=\"text-align: center;\"><span style=\"font-family: helvetica, arial, sans-serif; font-size: 14pt;\">verformt und die Farbe wird bei der Ansicht des Bildes nicht verzerrt. <\/span><\/p>\n<p style=\"text-align: center;\"><img decoding=\"async\" class=\"alignnone size-full wp-image-3174\" src=\"https:\/\/www.leyaled.com\/wp-content\/uploads\/2025\/10\/tmpdisplay.webp\" alt=\"\" width=\"800\" height=\"700\" srcset=\"https:\/\/www.leyaled.com\/wp-content\/uploads\/2025\/10\/tmpdisplay.webp 800w, https:\/\/www.leyaled.com\/wp-content\/uploads\/2025\/10\/tmpdisplay-300x263.webp 300w, https:\/\/www.leyaled.com\/wp-content\/uploads\/2025\/10\/tmpdisplay-768x672.webp 768w, https:\/\/www.leyaled.com\/wp-content\/uploads\/2025\/10\/tmpdisplay-600x525.webp 600w\" sizes=\"(max-width: 800px) 100vw, 800px\" \/><\/p>\n<p style=\"text-align: center;\"><strong><span style=\"font-family: helvetica, arial, sans-serif; font-size: 14pt;\"> Produktdetails<\/span><\/strong><\/p>\n<p style=\"text-align: center;\"><img decoding=\"async\" class=\"alignnone size-full wp-image-3175\" src=\"https:\/\/www.leyaled.com\/wp-content\/uploads\/2025\/10\/display-tmp.webp\" alt=\"\" width=\"800\" height=\"617\" srcset=\"https:\/\/www.leyaled.com\/wp-content\/uploads\/2025\/10\/display-tmp.webp 800w, https:\/\/www.leyaled.com\/wp-content\/uploads\/2025\/10\/display-tmp-300x231.webp 300w, https:\/\/www.leyaled.com\/wp-content\/uploads\/2025\/10\/display-tmp-768x592.webp 768w, https:\/\/www.leyaled.com\/wp-content\/uploads\/2025\/10\/display-tmp-600x463.webp 600w\" sizes=\"(max-width: 800px) 100vw, 800px\" \/><\/p>\n<p><span style=\"font-family: helvetica, arial, sans-serif; font-size: 14pt;\"><strong><img loading=\"lazy\" decoding=\"async\" class=\"size-full wp-image-3178 aligncenter\" src=\"https:\/\/www.leyaled.com\/wp-content\/uploads\/2025\/10\/tmpdisplay-2.webp\" alt=\"\" width=\"800\" height=\"541\" srcset=\"https:\/\/www.leyaled.com\/wp-content\/uploads\/2025\/10\/tmpdisplay-2.webp 800w, https:\/\/www.leyaled.com\/wp-content\/uploads\/2025\/10\/tmpdisplay-2-300x203.webp 300w, https:\/\/www.leyaled.com\/wp-content\/uploads\/2025\/10\/tmpdisplay-2-768x519.webp 768w, https:\/\/www.leyaled.com\/wp-content\/uploads\/2025\/10\/tmpdisplay-2-600x406.webp 600w\" sizes=\"(max-width: 800px) 100vw, 800px\" \/><\/strong><\/span><\/p>\n<p style=\"text-align: center;\"><strong><span style=\"font-family: helvetica, arial, sans-serif; font-size: 14pt;\">Hochaufl\u00f6sendes Display<\/span><\/strong><\/p>\n<p style=\"text-align: center;\"><span style=\"font-family: helvetica, arial, sans-serif; font-size: 14pt;\">Farbe Treue<\/span><\/p>\n<p style=\"text-align: center;\"><span style=\"font-family: helvetica, arial, sans-serif; font-size: 14pt;\">14-Bit Graustufenstufe<\/span><\/p>\n<p style=\"text-align: center;\"><span style=\"font-family: helvetica, arial, sans-serif; font-size: 14pt;\">Erfrischungsrate \u2265 1920Hz<\/span><\/p>\n<p style=\"text-align: center;\"><span style=\"font-family: helvetica, arial, sans-serif; font-size: 14pt;\">Helligkeit 4500 cd\/ \u33a1<\/span><\/p>\n<p style=\"text-align: center;\"><img loading=\"lazy\" decoding=\"async\" class=\"alignnone size-full wp-image-3179\" src=\"https:\/\/www.leyaled.com\/wp-content\/uploads\/2025\/10\/zhiruy.webp\" alt=\"\" width=\"800\" height=\"643\" srcset=\"https:\/\/www.leyaled.com\/wp-content\/uploads\/2025\/10\/zhiruy.webp 800w, https:\/\/www.leyaled.com\/wp-content\/uploads\/2025\/10\/zhiruy-300x241.webp 300w, https:\/\/www.leyaled.com\/wp-content\/uploads\/2025\/10\/zhiruy-768x617.webp 768w, https:\/\/www.leyaled.com\/wp-content\/uploads\/2025\/10\/zhiruy-600x482.webp 600w\" sizes=\"(max-width: 800px) 100vw, 800px\" \/><\/p>\n<p style=\"text-align: center;\"><span style=\"font-size: 14pt; font-family: helvetica, arial, sans-serif;\"><strong> Szenariospezifische Vorteile: <\/strong>Breite Branchenabdeckung mit starker Umsetzbarkeit<\/span><\/p>\n<p style=\"text-align: center;\"><span style=\"font-size: 14pt; font-family: helvetica, arial, sans-serif;\"><strong>Kommerzielles Einzelhandelsszenario:<\/strong> Transparente Bildschirme f\u00fcr Storefenster k\u00f6nnen Produktwerbung spielen <\/span><\/p>\n<p style=\"text-align: center;\"><span style=\"font-size: 14pt; font-family: helvetica, arial, sans-serif;\">Videos ohne die In-Store-Displays zu blockieren. Passanten k\u00f6nnen &#8220; sehen Sie die Produkte durch den Bildschirm,&#8221; <\/span><\/p>\n<p style=\"text-align: center;\"><span style=\"font-size: 14pt; font-family: helvetica, arial, sans-serif;\">Verbesserung des Fensters&#8217; Appell (z.B. Schmuckgesch\u00e4fte, Bekleidungsgesch\u00e4fte, 3C-Gesch\u00e4fte).<\/span><\/p>\n<p style=\"text-align: center;\"><span style=\"font-family: helvetica, arial, sans-serif; font-size: 14pt;\"><strong>Ausstellung &amp; Anzeige Szenario:<\/strong> Transparente Bildschirme auf Ausstellungsschr\u00e4nken in Museen und<\/span><\/p>\n<p style=\"text-align: center;\"><span style=\"font-family: helvetica, arial, sans-serif; font-size: 14pt;\"> Wissenschafts- und Technologiemuseen k\u00f6nnen Text und animierte Erkl\u00e4rungen \u00fcber Exponate \u00fcberlagern<\/span><\/p>\n<p style=\"text-align: center;\"><span style=\"font-family: helvetica, arial, sans-serif; font-size: 14pt;\"> (wie Kulturrelikvien und Modelle), die die gleichzeitige Darstellung von &#8220; physische Objekte digitale Informationen&#8221; <\/span><\/p>\n<p style=\"text-align: center;\"><span style=\"font-family: helvetica, arial, sans-serif; font-size: 14pt;\">Verbesserung der interaktiven Erfahrung.<\/span><\/p>\n<p style=\"text-align: center;\"><span style=\"font-family: helvetica, arial, sans-serif; font-size: 14pt;\"><strong>Architektonische &amp; Outdoor Szenario:<\/strong> Wenn transparente Bildschirme auf<\/span><\/p>\n<p style=\"text-align: center;\"><span style=\"font-family: helvetica, arial, sans-serif; font-size: 14pt;\"> die Glasvorhangw\u00e4nde von Geb\u00e4uden, sie beeinflussen nicht das Geb\u00e4ude&#8217; s Tageslicht w\u00e4hrend <\/span><\/p>\n<p style=\"text-align: center;\"><span style=\"font-family: helvetica, arial, sans-serif; font-size: 14pt;\">Der Tag. Nachts k\u00f6nnen sie urbane Nachtszenenanimationen und Markenwerbungen spielen, <\/span><\/p>\n<p style=\"text-align: center;\"><span style=\"font-family: helvetica, arial, sans-serif; font-size: 14pt;\">die \u00e4sthetische Attraktivit\u00e4t mit kommerziellem Wert verbindet.<\/span><\/p>\n<p style=\"text-align: center;\"><span style=\"font-size: 14pt; font-family: helvetica, arial, sans-serif;\"><strong>Verkehr &amp; \u00d6ffentliches Szenario:<\/strong> Transparente Bildschirme f\u00fcr Glastrennw\u00e4nde in <\/span><\/p>\n<p style=\"text-align: center;\"><span style=\"font-size: 14pt; font-family: helvetica, arial, sans-serif;\">Flugh\u00e4fen und U-Bahnen k\u00f6nnen Flug-\/Routeninformationen anzeigen, ohne die Passagiere zu st\u00f6ren; F\u00e4higkeit<\/span>y zu<\/p>\n<p style=\"text-align: center;\"><span style=\"font-family: helvetica, arial, sans-serif; font-size: 14pt;\">Beobachten Sie die Umgebung und verbessern Sie die Effizienz der Informationslieferung.<\/span><\/p>","protected":false},"excerpt":{"rendered":"<p>Schauen Sie sich diesen bahnbrechenden transparenten LED-Bildschirm an - er mischt digitale Inhalte nahtlos in die reale Welt.<br \/>\n80% Durchl\u00e4ssigkeit, Full HD oder sogar 4K-Qualit\u00e4t \u2013 klares Bild und wahre Transparenz, alles in einem.<br \/>\nUltrad\u00fcnn, einfach zu installieren, bleibt in heller Sonne scharf und Sie k\u00f6nnen Ber\u00fchrung, Geste oder AR f\u00fcr coole Interaktionen hinzuf\u00fcgen.<br \/>\nMa\u00dfgeschneiderte Gr\u00f6\u00dfen und Formen f\u00fcr Einzelhandel, Ausstellungen, B\u00fchnen, Hotels \u2013 was immer Sie brauchen!<\/p>","protected":false},"featured_media":2665,"comment_status":"closed","ping_status":"closed","template":"","meta":[],"product_brand":[],"product_cat":[49,34],"product_tag":[],"class_list":{"0":"post-2169","1":"product","2":"type-product","3":"status-publish","4":"has-post-thumbnail","6":"product_cat-outdoor-special-led-screen","7":"product_cat-special-led-screen","9":"first","10":"instock","11":"shipping-taxable","12":"product-type-simple"},"_links":{"self":[{"href":"https:\/\/www.leyaled.com\/de\/wp-json\/wp\/v2\/product\/2169","targetHints":{"allow":["GET"]}}],"collection":[{"href":"https:\/\/www.leyaled.com\/de\/wp-json\/wp\/v2\/product"}],"about":[{"href":"https:\/\/www.leyaled.com\/de\/wp-json\/wp\/v2\/types\/product"}],"replies":[{"embeddable":true,"href":"https:\/\/www.leyaled.com\/de\/wp-json\/wp\/v2\/comments?post=2169"}],"wp:featuredmedia":[{"embeddable":true,"href":"https:\/\/www.leyaled.com\/de\/wp-json\/wp\/v2\/media\/2665"}],"wp:attachment":[{"href":"https:\/\/www.leyaled.com\/de\/wp-json\/wp\/v2\/media?parent=2169"}],"wp:term":[{"taxonomy":"product_brand","embeddable":true,"href":"https:\/\/www.leyaled.com\/de\/wp-json\/wp\/v2\/product_brand?post=2169"},{"taxonomy":"product_cat","embeddable":true,"href":"https:\/\/www.leyaled.com\/de\/wp-json\/wp\/v2\/product_cat?post=2169"},{"taxonomy":"product_tag","embeddable":true,"href":"https:\/\/www.leyaled.com\/de\/wp-json\/wp\/v2\/product_tag?post=2169"}],"curies":[{"name":"WP","href":"https:\/\/api.w.org\/{rel}","templated":true}]}}