{"id":2165,"date":"2025-10-09T16:55:10","date_gmt":"2025-10-09T08:55:10","guid":{"rendered":"https:\/\/www.leyaled.com\/?post_type=product&#038;p=2165"},"modified":"2025-12-11T14:50:57","modified_gmt":"2025-12-11T06:50:57","slug":"floor-tile-displayp3-91","status":"publish","type":"product","link":"https:\/\/www.leyaled.com\/de\/indoor-fixed-installation\/floor-tile-displayp3-91\/","title":{"rendered":"Fu\u00dfbodenfliesenanzeigeP3.91"},"content":{"rendered":"<p style=\"text-align: center;\"><span style=\"font-family: helvetica, arial, sans-serif; font-size: 14pt;\"><strong>Was ist ein LED-Bodenbildschirm?<\/strong><\/span><\/p>\n<p style=\"text-align: center;\"><span style=\"font-family: helvetica, arial, sans-serif; font-size: 14pt;\">Ein LED-Bodenbildschirm ist ein ma\u00dfgeschneidertes LED-Display, das speziell f\u00fcr den Bodenbestand entwickelt wurde. Im Vergleich zu herk\u00f6mmlichen LED<\/span><\/p>\n<p style=\"text-align: center;\"><span style=\"font-family: helvetica, arial, sans-serif; font-size: 14pt;\"> Displays, es verf\u00fcgt \u00fcber spezialisierte Designs in Tragf\u00e4higkeit, Schutzleistung und W\u00e4rmeabfuhr. Sein Zweck <\/span><\/p>\n<p style=\"text-align: center;\"><span style=\"font-family: helvetica, arial, sans-serif; font-size: 14pt;\">ist es, dem Bodenbildschirm zu erm\u00f6glichen, dem hohen Fu\u00dfverkehr von mehreren Personen standzuhalten, w\u00e4hrend langfristig ein stabiler Betrieb aufrechterhalten wird.<\/span><\/p>\n<p style=\"text-align: center;\"><span style=\"font-family: helvetica, arial, sans-serif; font-size: 14pt;\"><strong>1. Super Tragf\u00e4higkeit &amp; Haltbarkeit f\u00fcr High-Frequency-Treading-Szenarien<\/strong><\/span><\/p>\n<p style=\"text-align: center;\"><span style=\"font-family: helvetica, arial, sans-serif; font-size: 14pt;\">Die Annahme einer hochfesten strukturellen Konstruktion (z.B. Druckguss-Aluminiumgeh\u00e4use, verdickte PC-Maske) hat eine<\/span><\/p>\n<p style=\"text-align: center;\"><span style=\"font-family: helvetica, arial, sans-serif; font-size: 14pt;\"> regelm\u00e4\u00dfige Tragf\u00e4higkeit von 500-1000kg\/ \u33a1.  Es kann stabil dichten Fu\u00dfverkehr standhalten, rollt <\/span><\/p>\n<p style=\"text-align: center;\"><span style=\"font-family: helvetica, arial, sans-serif; font-size: 14pt;\">von kleinen Ger\u00e4ten (wie B\u00fchnenwagen und Einkaufszentren Reinigungsger\u00e4te), und bleibt unverzerrt oder<\/span><\/p>\n<p style=\"text-align: center;\"><span style=\"font-family: helvetica, arial, sans-serif; font-size: 14pt;\"> unbesch\u00e4digt nach langfristigem Gebrauch. Es eignet sich f\u00fcr hochfrequente Einsatzszenarien wie Einkaufszentren, B\u00fchnen und Ausstellungen.<\/span><\/p>\n<p style=\"text-align: center;\"><span style=\"font-family: helvetica, arial, sans-serif; font-size: 14pt;\"><strong>2. Niedriger Energieverbrauch &amp; Stabile W\u00e4rmeabfuhr f\u00fcr einen sorglosen Langzeiteinsatz<\/strong><\/span><\/p>\n<p style=\"text-align: center;\"><span style=\"font-size: 14pt; font-family: helvetica, arial, sans-serif;\">Mit LED-Perlen mit geringer Leistung und intelligenten Treiberchips spart es \u00fcber 30% mehr Energie c<\/span><\/p>\n<p style=\"text-align: center;\"><span style=\"font-size: 14pt; font-family: helvetica, arial, sans-serif;\">im Vergleich zu herk\u00f6mmlichen Bodenbildschirmen, so dass es f\u00fcr Szenarien geeignet ist, die langfristig <\/span><\/p>\n<p style=\"text-align: center;\"><span style=\"font-size: 14pt; font-family: helvetica, arial, sans-serif;\">Betrieb (z.B. 24-Stunden-Einkaufszentren). Die eingebaute effiziente W\u00e4rmeabfuhrstruktur <\/span><\/p>\n<p style=\"text-align: center;\"><span style=\"font-size: 14pt; font-family: helvetica, arial, sans-serif;\">(z.B. Aluminium W\u00e4rmeabfuhr Hintergrund, hohle W\u00e4rmeabfuhr Design) verhindert effektiv<\/span><\/p>\n<p style=\"text-align: center;\"><span style=\"font-size: 14pt; font-family: helvetica, arial, sans-serif;\"> \u00dcberhitzung durch langfristigen Gebrauch verursacht, die einen stabilen kontinuierlichen Betrieb des Bildschirms gew\u00e4hrleistet und die H\u00e4ufigkeit von Fehlerreparaturen verringert.<\/span><\/p>\n<p style=\"text-align: center;\"><strong><span style=\"font-family: helvetica, arial, sans-serif; font-size: 14pt;\">3. Anti-Rutsch, Anti-Impact &amp; IP65 Schutz f\u00fcr maximale Sicherheit<\/span><\/strong><\/p>\n<p style=\"text-align: center;\"><span style=\"font-family: helvetica, arial, sans-serif; font-size: 14pt;\">Es hat eine rutschfeste Oberfl\u00e4che, so dass Sie auch in feuchten Bereichen nicht rutschen \u2013 wie nassen B\u00fchnen oder gerade gereinigten Einkaufszentren. <\/span><\/p>\n<p style=\"text-align: center;\"><span style=\"font-family: helvetica, arial, sans-serif; font-size: 14pt;\">Mit IP65 oder besserer staubdichter und wasserdichter Bewertung h\u00e4lt es Staub raus und verarbeitet Spritze leicht. <\/span><\/p>\n<p style=\"text-align: center;\"><span style=\"font-family: helvetica, arial, sans-serif; font-size: 14pt;\">Dies senkt die Wartungskosten f\u00fcr Outdoor-\/Semi-Outdoor-Pl\u00e4tze (z.B. offene Pl\u00e4tze) und funktioniert auch gut f\u00fcr Open-Air-Veranstaltungen im Nahen Osten.<\/span><\/p>\n<p style=\"text-align: center;\"><span style=\"font-size: 14pt;\"><strong><span style=\"font-family: helvetica, arial, sans-serif;\">4. HD Bildqualit\u00e4t &amp; amp; Dynamische Interaktion f\u00fcr ein verbessertes visuelles Erlebnis<\/span><\/strong><\/span><\/p>\n<p style=\"text-align: center;\"><span style=\"font-size: 14pt;\">Es unterst\u00fctzt 1080P \/ 4K \/ 8K HD-Aufl\u00f6sung - dichte Pixel machen Bilder glatt und klar,<\/span><\/p>\n<p style=\"text-align: center;\"><span style=\"font-size: 14pt;\"> Kein Getreide \u00fcberhaupt. Einige Modelle haben Druckerfassungstechnik: Schritt auf den Bildschirm, es leuchtet,<\/span><\/p>\n<p style=\"text-align: center;\"><span style=\"font-size: 14pt;\"> und deine Bewegungen l\u00f6sen sogar Schatteneffekte aus. Sie k\u00f6nnen auch Muster\u00e4nderungen oder Musiklinks erhalten.<\/span><\/p>\n<p style=\"text-align: center;\"><span style=\"font-size: 14pt;\"> Ob f\u00fcr B\u00fchnen dynamische Effekte oder Mall interaktives Marketing, es f\u00e4ngt Augen mit starken visuellen und macht den Raum lebendiger.<\/span><\/p>\n<p style=\"text-align: center;\"><span style=\"font-size: 14pt;\"><strong><span style=\"font-family: helvetica, arial, sans-serif;\">5. Flexible Anpassung &amp; amp; Einfache Installation f\u00fcr verschiedene Szenarien<\/span><\/strong><\/span><\/p>\n<p style=\"text-align: center;\"><span style=\"font-family: helvetica, arial, sans-serif; font-size: 14pt;\">Wir k\u00f6nnen es jede gew\u00fcnschte Form machen - gekr\u00fcmmt, kreisf\u00f6rmig, sogar unregelm\u00e4\u00dfig - teilen Sie einfach Ihre Bed\u00fcrfnisse auf der Website. Es unterst\u00fctzt auch nahtlose<\/span><\/p>\n<p style=\"text-align: center;\"><span style=\"font-family: helvetica, arial, sans-serif; font-size: 14pt;\"> Splei\u00dfen (Spalt \u2264 0,5 mm), so dass Sie leicht gro\u00dfe Bildschirme oder spezielle Formen wie B\u00fchnenbahnen oder Einkaufszentren Atriumb\u00f6den bauen k\u00f6nnen. <\/span><\/p>\n<p style=\"text-align: center;\"><span style=\"font-family: helvetica, arial, sans-serif; font-size: 14pt;\">Das modulare Design macht auch die Einrichtung und den Abbau einfach; wenn sp\u00e4ter Reparaturen erforderlich sind,<\/span><\/p>\n<p style=\"text-align: center;\"><span style=\"font-family: helvetica, arial, sans-serif; font-size: 14pt;\"> ersetzen Sie einfach ein kleines Modul - keine gro\u00dfe Arbeit erforderlich, sparen Sie Zeit und Arbeit.<\/span><\/p>\n<p>&nbsp;<\/p>\n<p>&nbsp;<\/p>\n<p style=\"text-align: center;\"><img fetchpriority=\"high\" decoding=\"async\" class=\"alignnone size-full wp-image-3185\" src=\"https:\/\/www.leyaled.com\/wp-content\/uploads\/2025\/10\/display-dzp.webp\" alt=\"\" width=\"800\" height=\"907\" srcset=\"https:\/\/www.leyaled.com\/wp-content\/uploads\/2025\/10\/display-dzp.webp 800w, https:\/\/www.leyaled.com\/wp-content\/uploads\/2025\/10\/display-dzp-265x300.webp 265w, https:\/\/www.leyaled.com\/wp-content\/uploads\/2025\/10\/display-dzp-768x871.webp 768w, https:\/\/www.leyaled.com\/wp-content\/uploads\/2025\/10\/display-dzp-600x680.webp 600w\" sizes=\"(max-width: 800px) 100vw, 800px\" \/><\/p>\n<p style=\"text-align: center;\"><strong><span style=\"font-size: 14pt; font-family: helvetica, arial, sans-serif;\">IP66 Wasserdichte Bewertung: Angstlos gegen raue Au\u00dfenbedingungen<\/span><\/strong><\/p>\n<p style=\"text-align: center;\"><span style=\"font-family: helvetica, arial, sans-serif;\">Es erf\u00fcllt den nationalen IP66 wasserdichten Standard, stehend <\/span><\/p>\n<p style=\"text-align: center;\"><span style=\"font-family: helvetica, arial, sans-serif;\">f\u00fcr schwierige Umgebungen im Freien und f\u00fcr mehr Szenarien geeignet.<\/span><\/p>\n<p style=\"text-align: center;\"><img decoding=\"async\" class=\"alignnone size-full wp-image-3184\" src=\"https:\/\/www.leyaled.com\/wp-content\/uploads\/2025\/10\/dzp1.webp\" alt=\"\" width=\"800\" height=\"449\" srcset=\"https:\/\/www.leyaled.com\/wp-content\/uploads\/2025\/10\/dzp1.webp 800w, https:\/\/www.leyaled.com\/wp-content\/uploads\/2025\/10\/dzp1-300x168.webp 300w, https:\/\/www.leyaled.com\/wp-content\/uploads\/2025\/10\/dzp1-768x431.webp 768w, https:\/\/www.leyaled.com\/wp-content\/uploads\/2025\/10\/dzp1-600x337.webp 600w\" sizes=\"(max-width: 800px) 100vw, 800px\" \/><\/p>\n<p style=\"text-align: center;\"><span style=\"font-size: 14pt; font-family: helvetica, arial, sans-serif;\"><strong>Anpassbar an jede Form<\/strong><\/span><\/p>\n<p style=\"text-align: center;\"><span style=\"font-size: 14pt; font-family: helvetica, arial, sans-serif;\">Wir gestalten Formen und verschiedene dynamische Effekte basierend auf Ihren Anforderungen. Der Bildschirm unterst\u00fctzt<\/span><\/p>\n<p style=\"text-align: center;\"><span style=\"font-size: 14pt; font-family: helvetica, arial, sans-serif;\"> willk\u00fcrliches Schneiden und nahtloses Spleizen, das unterschiedliche Konfigurationen erm\u00f6glicht und gleichzeitig eine klare und sichtbare Bildqualit\u00e4t liefert.<\/span><\/p>\n<p style=\"text-align: center;\"><img decoding=\"async\" class=\"alignnone size-full wp-image-3186\" src=\"https:\/\/www.leyaled.com\/wp-content\/uploads\/2025\/10\/display-.webp\" alt=\"\" width=\"800\" height=\"535\" srcset=\"https:\/\/www.leyaled.com\/wp-content\/uploads\/2025\/10\/display-.webp 800w, https:\/\/www.leyaled.com\/wp-content\/uploads\/2025\/10\/display--300x201.webp 300w, https:\/\/www.leyaled.com\/wp-content\/uploads\/2025\/10\/display--768x514.webp 768w, https:\/\/www.leyaled.com\/wp-content\/uploads\/2025\/10\/display--600x401.webp 600w\" sizes=\"(max-width: 800px) 100vw, 800px\" \/><\/p>\n<p style=\"text-align: center;\"><span style=\"font-size: 14pt; font-family: helvetica, arial, sans-serif;\"><strong>8K Ultra-HD Bildqualit\u00e4t: Ein scharferes visuelles Erlebnis<\/strong><\/span><\/p>\n<p style=\"text-align: center;\"><span style=\"font-size: 14pt; font-family: helvetica, arial, sans-serif;\">Mit der pr\u00e4zisen Pixelsteuerung liefert es exquisit realistische Bilder. Ob es sich um dynamische Videos handelt<\/span><\/p>\n<p style=\"text-align: center;\"><span style=\"font-size: 14pt; font-family: helvetica, arial, sans-serif;\"> oder statische Bilder, bringt es einen starken visuellen Einfluss auf die Zuschauer.<\/span><\/p>\n<p style=\"text-align: center;\"><img loading=\"lazy\" decoding=\"async\" class=\"alignnone size-full wp-image-3187\" src=\"https:\/\/www.leyaled.com\/wp-content\/uploads\/2025\/10\/display6-2.webp\" alt=\"\" width=\"800\" height=\"535\" srcset=\"https:\/\/www.leyaled.com\/wp-content\/uploads\/2025\/10\/display6-2.webp 800w, https:\/\/www.leyaled.com\/wp-content\/uploads\/2025\/10\/display6-2-300x201.webp 300w, https:\/\/www.leyaled.com\/wp-content\/uploads\/2025\/10\/display6-2-768x514.webp 768w, https:\/\/www.leyaled.com\/wp-content\/uploads\/2025\/10\/display6-2-600x401.webp 600w\" sizes=\"(max-width: 800px) 100vw, 800px\" \/><\/p>\n<p style=\"text-align: center;\"><span style=\"font-family: helvetica, arial, sans-serif; font-size: 14pt;\">Das Spa\u00df an Boden-LED-Bildschirmen ist, dass sie mit Menschen interagieren und verschiedene Effekte schaffen k\u00f6nnen - wussten Sie das?<\/span><\/p>\n<table style=\"border-collapse: collapse; width: 69.9823%; height: 1250px;\">\n<tbody>\n<tr style=\"height: 56px;\">\n<td style=\"height: 56px; width: 42.5678%;\" colspan=\"2\">\n<p style=\"text-align: center;\"><strong><b>\u00a0<\/b><\/strong><strong><b>P<\/b><\/strong><strong><b>Arametern<\/b><\/strong><\/p>\n<\/td>\n<td style=\"width: 23.8358%; height: 56px; text-align: center;\"><strong><b>Parameter<\/b><\/strong><strong><b>\u00a0Sie<\/b><\/strong><strong><b>Lues<\/b><\/strong><\/td>\n<\/tr>\n<tr style=\"height: 45px;\">\n<td style=\"width: 19.6851%; height: 263px; text-align: center;\" rowspan=\"7\"><strong><b>Modulare Zusammensetzung<\/b><\/strong><\/td>\n<td style=\"height: 45px; width: 22.8827%; text-align: center;\">Pixelstruktur<\/td>\n<td style=\"height: 45px; width: 23.8358%; text-align: center;\">SMD2121 3 in 1 LED<\/td>\n<\/tr>\n<tr style=\"height: 28px;\">\n<td style=\"height: 28px; width: 22.8827%; text-align: center;\">\u00a0Pixelspitch (mm)<\/td>\n<td style=\"height: 28px; width: 23.8358%; text-align: center;\">2.976<\/td>\n<\/tr>\n<tr style=\"height: 42px;\">\n<td style=\"height: 42px; width: 22.8827%; text-align: center;\">Moduldefinierung (W\u00d7H)<\/td>\n<td style=\"height: 42px; width: 23.8358%; text-align: center;\">84\u00d784 = 7056<\/td>\n<\/tr>\n<tr style=\"height: 32px;\">\n<td style=\"height: 32px; width: 22.8827%; text-align: center;\">Modulgr\u00f6\u00dfe (mm)<\/td>\n<td style=\"height: 32px; width: 23.8358%; text-align: center;\">250 (W) \u00d7 250 (H)<\/td>\n<\/tr>\n<tr style=\"height: 27px;\">\n<td style=\"height: 27px; width: 22.8827%; text-align: center;\">Modulgewicht (kg)<\/td>\n<td style=\"height: 27px; width: 23.8358%; text-align: center;\">0,32 \u00b1 0,1 kg<\/td>\n<\/tr>\n<tr style=\"height: 47px;\">\n<td style=\"height: 47px; width: 22.8827%; text-align: center;\">Modul Maximum Leistungsverlust<\/td>\n<td style=\"height: 47px; width: 23.8358%; text-align: center;\">\u226435<\/td>\n<\/tr>\n<tr style=\"height: 42px;\">\n<td style=\"height: 42px; width: 22.8827%; text-align: center;\">\u00a0Treiber IC Karte<\/td>\n<td style=\"height: 42px; width: 23.8358%; text-align: center;\">2153S<\/td>\n<\/tr>\n<tr style=\"height: 49px;\">\n<td style=\"width: 19.6851%; text-align: center; height: 306px;\" rowspan=\"9\"><strong><b><br \/>\n<\/b><\/strong><strong><b><br \/>\n<\/b><\/strong><strong><b>Schrankzusammensetzung<\/b><\/strong><\/td>\n<td style=\"height: 49px; width: 22.8827%; text-align: center;\">Schrankmodulzusammensetzung (W \u00d7 H)<\/td>\n<td style=\"height: 49px; width: 23.8358%; text-align: center;\">2\u00d74<\/td>\n<\/tr>\n<tr style=\"height: 28px;\">\n<td style=\"height: 28px; width: 22.8827%; text-align: center;\">Schrankdefinition (W \u00d7 H)<\/td>\n<td style=\"height: 28px; width: 23.8358%; text-align: center;\">168\u00d7336<\/td>\n<\/tr>\n<tr style=\"height: 38px;\">\n<td style=\"height: 38px; width: 22.8827%; text-align: center;\">Schrankgr\u00f6\u00dfe (mm) (W \u00d7 H \u00d7 D)<\/td>\n<td style=\"height: 38px; width: 23.8358%; text-align: center;\">500 (W) \u00d7 1000 (H) \u00d7 95 (D)<\/td>\n<\/tr>\n<tr style=\"height: 30px;\">\n<td style=\"height: 30px; width: 22.8827%; text-align: center;\">Schrankfl\u00e4che (m)<sup>2<\/sup>\uff09<\/td>\n<td style=\"height: 30px; width: 23.8358%; text-align: center;\">0.5<\/td>\n<\/tr>\n<tr style=\"height: 27px;\">\n<td style=\"height: 27px; width: 22.8827%; text-align: center;\">Schrankgewicht (kg)<\/td>\n<td style=\"height: 27px; width: 23.8358%; text-align: center;\">25kg \u00b1 1kg<\/td>\n<\/tr>\n<tr style=\"height: 35px;\">\n<td style=\"height: 35px; width: 22.8827%; text-align: center;\">Schrank Pixeldichte (Pixel \/ m<sup>2<\/sup>\uff09<\/td>\n<td style=\"height: 35px; width: 23.8358%; text-align: center;\">112896<\/td>\n<\/tr>\n<tr style=\"height: 36px;\">\n<td style=\"height: 36px; width: 22.8827%; text-align: center;\">Schrank Nivellierungsfehler (mm)<\/td>\n<td style=\"height: 36px; width: 23.8358%; text-align: center;\">\u22640.1<\/td>\n<\/tr>\n<tr style=\"height: 36px;\">\n<td style=\"height: 36px; width: 22.8827%; text-align: center;\">Wartungsmethode<\/td>\n<td style=\"height: 36px; width: 23.8358%; text-align: center;\">Matained von vorne \/ hinten<\/td>\n<\/tr>\n<tr style=\"height: 27px;\">\n<td style=\"height: 27px; width: 22.8827%; text-align: center;\">Schrankmaterial<\/td>\n<td style=\"height: 27px; width: 23.8358%; text-align: center;\">Eisenschrank<\/td>\n<\/tr>\n<tr style=\"height: 34px;\">\n<td style=\"width: 19.6851%; text-align: center; height: 202px;\" rowspan=\"8\"><strong><b><br \/>\n<\/b><\/strong><strong><b>Optische Parameter<\/b><\/strong><strong><b><br \/>\n<\/b><\/strong><strong><b><br \/>\n<\/b><\/strong><strong><b><br \/>\n<\/b><\/strong><\/td>\n<td style=\"width: 22.8827%; text-align: center; height: 34px;\">Einzelpixel-Lichtkorrektur<\/td>\n<td style=\"width: 23.8358%; text-align: center; height: 34px;\">\u00a0Keine<\/td>\n<\/tr>\n<tr style=\"height: 24px;\">\n<td style=\"width: 22.8827%; text-align: center; height: 24px;\">Single Pixel Farbkorrektur<\/td>\n<td style=\"width: 23.8358%; text-align: center; height: 24px;\">Keine<\/td>\n<\/tr>\n<tr style=\"height: 24px;\">\n<td style=\"width: 22.8827%; text-align: center; height: 24px;\">Wei\u00dfbilanz Helligkeit (nits)<\/td>\n<td style=\"width: 23.8358%; text-align: center; height: 24px;\">\u2265600<\/td>\n<\/tr>\n<tr style=\"height: 24px;\">\n<td style=\"width: 22.8827%; text-align: center; height: 24px;\">Farbtemperatur (K)<\/td>\n<td style=\"width: 23.8358%; text-align: center; height: 24px;\">8000Anpassbar<\/td>\n<\/tr>\n<tr style=\"height: 24px;\">\n<td style=\"width: 22.8827%; text-align: center; height: 24px;\">Blickwinkel (horizontal\/vertikal)<\/td>\n<td style=\"width: 23.8358%; text-align: center; height: 24px;\">120\u00b0\/90\u00b0<\/td>\n<\/tr>\n<tr style=\"height: 24px;\">\n<td style=\"width: 22.8827%; text-align: center; height: 24px;\">LED Positionsfehler in der Mitte<\/td>\n<td style=\"width: 23.8358%; text-align: center; height: 24px;\">&lt; 3%<\/td>\n<\/tr>\n<tr style=\"height: 24px;\">\n<td style=\"width: 22.8827%; text-align: center; height: 24px;\">Helligkeit\/Chrom Homogenit\u00e4t<\/td>\n<td style=\"width: 23.8358%; text-align: center; height: 24px;\">\u226597%<\/td>\n<\/tr>\n<tr style=\"height: 24px;\">\n<td style=\"width: 22.8827%; text-align: center; height: 24px;\">Kontrast<\/td>\n<td style=\"width: 23.8358%; text-align: center; height: 24px;\">4000:1<\/td>\n<\/tr>\n<tr style=\"height: 24px;\">\n<td style=\"width: 19.6851%; text-align: center; height: 96px;\" rowspan=\"4\"><strong><b><br \/>\n<\/b><\/strong><strong><b>Elektrische Parameter<\/b><\/strong><strong><b><br \/>\n<\/b><\/strong><strong><b><br \/>\n<\/b><\/strong><\/td>\n<td style=\"width: 22.8827%; text-align: center; height: 24px;\">Summit Leistungsverlust (W\/m<sup>2<\/sup>\uff09<\/td>\n<td style=\"width: 23.8358%; text-align: center; height: 24px;\">450<\/td>\n<\/tr>\n<tr style=\"height: 24px;\">\n<td style=\"width: 22.8827%; text-align: center; height: 24px;\">Durchschnittliche Leistungsverlust (W\/m)<sup>2<\/sup>\uff09<\/td>\n<td style=\"width: 23.8358%; text-align: center; height: 24px;\">200<\/td>\n<\/tr>\n<tr style=\"height: 24px;\">\n<td style=\"width: 22.8827%; text-align: center; height: 24px;\">Stromversorgungsanforderungen<\/td>\n<td style=\"width: 23.8358%; text-align: center; height: 24px;\">AC110-240V\uff0c Frequenz 50-60 (Hz)<\/td>\n<\/tr>\n<tr style=\"height: 24px;\">\n<td style=\"width: 22.8827%; text-align: center; height: 24px;\">Safty Zertifizierungen<\/td>\n<td style=\"width: 23.8358%; text-align: center; height: 24px;\">GB4943 \/ EN60950<\/td>\n<\/tr>\n<tr style=\"height: 16px;\">\n<td style=\"width: 19.6851%; text-align: center; height: 177px;\" rowspan=\"7\"><strong><b><br \/>\n<\/b><\/strong><strong><b><br \/>\n<\/b><\/strong><strong><b>Verarbeitungsleistung<\/b><\/strong><strong><b><br \/>\n<\/b><\/strong><strong><b><br \/>\n<\/b><\/strong><strong><b><br \/>\n<\/b><\/strong><\/td>\n<td style=\"height: 16px; width: 22.8827%; text-align: center;\">Frame Change Frequenzen (Hz)<\/td>\n<td style=\"height: 16px; width: 23.8358%; text-align: center;\">60<\/td>\n<\/tr>\n<tr style=\"height: 25px;\">\n<td style=\"height: 25px; width: 22.8827%; text-align: center;\">\u00a0 Treibertyp<\/td>\n<td style=\"height: 25px; width: 23.8358%; text-align: center;\">Konstantstromantrieb, 28Scans<\/td>\n<\/tr>\n<tr style=\"height: 17px;\">\n<td style=\"height: 17px; width: 22.8827%; text-align: center;\">Grau<\/td>\n<td style=\"height: 17px; width: 23.8358%; text-align: center;\">4096-65536 Verstellbar<\/td>\n<\/tr>\n<tr style=\"height: 34px;\">\n<td style=\"height: 34px; width: 22.8827%; text-align: center;\">Aktualisierungsrate (Hz)<\/td>\n<td style=\"height: 34px; width: 23.8358%; text-align: center;\">\u2265 3840Hz Verstellbar<\/td>\n<\/tr>\n<tr style=\"height: 29px;\">\n<td style=\"height: 29px; width: 22.8827%; text-align: center;\">F\u00e4higkeit zur Farbverarbeitung<\/td>\n<td style=\"height: 29px; width: 23.8358%; text-align: center;\">16 Bit<\/td>\n<\/tr>\n<tr style=\"height: 10px;\">\n<td style=\"height: 10px; width: 22.8827%; text-align: center;\">Power Cut Speicherparameter<\/td>\n<td style=\"height: 10px; width: 23.8358%; text-align: center;\">Helligkeit, Chromfixierungszahlen, Modulparameter<\/td>\n<\/tr>\n<tr style=\"height: 46px;\">\n<td style=\"height: 46px; width: 22.8827%; text-align: center;\">Horizontale Anzeigef\u00e4higkeit<\/td>\n<td style=\"height: 46px; width: 23.8358%; text-align: center;\">2K HD, 4K UHD<\/td>\n<\/tr>\n<tr style=\"height: 24px;\">\n<td style=\"width: 19.6851%; text-align: center; height: 150px;\" rowspan=\"5\">&nbsp;<\/p>\n<p><strong><b>Nutzungsparameter<\/b><\/strong><strong><b><br \/>\n<\/b><\/strong><strong><b><br \/>\n<\/b><\/strong><\/p>\n<p>&nbsp;<\/p>\n<p>&nbsp;<\/td>\n<td style=\"width: 22.8827%; text-align: center; height: 24px;\">Durchschnittliche Lebensdauer (Std.)<\/td>\n<td style=\"width: 23.8358%; text-align: center; height: 24px;\">50.000H<\/td>\n<\/tr>\n<tr style=\"height: 77px;\">\n<td style=\"width: 22.8827%; text-align: center; height: 47px;\">Arbeitstemperatur\/Luftfeuchtigkeit (\u2103\/RH)<\/td>\n<td style=\"width: 23.8358%; text-align: center; height: 47px;\">-10-40 \/ 10% -70% RH (ohne Kondensation)<\/td>\n<\/tr>\n<tr style=\"height: 24px;\">\n<td style=\"width: 22.8827%; text-align: center; height: 24px;\">Lagertemperatur\/Luftfeuchtigkeit (\u2103\/RH)<\/td>\n<td style=\"width: 23.8358%; text-align: center; height: 24px;\">-20-60 \/ 10% -80% RH (ohne Kondensation)<\/td>\n<\/tr>\n<tr style=\"height: 24px;\">\n<td style=\"width: 22.8827%; text-align: center; height: 24px;\">Angewandte Standards<\/td>\n<td style=\"width: 23.8358%; text-align: center; height: 24px;\">CCC<\/td>\n<\/tr>\n<tr style=\"height: 56px;\">\n<td style=\"width: 22.8827%; text-align: center; height: 31px;\">\u00a0Wasserdichte Bewertung<\/td>\n<td style=\"width: 23.8358%; text-align: center; height: 31px;\">IP65Vorne<\/td>\n<\/tr>\n<\/tbody>\n<\/table>\n<p>&nbsp;<\/p>\n<p>&nbsp;<\/p>","protected":false},"excerpt":{"rendered":"<p>Diese neue Generation von kreativen Fu\u00dfbodenfliesendisplays verbindet Haltbarkeit, schnelle Installation und bahnbrechendes 3D-Spleizen. Das modulare Geh\u00e4use und der magnetische Verriegelungsmechanismus erm\u00f6glichen eine schnelle, individuelle Installation und eine minutenbezogene Wartung. Es unterst\u00fctzt beliebige vertikale, horizontale, vorne-nach-hinten-Misausrichtung und erstellt einfach 3D-Formen wie Wellen und Schritte. Die fortgeschrittene Kalibrierung sorgt f\u00fcr eine nahtlose Darstellung, was sie in Performances, kommerziellen R\u00e4umen, Kulturtourismus und Rundfunk weit verbreitet und eine nahtlose Mischung effizienter Technik mit kreativem visuellen Ausdruck erm\u00f6glicht.<\/p>","protected":false},"featured_media":2692,"comment_status":"closed","ping_status":"closed","template":"","meta":[],"product_brand":[],"product_cat":[32,45],"product_tag":[],"class_list":{"0":"post-2165","1":"product","2":"type-product","3":"status-publish","4":"has-post-thumbnail","6":"product_cat-fixed-led-display","7":"product_cat-indoor-fixed-installation","9":"first","10":"instock","11":"shipping-taxable","12":"product-type-simple"},"_links":{"self":[{"href":"https:\/\/www.leyaled.com\/de\/wp-json\/wp\/v2\/product\/2165","targetHints":{"allow":["GET"]}}],"collection":[{"href":"https:\/\/www.leyaled.com\/de\/wp-json\/wp\/v2\/product"}],"about":[{"href":"https:\/\/www.leyaled.com\/de\/wp-json\/wp\/v2\/types\/product"}],"replies":[{"embeddable":true,"href":"https:\/\/www.leyaled.com\/de\/wp-json\/wp\/v2\/comments?post=2165"}],"wp:featuredmedia":[{"embeddable":true,"href":"https:\/\/www.leyaled.com\/de\/wp-json\/wp\/v2\/media\/2692"}],"wp:attachment":[{"href":"https:\/\/www.leyaled.com\/de\/wp-json\/wp\/v2\/media?parent=2165"}],"wp:term":[{"taxonomy":"product_brand","embeddable":true,"href":"https:\/\/www.leyaled.com\/de\/wp-json\/wp\/v2\/product_brand?post=2165"},{"taxonomy":"product_cat","embeddable":true,"href":"https:\/\/www.leyaled.com\/de\/wp-json\/wp\/v2\/product_cat?post=2165"},{"taxonomy":"product_tag","embeddable":true,"href":"https:\/\/www.leyaled.com\/de\/wp-json\/wp\/v2\/product_tag?post=2165"}],"curies":[{"name":"WP","href":"https:\/\/api.w.org\/{rel}","templated":true}]}}