{"id":2160,"date":"2025-10-09T16:47:47","date_gmt":"2025-10-09T08:47:47","guid":{"rendered":"https:\/\/www.leyaled.com\/?post_type=product&#038;p=2160"},"modified":"2025-12-11T16:25:16","modified_gmt":"2025-12-11T08:25:16","slug":"p4-81enclosure","status":"publish","type":"product","link":"https:\/\/www.leyaled.com\/de\/indoor-led-display\/p4-81enclosure\/","title":{"rendered":"Indoor P4.81 Display Geh\u00e4use"},"content":{"rendered":"<p style=\"text-align: center;\"><strong><span style=\"font-family: helvetica, arial, sans-serif; font-size: 14pt;\">1\u3001Szene-angepasste Innenbildqualit\u00e4t mit gro\u00dfartigen visuellen Effekten<\/span><\/strong><\/p>\n<p style=\"text-align: center;\"><span style=\"font-family: helvetica, arial, sans-serif; font-size: 14pt;\">Mit einer Pixelspitch von 4,81 mm und einer Pixeldichte von ca. 43.264 Pixel\/m\u00b2, <\/span><\/p>\n<p style=\"text-align: center;\"><span style=\"font-family: helvetica, arial, sans-serif; font-size: 14pt;\">es ist mit einer 160\u00b0 ultrabreiten <\/span><span style=\"font-family: helvetica, arial, sans-serif; font-size: 14pt;\">Blickwinkel und eine Helligkeit von ca. 1000cd\/m\u00b2.<\/span><\/p>\n<p style=\"text-align: center;\"><span style=\"font-family: helvetica, arial, sans-serif; font-size: 14pt;\"> Es zeigt nicht nur dynamische Videos und Marken klar an <\/span><span style=\"font-family: helvetica, arial, sans-serif; font-size: 14pt;\">Logos, aber vermeidet auch Blendung durch \u00fcberm\u00e4\u00dfige Helligkeit verursacht.<\/span><\/p>\n<p style=\"text-align: center;\"><span style=\"font-family: helvetica, arial, sans-serif; font-size: 14pt;\"> Mit einer Auffrischerrate von nicht weniger als 500Hz<\/span><span style=\"font-family: helvetica, arial, sans-serif; font-size: 14pt;\">kein Stottern oder Trailing beim Spielen von interaktiven Effekten oder B\u00fchnenbildern,<\/span><\/p>\n<p style=\"text-align: center;\"><span style=\"font-family: helvetica, arial, sans-serif; font-size: 14pt;\">Sicherstellung, dass das Publikum klare Inhalte aus jedem Winkel sehen kann.<\/span><\/p>\n<p style=\"text-align: center;\"><span style=\"font-family: helvetica, arial, sans-serif; font-size: 14pt;\"><strong>2\u3001Leicht, einfach auszuziehen \u2013 gro\u00dfartig f\u00fcr die Vermietungseffizienz<\/strong><\/span><\/p>\n<p style=\"text-align: center;\"><span style=\"font-family: helvetica, arial, sans-serif; font-size: 14pt;\">Es verf\u00fcgt \u00fcber einen leichten Schrank, haupts\u00e4chlich aus Druckguss-Aluminium. Jedes Ger\u00e4t ist nicht schwer \u2013 2 bis 3 Personen k\u00f6nnen es tragen und installieren. Es ist auch modular, <\/span><\/p>\n<p style=\"text-align: center;\"><span style=\"font-family: helvetica, arial, sans-serif; font-size: 14pt;\">Das Splicen ist schnell. H\u00e4ufige Gr\u00f6\u00dfen sind Standardgr\u00f6\u00dfen wie 500 \u00d7 500mm und 500 \u00d7 1000mm, und Sie k\u00f6nnen anpassen<\/span><\/p>\n<p style=\"text-align: center;\"><span style=\"font-family: helvetica, arial, sans-serif; font-size: 14pt;\"> Gr\u00f6\u00dfe und Form f\u00fcr den Veranstaltungsraum. Beim Auseinandernehmen stapelt es sich f\u00fcr die Lagerung \u2013 spart Logistikplatz und Arbeitskosten.<\/span><\/p>\n<p style=\"text-align: center;\"><span style=\"font-size: 14pt; font-family: helvetica, arial, sans-serif;\"><strong>3, Grundschutz &amp; amp; Haltbarkeit f\u00fcr h\u00e4ufigen Gebrauch<\/strong><\/span><\/p>\n<p style=\"text-align: center;\"><span style=\"font-size: 14pt; font-family: helvetica, arial, sans-serif;\">Obwohl es f\u00fcr den Indoor-Gebrauch bestimmt ist, hat es grundlegende staub- und feuchtigkeitsdichte F\u00e4higkeiten, die leichten Staub und Feuchtigkeit verarbeiten k\u00f6nnen <\/span><\/p>\n<p style=\"text-align: center;\"><span style=\"font-size: 14pt; font-family: helvetica, arial, sans-serif;\">Ver\u00e4nderungen in Innenumgebungen wie Ausstellungen und Einkaufszentren. Die Bildschirmoberfl\u00e4che ist \u00fcberwiegend kratzfest,<\/span><\/p>\n<p style=\"text-align: center;\"><span style=\"font-size: 14pt; font-family: helvetica, arial, sans-serif;\"> und die Modulschnittstellen verst\u00e4rkt werden, wodurch es auch bei h\u00e4ufiger Montage und <\/span><\/p>\n<p style=\"text-align: center;\"><span style=\"font-size: 14pt; font-family: helvetica, arial, sans-serif;\">demontieren, so dass die &#8220; wiederholte zyklische Verwendung&#8221; Nachfrage im Mietgesch\u00e4ft.<\/span><\/p>\n<p style=\"text-align: center;\"><span style=\"font-size: 14pt; font-family: helvetica, arial, sans-serif;\"><strong>4\u3001Unterst\u00fctzung f\u00fcr schnelle Debugging &amp; flexible Szenenanpassung<\/strong><\/span><\/p>\n<p style=\"text-align: center;\"><span style=\"font-size: 14pt; font-family: helvetica, arial, sans-serif;\">Es verf\u00fcgt \u00fcber bequeme Signalanschlussschnittstellen und ist mit einem mietspezifischen Steuersystem gekoppelt, so dass es beleuchtet werden kann <\/span><\/p>\n<p style=\"text-align: center;\"><span style=\"font-size: 14pt; font-family: helvetica, arial, sans-serif;\">schnell nach Anbindung vor Ort. Es ist kompatibel mit interaktiven Sensormodulen und erm\u00f6glicht das tempor\u00e4re Hinzuf\u00fcgen von<\/span><\/p>\n<p style=\"text-align: center;\"><span style=\"font-size: 14pt; font-family: helvetica, arial, sans-serif;\"> interaktive Effekte wie Wasserwellen und Touch-Trigger. Dies eignet sich f\u00fcr Szenarien, die sofortige<\/span><\/p>\n<p style=\"text-align: center;\"><span style=\"font-size: 14pt; font-family: helvetica, arial, sans-serif;\"> Atmosph\u00e4reschaffen, wie Hochzeitsg\u00e4nge und Ausstellungserfahrungsbereiche, ohne die Notwendigkeit komplexer Modifikationen.<\/span><\/p>\n<p style=\"text-align: center;\"><img fetchpriority=\"high\" decoding=\"async\" class=\"alignnone size-full wp-image-3206\" src=\"https:\/\/www.leyaled.com\/wp-content\/uploads\/2025\/10\/display-outdoor-1.webp\" alt=\"\" width=\"800\" height=\"591\" srcset=\"https:\/\/www.leyaled.com\/wp-content\/uploads\/2025\/10\/display-outdoor-1.webp 800w, https:\/\/www.leyaled.com\/wp-content\/uploads\/2025\/10\/display-outdoor-1-300x222.webp 300w, https:\/\/www.leyaled.com\/wp-content\/uploads\/2025\/10\/display-outdoor-1-768x567.webp 768w, https:\/\/www.leyaled.com\/wp-content\/uploads\/2025\/10\/display-outdoor-1-600x443.webp 600w\" sizes=\"(max-width: 800px) 100vw, 800px\" \/><\/p>\n<p style=\"text-align: center;\"><strong><span style=\"font-family: helvetica, arial, sans-serif; font-size: 14pt;\">Breiter Blickwinkel &amp; Hoher Kontrast f\u00fcr lebendige Farbbilder<\/span><\/strong><br \/>\n<span style=\"font-family: helvetica, arial, sans-serif; font-size: 14pt;\">Nahtloses Spleizen unterst\u00fctzt, mit 160\u00b0 horizontalen und vertikalen Blickwinkeln. Es erm\u00f6glicht auch ein umh\u00fcllendes gekr\u00fcmmtes Spleizerlebnis.<\/span><\/p>\n<p style=\"text-align: center;\"><img decoding=\"async\" class=\"alignnone size-full wp-image-3207\" src=\"https:\/\/www.leyaled.com\/wp-content\/uploads\/2025\/10\/display-5.webp\" alt=\"\" width=\"800\" height=\"446\" srcset=\"https:\/\/www.leyaled.com\/wp-content\/uploads\/2025\/10\/display-5.webp 800w, https:\/\/www.leyaled.com\/wp-content\/uploads\/2025\/10\/display-5-300x167.webp 300w, https:\/\/www.leyaled.com\/wp-content\/uploads\/2025\/10\/display-5-768x428.webp 768w, https:\/\/www.leyaled.com\/wp-content\/uploads\/2025\/10\/display-5-600x335.webp 600w\" sizes=\"(max-width: 800px) 100vw, 800px\" \/><\/p>\n<p style=\"text-align: center;\"><span style=\"font-family: helvetica, arial, sans-serif; font-size: 14pt;\"><strong>Hohe Aktualisierungsrate &amp; Hohes Kontrastverh\u00e4ltnis<\/strong><\/span><\/p>\n<p style=\"text-align: center;\"><span style=\"font-family: helvetica, arial, sans-serif; font-size: 14pt;\">Der Bildschirm liefert stabile, glatte Bilder mit einer schnellen Reaktionsgeschwindigkeit. Mit einem 8000:1<\/span><\/p>\n<p style=\"text-align: center;\"><span style=\"font-family: helvetica, arial, sans-serif; font-size: 14pt;\"> Kontrastverh\u00e4ltnis, pr\u00e4sentiert es klarere Details, und seine Helligkeit kann sich automatisch basierend auf der Umgebung anpassen.<\/span><\/p>\n<p style=\"text-align: center;\"><img decoding=\"async\" class=\"alignnone size-full wp-image-3075\" src=\"https:\/\/www.leyaled.com\/wp-content\/uploads\/2025\/10\/display-3.webp\" alt=\"\" width=\"800\" height=\"648\" srcset=\"https:\/\/www.leyaled.com\/wp-content\/uploads\/2025\/10\/display-3.webp 800w, https:\/\/www.leyaled.com\/wp-content\/uploads\/2025\/10\/display-3-300x243.webp 300w, https:\/\/www.leyaled.com\/wp-content\/uploads\/2025\/10\/display-3-768x622.webp 768w, https:\/\/www.leyaled.com\/wp-content\/uploads\/2025\/10\/display-3-600x486.webp 600w\" sizes=\"(max-width: 800px) 100vw, 800px\" \/><\/p>\n<p style=\"text-align: center;\"><span style=\"font-family: helvetica, arial, sans-serif; font-size: 14pt;\">\u00a0 Niedrige Helligkeit &amp; &amp; niedrige Grauskala Hohe Helligkeit &amp; niedrige Grauskala\u00a0<\/span><\/p>\n<p style=\"text-align: center;\"><span style=\"font-family: helvetica, arial, sans-serif; font-size: 14pt;\">\u00a0 \u00a0 Bedeutender Verlust von Dunkelbereichsdetails Minimaler Verlust von Dunkelbereichsdetails \u00a0 \u00a0\u00a0<\/span><\/p>\n<p style=\"text-align: center;\"><span style=\"font-family: helvetica, arial, sans-serif; font-size: 14pt;\"><strong>Intelligente W\u00e4rmeabfuhr &amp; Energieeffizienz<\/strong><\/span><\/p>\n<p style=\"text-align: center;\"><span style=\"font-family: helvetica, arial, sans-serif; font-size: 14pt;\">Die Module verf\u00fcgen \u00fcber eine eingebaute W\u00e4rmeabfuhr, die die Lebensdauer des LED-Displays verl\u00e4ngert. Es verf\u00fcgt auch \u00fcber niedrige<\/span><\/p>\n<p style=\"text-align: center;\"><span style=\"font-family: helvetica, arial, sans-serif; font-size: 14pt;\">Stromverbrauch f\u00fcr bessere Energieeinsparung und Umweltfreundlichkeit.<\/span><\/p>\n<p style=\"text-align: center;\"><img loading=\"lazy\" decoding=\"async\" class=\"alignnone size-full wp-image-3208\" src=\"https:\/\/www.leyaled.com\/wp-content\/uploads\/2025\/10\/display1-2.webp\" alt=\"\" width=\"800\" height=\"446\" srcset=\"https:\/\/www.leyaled.com\/wp-content\/uploads\/2025\/10\/display1-2.webp 800w, https:\/\/www.leyaled.com\/wp-content\/uploads\/2025\/10\/display1-2-300x167.webp 300w, https:\/\/www.leyaled.com\/wp-content\/uploads\/2025\/10\/display1-2-768x428.webp 768w, https:\/\/www.leyaled.com\/wp-content\/uploads\/2025\/10\/display1-2-600x335.webp 600w\" sizes=\"(max-width: 800px) 100vw, 800px\" \/><\/p>\n<p style=\"text-align: center;\"><strong><span style=\"font-size: 14pt; font-family: helvetica, arial, sans-serif;\">Hochaufl\u00f6sendes Vollfarb-LED-Display<\/span><\/strong><\/p>\n<p style=\"text-align: center;\"><span style=\"font-size: 14pt; font-family: helvetica, arial, sans-serif;\">Es verwendet hochwertige SMD-Lampenperlen, die eine stabile, zuverl\u00e4ssige und garantierte Produktqualit\u00e4t gew\u00e4hrleisten.<\/span><\/p>\n<p style=\"text-align: center;\"><span style=\"font-size: 14pt; font-family: helvetica, arial, sans-serif;\"> Ohne Flimmern oder K\u00f6rnigkeit \u00fcbertrifft es Displayprodukte wie DLP.<\/span><\/p>\n<p style=\"text-align: center;\"><img loading=\"lazy\" decoding=\"async\" class=\"alignnone size-full wp-image-3209\" src=\"https:\/\/www.leyaled.com\/wp-content\/uploads\/2025\/10\/outdoor-1.webp\" alt=\"\" width=\"790\" height=\"613\" srcset=\"https:\/\/www.leyaled.com\/wp-content\/uploads\/2025\/10\/outdoor-1.webp 790w, https:\/\/www.leyaled.com\/wp-content\/uploads\/2025\/10\/outdoor-1-300x233.webp 300w, https:\/\/www.leyaled.com\/wp-content\/uploads\/2025\/10\/outdoor-1-768x596.webp 768w, https:\/\/www.leyaled.com\/wp-content\/uploads\/2025\/10\/outdoor-1-600x466.webp 600w\" sizes=\"(max-width: 790px) 100vw, 790px\" \/><\/p>","protected":false},"excerpt":{"rendered":"<p>Das Indoor-High-Definition-LED-Display P4.81 liefert mit seiner 3,91 mm Pixelspitch exquisite Bildqualit\u00e4t. Es verf\u00fcgt \u00fcber eine hohe Pixeldichte, lebendige Farben und eine hohe Aktualisierungsrate, die glatte und stabile dynamische Bilder gew\u00e4hrleistet; gleichzeitig bietet seine weiche Helligkeit eine bequeme Betrachtung. Mit nahtloser Spleiztechnologie kann es frei in immersive gro\u00dfe Bildschirme kombiniert werden, was es zu einer idealen Anzeigel\u00f6sung f\u00fcr High-End-Indoor-Veranstaltungsr\u00e4ume wie Unternehmensshowrooms, Konferenzr\u00e4ume und Studios macht.<\/p>","protected":false},"featured_media":2502,"comment_status":"closed","ping_status":"closed","template":"","meta":[],"product_brand":[],"product_cat":[42,15],"product_tag":[],"class_list":{"0":"post-2160","1":"product","2":"type-product","3":"status-publish","4":"has-post-thumbnail","6":"product_cat-indoor-led-display","7":"product_cat-standard-led-display","9":"first","10":"instock","11":"shipping-taxable","12":"product-type-simple"},"_links":{"self":[{"href":"https:\/\/www.leyaled.com\/de\/wp-json\/wp\/v2\/product\/2160","targetHints":{"allow":["GET"]}}],"collection":[{"href":"https:\/\/www.leyaled.com\/de\/wp-json\/wp\/v2\/product"}],"about":[{"href":"https:\/\/www.leyaled.com\/de\/wp-json\/wp\/v2\/types\/product"}],"replies":[{"embeddable":true,"href":"https:\/\/www.leyaled.com\/de\/wp-json\/wp\/v2\/comments?post=2160"}],"wp:featuredmedia":[{"embeddable":true,"href":"https:\/\/www.leyaled.com\/de\/wp-json\/wp\/v2\/media\/2502"}],"wp:attachment":[{"href":"https:\/\/www.leyaled.com\/de\/wp-json\/wp\/v2\/media?parent=2160"}],"wp:term":[{"taxonomy":"product_brand","embeddable":true,"href":"https:\/\/www.leyaled.com\/de\/wp-json\/wp\/v2\/product_brand?post=2160"},{"taxonomy":"product_cat","embeddable":true,"href":"https:\/\/www.leyaled.com\/de\/wp-json\/wp\/v2\/product_cat?post=2160"},{"taxonomy":"product_tag","embeddable":true,"href":"https:\/\/www.leyaled.com\/de\/wp-json\/wp\/v2\/product_tag?post=2160"}],"curies":[{"name":"WP","href":"https:\/\/api.w.org\/{rel}","templated":true}]}}