{"id":2152,"date":"2025-10-09T16:42:58","date_gmt":"2025-10-09T08:42:58","guid":{"rendered":"https:\/\/www.leyaled.com\/?post_type=product&#038;p=2152"},"modified":"2025-12-12T10:53:32","modified_gmt":"2025-12-12T02:53:32","slug":"p2-604enclosure","status":"publish","type":"product","link":"https:\/\/www.leyaled.com\/de\/indoor-led-display\/p2-604enclosure\/","title":{"rendered":"Indoor P2.604 Display Geh\u00e4use"},"content":{"rendered":"<p style=\"text-align: center;\"><span style=\"font-size: 14pt; font-family: helvetica, arial, sans-serif;\"><strong>LED-Displays sind ma\u00dfgeschneiderte Produkte. F\u00fcr eine Vollbildanpassung wenden Sie sich bitte f\u00fcr Anfragen an den Kundenservice.<\/strong><\/span><\/p>\n<p style=\"text-align: center;\"><strong><span style=\"font-family: helvetica, arial, sans-serif; font-size: 14pt;\">Scharf, tolle Bildqualit\u00e4t:<\/span><\/strong><span style=\"font-family: helvetica, arial, sans-serif; font-size: 14pt;\">Kleiner Pixelstand (2,604mm) f\u00fcr klare feine Details. Hell,<\/span><\/p>\n<p style=\"text-align: center;\"><span style=\"font-family: helvetica, arial, sans-serif; font-size: 14pt;\"> gleichm\u00e4\u00dfige Farben und genau richtige Helligkeit \u2013 sieht nat\u00fcrlich aus und <\/span><\/p>\n<p style=\"text-align: center;\"><span style=\"font-family: helvetica, arial, sans-serif; font-size: 14pt;\">leicht auf die Augen, ob Sie es pers\u00f6nlich ansehen, filmen oder f\u00fcr virtuelle Setups verwenden. Klare Sicht auch aus jedem Winkel.<\/span><\/p>\n<p style=\"text-align: center;\"><span style=\"font-family: helvetica, arial, sans-serif; font-size: 14pt;\"><strong>Einfach zu installieren, zu demontieren &amp; amp; Transport:<\/strong> Die Schr\u00e4nke sind leicht (etwa 7,5-12kg je) und d\u00fcnn,<\/span><\/p>\n<p style=\"text-align: center;\"><span style=\"font-family: helvetica, arial, sans-serif; font-size: 14pt;\"> Sie sind also einfach zu tragen. Es kann nahtlos zusammengef\u00fcgt werden, wodurch das Setup schnell ist \u2013 perfekt f\u00fcr tempor\u00e4re Veranstaltungen wie Konzerte und Produkteinf\u00fchrungen.<\/span><\/p>\n<p style=\"text-align: center;\"><span style=\"font-size: 14pt; font-family: helvetica, arial, sans-serif;\"><strong>Einfach zu pflegen &amp; Langlebig:<\/strong>Keine L\u00fcfter f\u00fcr die K\u00fchlung erforderlich, so dass es leise l\u00e4uft - perfekt f\u00fcr <\/span><\/p>\n<p style=\"text-align: center;\"><span style=\"font-size: 14pt; font-family: helvetica, arial, sans-serif;\">Ruhige Orte wie Tagungsr\u00e4ume oder Studios. Wenn eine LED-Gl\u00fchbirne schief geht, k\u00f6nnen Sie sie beheben<\/span><\/p>\n<p style=\"text-align: center;\"><span style=\"font-size: 14pt; font-family: helvetica, arial, sans-serif;\"> Von vorne oder hinten m\u00fcssen Sie den gesamten Bildschirm nicht auseinander nehmen. Es funktioniert gut f\u00fcr bis zu 50.000 Stunden, auch bei regelm\u00e4\u00dfiger Verwendung.<\/span><\/p>\n<p style=\"text-align: center;\"><span style=\"font-family: helvetica, arial, sans-serif; font-size: 14pt;\"><strong>Vielseitig f\u00fcr viele Szenarien:<\/strong> Es funktioniert f\u00fcr Indoor-Events wie kommerzielle Shows, Meetings und Starts. <\/span><\/p>\n<p style=\"text-align: center;\"><span style=\"font-family: helvetica, arial, sans-serif; font-size: 14pt;\">Einige wasserdichte Modelle k\u00f6nnen auch im Freien f\u00fcr Ausstellungen verwendet werden \u2013 super anpassbar.<\/span><\/p>\n<p style=\"text-align: center;\"><span style=\"font-family: helvetica, arial, sans-serif; font-size: 14pt;\"><strong>Umkreisende Erfahrung mit gro\u00dfer Perspektive<\/strong><\/span><\/p>\n<p style=\"text-align: center;\"><span style=\"font-family: helvetica, arial, sans-serif; font-size: 14pt;\">Die oberfl\u00e4chenmontierten LED-Chips verf\u00fcgen selbst \u00fcber einen weiten Blickwinkel. Dar\u00fcber hinaus ist die Adoption <\/span><\/p>\n<p style=\"text-align: center;\"><span style=\"font-family: helvetica, arial, sans-serif; font-size: 14pt;\">von hochpr\u00e4zisen Ger\u00e4ten und fortschrittlichen Fertigungsprozessen, kombiniert mit einer einzigartigen anti-elektromagnetischen <\/span><\/p>\n<p style=\"text-align: center;\"><span style=\"font-family: helvetica, arial, sans-serif; font-size: 14pt;\">Wellenbehandlung erweitert die horizontalen und vertikalen Betrachtungswinkel weiter.<\/span><\/p>\n<p style=\"text-align: center;\"><img fetchpriority=\"high\" decoding=\"async\" class=\"alignnone size-full wp-image-3217\" src=\"https:\/\/www.leyaled.com\/wp-content\/uploads\/2025\/10\/display-6.webp\" alt=\"\" width=\"800\" height=\"491\" srcset=\"https:\/\/www.leyaled.com\/wp-content\/uploads\/2025\/10\/display-6.webp 800w, https:\/\/www.leyaled.com\/wp-content\/uploads\/2025\/10\/display-6-300x184.webp 300w, https:\/\/www.leyaled.com\/wp-content\/uploads\/2025\/10\/display-6-768x471.webp 768w, https:\/\/www.leyaled.com\/wp-content\/uploads\/2025\/10\/display-6-600x368.webp 600w\" sizes=\"(max-width: 800px) 100vw, 800px\" \/><\/p>\n<p style=\"text-align: center;\"><span style=\"font-family: helvetica, arial, sans-serif; font-size: 14pt;\">Nahtloses Splitzen, atemberaubendes HD-visuelles Fest<\/span><\/p>\n<p style=\"text-align: center;\"><span style=\"font-family: helvetica, arial, sans-serif; font-size: 14pt;\">Mit seiner hochpr\u00e4zisen Einheitsanzeigestruktur gew\u00e4hrleistet er Konsistenz in der Pixelspitch. Dadurch werden L\u00fccken zwischen <\/span><\/p>\n<p style=\"text-align: center;\"><span style=\"font-family: helvetica, arial, sans-serif; font-size: 14pt;\">Splei\u00dfbildschirme, die ein nahtloses Bild mit gleichm\u00e4\u00dfiger Helligkeit und Farbe liefern.<\/span><\/p>\n<p style=\"text-align: center;\"><img decoding=\"async\" class=\"alignnone size-full wp-image-3218\" src=\"https:\/\/www.leyaled.com\/wp-content\/uploads\/2025\/10\/display-5-1.webp\" alt=\"\" width=\"800\" height=\"491\" srcset=\"https:\/\/www.leyaled.com\/wp-content\/uploads\/2025\/10\/display-5-1.webp 800w, https:\/\/www.leyaled.com\/wp-content\/uploads\/2025\/10\/display-5-1-300x184.webp 300w, https:\/\/www.leyaled.com\/wp-content\/uploads\/2025\/10\/display-5-1-768x471.webp 768w, https:\/\/www.leyaled.com\/wp-content\/uploads\/2025\/10\/display-5-1-600x368.webp 600w\" sizes=\"(max-width: 800px) 100vw, 800px\" \/><\/p>\n<h5 class=\"header-iWP5WJ auto-hide-last-sibling-br\" style=\"text-align: center;\"><span style=\"font-family: helvetica, arial, sans-serif; font-size: 14pt;\">Hochaufl\u00f6sendes Vollfarb-LED-Display<\/span><\/h5>\n<h5 class=\"auto-hide-last-sibling-br paragraph-pP9ZLC paragraph-element br-paragraph-space\" style=\"text-align: center;\"><span style=\"font-family: helvetica, arial, sans-serif; font-size: 14pt;\">Mit einem oberfl\u00e4chenmontierten LED-Design verf\u00fcgt es \u00fcber einen weiten Betrachtungswinkel, <\/span><\/h5>\n<h5 class=\"auto-hide-last-sibling-br paragraph-pP9ZLC paragraph-element br-paragraph-space\" style=\"text-align: center;\"><span style=\"font-family: helvetica, arial, sans-serif; font-size: 14pt;\">hohe Helligkeit und liefert scharfe, lebendige und nat\u00fcrliche High-Definition-Bilder.<\/span><\/h5>\n<p style=\"text-align: center;\"><img decoding=\"async\" class=\"alignnone size-full wp-image-3220\" src=\"https:\/\/www.leyaled.com\/wp-content\/uploads\/2025\/10\/display2-1.webp\" alt=\"\" width=\"800\" height=\"821\" srcset=\"https:\/\/www.leyaled.com\/wp-content\/uploads\/2025\/10\/display2-1.webp 800w, https:\/\/www.leyaled.com\/wp-content\/uploads\/2025\/10\/display2-1-292x300.webp 292w, https:\/\/www.leyaled.com\/wp-content\/uploads\/2025\/10\/display2-1-768x788.webp 768w, https:\/\/www.leyaled.com\/wp-content\/uploads\/2025\/10\/display2-1-600x616.webp 600w\" sizes=\"(max-width: 800px) 100vw, 800px\" \/><\/p>\n<p style=\"text-align: center;\"><span style=\"font-size: 14pt; font-family: helvetica, arial, sans-serif;\">High Definition und Augenfreundliches Display, alles dank hoher Aufl\u00f6sung<\/span><\/p>\n<p style=\"text-align: center;\"><span style=\"font-size: 14pt; font-family: helvetica, arial, sans-serif;\">F\u00fcr ein verbessertes visuelles Erlebnis stellen wir sicher, dass das Display frei von zu hellen oder toten LEDs ist. Er liefert reich, <\/span><\/p>\n<p style=\"text-align: center;\"><span style=\"font-size: 14pt; font-family: helvetica, arial, sans-serif;\">einheitliche und lebendige Farben, gepaart mit hoher Aufl\u00f6sung und einem breiten Betrachtungswinkel - f\u00fcr einen glatteren, immersiveren visuellen Genuss<\/span><\/p>\n<p style=\"text-align: center;\"><img loading=\"lazy\" decoding=\"async\" class=\"alignnone size-full wp-image-3207\" src=\"https:\/\/www.leyaled.com\/wp-content\/uploads\/2025\/10\/display-5.webp\" alt=\"\" width=\"800\" height=\"446\" srcset=\"https:\/\/www.leyaled.com\/wp-content\/uploads\/2025\/10\/display-5.webp 800w, https:\/\/www.leyaled.com\/wp-content\/uploads\/2025\/10\/display-5-300x167.webp 300w, https:\/\/www.leyaled.com\/wp-content\/uploads\/2025\/10\/display-5-768x428.webp 768w, https:\/\/www.leyaled.com\/wp-content\/uploads\/2025\/10\/display-5-600x335.webp 600w\" sizes=\"(max-width: 800px) 100vw, 800px\" \/><\/p>\n<p style=\"text-align: center;\"><span style=\"font-family: helvetica, arial, sans-serif; font-size: 14pt;\">Sie wollen Details? Nur jederzeit erreichen! <\/span><\/p>\n<p style=\"text-align: center;\"><span style=\"font-family: helvetica, arial, sans-serif; font-size: 14pt;\">M\u00f6chten Sie die genauen Modellspezifikationen kennen, welche Szenarien es am besten passt, oder erhalten Sie ein Angebot?<\/span><\/p>\n<p style=\"text-align: center;\"><span style=\"font-family: helvetica, arial, sans-serif; font-size: 14pt;\"> Kontaktieren Sie uns, wann immer Sie wollen - wir geben Antworten, die f\u00fcr Sie funktionieren!<\/span><\/p>","protected":false},"excerpt":{"rendered":"<p>P2.604 LED-Display: Gro\u00dfe HD &amp; amp; Einfach zu bedienen<br \/>\nDer P2.604 ist ein beliebter LED-Bildschirm, und sein bester Teil ist der &#8220; 2.604mm kleine Pixel Pitch&#8221; Pixel sind dicht, so dass Videos, Diagramme und dynamische Inhalte alle klare Details zeigen, keine Verschwommenheit. Die Farben sind hell und gleichm\u00e4\u00dfig, die Helligkeit ist genau richtig. Sie sehen deutlich von vorne oder von der Seite, und es ist einfach f\u00fcr Ihre Augen, auch nach einer Weile zu beobachten. Die Einrichtung ist einfach: Schr\u00e4nke sind leicht, nahtlos zu verbinden. Es ist schnell f\u00fcr Ausstellungen oder Tagungsr\u00e4ume bereitzustellen. Wenn eine LED-Gl\u00fchbirne sp\u00e4ter bricht, beheben Sie sie von vorne oder hinten - Sie m\u00fcssen den gesamten Bildschirm nicht auseinandernehmen, spart Probleme. Es l\u00e4uft auch leise, st\u00f6rt Meetings oder Studioarbeit nicht. Es gibt Innen- und Au\u00dfenversionen: Innen f\u00fcr Meetings, Shows, Hallen; outdoor ist wasserdicht, staubdicht und heller - auch bei Sonnenlicht verblasst das Bild nicht, gut f\u00fcr Open-Air-Veranstaltungen oder Outdoor-Shows. Insgesamt ist es eine vielseitige Auswahl, die sowohl HD als auch praktisch ist.<\/p>","protected":false},"featured_media":2472,"comment_status":"closed","ping_status":"closed","template":"","meta":[],"product_brand":[],"product_cat":[42,15],"product_tag":[],"class_list":{"0":"post-2152","1":"product","2":"type-product","3":"status-publish","4":"has-post-thumbnail","6":"product_cat-indoor-led-display","7":"product_cat-standard-led-display","9":"first","10":"instock","11":"shipping-taxable","12":"product-type-simple"},"_links":{"self":[{"href":"https:\/\/www.leyaled.com\/de\/wp-json\/wp\/v2\/product\/2152","targetHints":{"allow":["GET"]}}],"collection":[{"href":"https:\/\/www.leyaled.com\/de\/wp-json\/wp\/v2\/product"}],"about":[{"href":"https:\/\/www.leyaled.com\/de\/wp-json\/wp\/v2\/types\/product"}],"replies":[{"embeddable":true,"href":"https:\/\/www.leyaled.com\/de\/wp-json\/wp\/v2\/comments?post=2152"}],"wp:featuredmedia":[{"embeddable":true,"href":"https:\/\/www.leyaled.com\/de\/wp-json\/wp\/v2\/media\/2472"}],"wp:attachment":[{"href":"https:\/\/www.leyaled.com\/de\/wp-json\/wp\/v2\/media?parent=2152"}],"wp:term":[{"taxonomy":"product_brand","embeddable":true,"href":"https:\/\/www.leyaled.com\/de\/wp-json\/wp\/v2\/product_brand?post=2152"},{"taxonomy":"product_cat","embeddable":true,"href":"https:\/\/www.leyaled.com\/de\/wp-json\/wp\/v2\/product_cat?post=2152"},{"taxonomy":"product_tag","embeddable":true,"href":"https:\/\/www.leyaled.com\/de\/wp-json\/wp\/v2\/product_tag?post=2152"}],"curies":[{"name":"WP","href":"https:\/\/api.w.org\/{rel}","templated":true}]}}