{"id":2148,"date":"2025-10-09T16:40:05","date_gmt":"2025-10-09T08:40:05","guid":{"rendered":"https:\/\/www.leyaled.com\/?post_type=product&#038;p=2148"},"modified":"2025-12-08T11:09:02","modified_gmt":"2025-12-08T03:09:02","slug":"flexible-screen","status":"publish","type":"product","link":"https:\/\/www.leyaled.com\/de\/indoor-flexible-display\/flexible-screen\/","title":{"rendered":"Flexible Bildschirm P3.91"},"content":{"rendered":"<p style=\"text-align: center;\"><span style=\"font-family: impact, sans-serif; font-size: 14pt;\">Als kreatives flexibles Display bietet die S-Serie extrem hohe Flexibilit\u00e4t und l\u00e4sst sich einfach erstellen <\/span><\/p>\n<p style=\"text-align: center;\"><span style=\"font-family: impact, sans-serif; font-size: 14pt;\">ob es sich um eine gro\u00dfwinklige innere oder \u00e4u\u00dfere Bogenform, einen Zylinder oder eine 90 Grad rechtewinklige Bogenform handelt.!<\/span><\/p>\n<p style=\"text-align: center;\">\u00a0 \u00a0\u00a0<img fetchpriority=\"high\" decoding=\"async\" class=\"alignnone wp-image-3064\" src=\"https:\/\/www.leyaled.com\/wp-content\/uploads\/2025\/10\/display-1.webp\" alt=\"\" width=\"785\" height=\"272\" srcset=\"https:\/\/www.leyaled.com\/wp-content\/uploads\/2025\/10\/display-1.webp 805w, https:\/\/www.leyaled.com\/wp-content\/uploads\/2025\/10\/display-1-300x104.webp 300w, https:\/\/www.leyaled.com\/wp-content\/uploads\/2025\/10\/display-1-768x266.webp 768w, https:\/\/www.leyaled.com\/wp-content\/uploads\/2025\/10\/display-1-600x208.webp 600w\" sizes=\"(max-width: 785px) 100vw, 785px\" \/><\/p>\n<p style=\"text-align: center;\"><span style=\"font-family: helvetica, arial, sans-serif; font-size: 14pt;\">Die weiche Membran verf\u00fcgt \u00fcber eine ausgezeichnete Flexibilit\u00e4t und kann<\/span><\/p>\n<p style=\"text-align: center;\"><span style=\"font-family: helvetica, arial, sans-serif; font-size: 14pt;\"> in mehreren Winkeln und Radien gebogen werden<\/span><\/p>\n<p style=\"text-align: center;\"><span style=\"font-family: helvetica, arial, sans-serif; font-size: 14pt;\">Weiches Membransplie\u00dfen, kompatibel mit unregelm\u00e4\u00dfigen LED-Bildschirmen von zylindrischen, <\/span><\/p>\n<p style=\"text-align: center;\"><span style=\"font-family: helvetica, arial, sans-serif; font-size: 14pt;\">gekr\u00fcmmte, kugelf\u00f6rmige, S-f\u00f6rmige und andere Formen<\/span><\/p>\n<p style=\"text-align: center;\"><img decoding=\"async\" class=\"alignnone size-full wp-image-3060\" src=\"https:\/\/www.leyaled.com\/wp-content\/uploads\/2025\/10\/display1.webp\" alt=\"\" width=\"789\" height=\"340\" srcset=\"https:\/\/www.leyaled.com\/wp-content\/uploads\/2025\/10\/display1.webp 789w, https:\/\/www.leyaled.com\/wp-content\/uploads\/2025\/10\/display1-300x129.webp 300w, https:\/\/www.leyaled.com\/wp-content\/uploads\/2025\/10\/display1-768x331.webp 768w, https:\/\/www.leyaled.com\/wp-content\/uploads\/2025\/10\/display1-600x259.webp 600w\" sizes=\"(max-width: 789px) 100vw, 789px\" \/><\/p>\n<p style=\"text-align: center;\"><img decoding=\"async\" class=\"alignnone size-full wp-image-3062\" src=\"https:\/\/www.leyaled.com\/wp-content\/uploads\/2025\/10\/display3.webp\" alt=\"\" width=\"805\" height=\"231\" srcset=\"https:\/\/www.leyaled.com\/wp-content\/uploads\/2025\/10\/display3.webp 805w, https:\/\/www.leyaled.com\/wp-content\/uploads\/2025\/10\/display3-300x86.webp 300w, https:\/\/www.leyaled.com\/wp-content\/uploads\/2025\/10\/display3-768x220.webp 768w, https:\/\/www.leyaled.com\/wp-content\/uploads\/2025\/10\/display3-600x172.webp 600w\" sizes=\"(max-width: 805px) 100vw, 805px\" \/><\/p>\n<p style=\"text-align: center;\"><span style=\"font-family: helvetica, arial, sans-serif;\">\u00a0<span style=\"font-size: 14pt;\"> \u00a0 \u00a0 Gute Flexibilit\u00e4t Keine Klebstoffl\u00f6sung<\/span><\/span><\/p>\n<p style=\"text-align: center;\"><img loading=\"lazy\" decoding=\"async\" class=\"alignnone size-full wp-image-3061\" src=\"https:\/\/www.leyaled.com\/wp-content\/uploads\/2025\/10\/display2.webp\" alt=\"\" width=\"805\" height=\"219\" srcset=\"https:\/\/www.leyaled.com\/wp-content\/uploads\/2025\/10\/display2.webp 805w, https:\/\/www.leyaled.com\/wp-content\/uploads\/2025\/10\/display2-300x82.webp 300w, https:\/\/www.leyaled.com\/wp-content\/uploads\/2025\/10\/display2-768x209.webp 768w, https:\/\/www.leyaled.com\/wp-content\/uploads\/2025\/10\/display2-600x163.webp 600w\" sizes=\"(max-width: 805px) 100vw, 805px\" \/><\/p>\n<p style=\"text-align: center;\"><span style=\"font-family: helvetica, arial, sans-serif;\">\u00a0 \u00a0 \u00a0 \u00a0 \u00a0 \u00a0 \u00a0 \u00a0 \u00a0 \u00a0 \u00a0 \u00a0 \u00a0<span style=\"font-size: 14pt;\">\u00a0Gro\u00dfer Winkel Gute Flexibilit\u00e4t<\/span><\/span><\/p>\n<p style=\"text-align: center;\"><img loading=\"lazy\" decoding=\"async\" class=\"alignnone size-full wp-image-3063\" src=\"https:\/\/www.leyaled.com\/wp-content\/uploads\/2025\/10\/display4.webp\" alt=\"\" width=\"805\" height=\"348\" srcset=\"https:\/\/www.leyaled.com\/wp-content\/uploads\/2025\/10\/display4.webp 805w, https:\/\/www.leyaled.com\/wp-content\/uploads\/2025\/10\/display4-300x130.webp 300w, https:\/\/www.leyaled.com\/wp-content\/uploads\/2025\/10\/display4-768x332.webp 768w, https:\/\/www.leyaled.com\/wp-content\/uploads\/2025\/10\/display4-600x259.webp 600w\" sizes=\"(max-width: 805px) 100vw, 805px\" \/><\/p>\n<p style=\"text-align: center;\"><span style=\"font-family: helvetica, arial, sans-serif; font-size: 14pt;\">Hochwertige Lampenperlen mit einer langen Anzeigelebensdauer.<\/span><br \/>\n<span style=\"font-family: helvetica, arial, sans-serif; font-size: 14pt;\">Premium-Lampenperlen werden angenommen, mit ausgezeichnetem Farbmischffekt, langer Lebensdauer, reduzierter Totlampenrate,<\/span><\/p>\n<p style=\"text-align: center;\"><span style=\"font-family: helvetica, arial, sans-serif; font-size: 14pt;\">stabiler und reibungsloser Betrieb der angezeigten Bilder sowie Umweltschutz und Stabilit\u00e4t<\/span><\/p>\n<p>&nbsp;<\/p>\n<p style=\"text-align: center;\"><span style=\"font-family: impact, sans-serif; font-size: 18pt;\">INSTALLATIONSMETHODE<\/span><\/p>\n<p>&nbsp;<\/p>\n<p style=\"text-align: center;\"><img loading=\"lazy\" decoding=\"async\" class=\"size-full wp-image-3067 aligncenter\" src=\"https:\/\/www.leyaled.com\/wp-content\/uploads\/2025\/10\/display1.png\" alt=\"\" width=\"714\" height=\"215\" srcset=\"https:\/\/www.leyaled.com\/wp-content\/uploads\/2025\/10\/display1.png 714w, https:\/\/www.leyaled.com\/wp-content\/uploads\/2025\/10\/display1-300x90.png 300w, https:\/\/www.leyaled.com\/wp-content\/uploads\/2025\/10\/display1-600x181.png 600w\" sizes=\"(max-width: 714px) 100vw, 714px\" \/><span style=\"font-family: helvetica, arial, sans-serif; font-size: 14pt;\">\u00a0 \u00a0Deckenmontiertes eingelegtes H\u00e4ngen<\/span><\/p>\n<p><img loading=\"lazy\" decoding=\"async\" class=\"size-full wp-image-3068 aligncenter\" src=\"https:\/\/www.leyaled.com\/wp-content\/uploads\/2025\/10\/display2.png\" alt=\"\" width=\"714\" height=\"233\" srcset=\"https:\/\/www.leyaled.com\/wp-content\/uploads\/2025\/10\/display2.png 714w, https:\/\/www.leyaled.com\/wp-content\/uploads\/2025\/10\/display2-300x98.png 300w, https:\/\/www.leyaled.com\/wp-content\/uploads\/2025\/10\/display2-600x196.png 600w\" sizes=\"(max-width: 714px) 100vw, 714px\" \/><\/p>\n<p><span style=\"font-family: helvetica, arial, sans-serif;\">\u00a0 \u00a0 \u00a0 \u00a0 \u00a0 \u00a0 \u00a0 \u00a0 \u00a0 \u00a0 \u00a0 \u00a0 \u00a0 \u00a0 \u00a0 \u00a0 \u00a0 \u00a0 \u00a0 \u00a0 \u00a0 \u00a0 \u00a0 \u00a0 \u00a0 \u00a0 \u00a0 \u00a0 <\/span><\/p>\n<p style=\"text-align: center;\"><span style=\"font-family: helvetica, arial, sans-serif;\">\u00a0 \u00a0 \u00a0 \u00a0<span style=\"font-size: 14pt;\"> Wandmontage S\u00e4ulenhalter Typ Boden-Standin<\/span><\/span><\/p>\n<p>&nbsp;<\/p>\n<p style=\"text-align: center;\"><span style=\"font-family: impact, sans-serif; font-size: 18pt;\">Anwendungsszenarien<\/span><\/p>\n<p style=\"text-align: center;\"><span style=\"font-family: helvetica, arial, sans-serif; font-size: 14pt;\">Einkaufszentrum Museum Ausstellungshalle<\/span><\/p>\n<p style=\"text-align: center;\"><span style=\"font-family: helvetica, arial, sans-serif; font-size: 14pt;\">Dank seiner Eigenschaften des schlanken K\u00f6rpers, der hohen Anzeigequalit\u00e4t und der Biegbarkeit wird es bei verschiedenen Gelegenheiten weit verbreitet.<\/span><\/p>\n<p style=\"text-align: center;\"><img loading=\"lazy\" decoding=\"async\" class=\"alignnone size-full wp-image-3065\" src=\"https:\/\/www.leyaled.com\/wp-content\/uploads\/2025\/10\/leddisplay.webp\" alt=\"\" width=\"805\" height=\"597\" srcset=\"https:\/\/www.leyaled.com\/wp-content\/uploads\/2025\/10\/leddisplay.webp 805w, https:\/\/www.leyaled.com\/wp-content\/uploads\/2025\/10\/leddisplay-300x222.webp 300w, https:\/\/www.leyaled.com\/wp-content\/uploads\/2025\/10\/leddisplay-768x570.webp 768w, https:\/\/www.leyaled.com\/wp-content\/uploads\/2025\/10\/leddisplay-600x445.webp 600w\" sizes=\"(max-width: 805px) 100vw, 805px\" \/><\/p>\n<p style=\"text-align: center;\"><span style=\"font-family: helvetica, arial, sans-serif;\"><strong>F: Welche Mindestdicke ist f\u00fcr flexible Bildschirme erreichbar?<\/strong><\/span><\/p>\n<p style=\"text-align: center;\"><span style=\"font-family: helvetica, arial, sans-serif;\"><strong>A: Unsere flexiblen Bildschirmprodukte k\u00f6nnen auf der Grundlage von Anwendungsszenarien f\u00fcr die Dicke angepasst werden. <\/strong><\/span><\/p>\n<p style=\"text-align: center;\"><span style=\"font-family: helvetica, arial, sans-serif;\"><strong>Das Kernanzeigemodul kann so d\u00fcnn wie 0,1 mm (einschlie\u00dflich Substrat) sein; mit Kapselung\/Schutz<\/strong><\/span><\/p>\n<p style=\"text-align: center;\"><span style=\"font-family: helvetica, arial, sans-serif;\"><strong> Schichten, Standard-kommerzielle Modelle sind 0,3-0,5 mm dick, w\u00e4hrend kundenspezifische Versionen f\u00fcr spezielle Szenarien<\/strong><\/span><\/p>\n<p style=\"text-align: center;\"><span style=\"font-family: helvetica, arial, sans-serif;\"><strong> (z.B. im Fahrzeug \/ im Freien) sind etwa 0,8-1,2 mm dick. Die Grunddicke variiert je nach Technologieweg leicht<\/strong><\/span><\/p>\n<p style=\"text-align: center;\"><span style=\"font-family: helvetica, arial, sans-serif;\"><strong> (OLED \/ Micro-LED) und kann genau angepasst werden, um Ihren spezifischen Nutzungsbedarf gerecht zu werden.<\/strong><\/span><\/p>","protected":false},"excerpt":{"rendered":"<p>Flexible Bildschirme sind revolution\u00e4re Displayprodukte, die auf fortschrittlichen OLED- oder Micro-LED-Technologien basieren. Sie besitzen einzigartige physikalische Eigenschaften der Biegbarkeit, Faltbarkeit und sogar Walzbarkeit, die die Formbeschr\u00e4nkungen traditioneller starrer Bildschirme vollst\u00e4ndig durchbrechen und den Benutzern brandneue visuelle Erfahrungen und Anwendungsm\u00f6glichkeiten bieten. Diese Bildschirme sind nicht nur extrem flexibel mit freiformigen Designs - in der Lage, sich an verschiedene Terminals wie klappbare Smartphones, rollbare Fernseher und umwickelnde Smartwatches anzupassen, um &#8220; Anzeige, die Form&#8221;  - aber auch Vorteile wie d\u00fcnn, leicht und tragbar, schlagfest, niedrige blaue Lichtemission, hohe Erfrischungsraten (bis zu 120 Hz und h\u00f6her) und breite Farbbereiche. Ihre Bilder sind glatt und zart, aber auch augensch\u00fctzend und energieeffizient. Dar\u00fcber hinaus kann ihre selbstbeleuchtende Technologie den Stromverbrauch erheblich reduzieren und die Batterielebensdauer von Ger\u00e4ten verl\u00e4ngern. Sie unterst\u00fctzen auch die flexible Anpassung von Kr\u00fcmmung, Gr\u00f6\u00dfe und Transparenz, wodurch sie in Bereichen wie Verbraucherelektronik, in-vehicle-Displays, Handelsausstellungen, tragbaren Ger\u00e4ten und Heimdekoration weit verbreitet werden. Flexible Bildschirme treiben weiterhin Innovationen in intelligenten Terminals voran und ver\u00e4ndern die visuelle Interaktion.<\/p>","protected":false},"featured_media":2508,"comment_status":"closed","ping_status":"closed","template":"","meta":[],"product_brand":[],"product_cat":[33,46],"product_tag":[],"class_list":{"0":"post-2148","1":"product","2":"type-product","3":"status-publish","4":"has-post-thumbnail","6":"product_cat-flexible-display","7":"product_cat-indoor-flexible-display","9":"first","10":"instock","11":"shipping-taxable","12":"product-type-simple"},"_links":{"self":[{"href":"https:\/\/www.leyaled.com\/de\/wp-json\/wp\/v2\/product\/2148","targetHints":{"allow":["GET"]}}],"collection":[{"href":"https:\/\/www.leyaled.com\/de\/wp-json\/wp\/v2\/product"}],"about":[{"href":"https:\/\/www.leyaled.com\/de\/wp-json\/wp\/v2\/types\/product"}],"replies":[{"embeddable":true,"href":"https:\/\/www.leyaled.com\/de\/wp-json\/wp\/v2\/comments?post=2148"}],"wp:featuredmedia":[{"embeddable":true,"href":"https:\/\/www.leyaled.com\/de\/wp-json\/wp\/v2\/media\/2508"}],"wp:attachment":[{"href":"https:\/\/www.leyaled.com\/de\/wp-json\/wp\/v2\/media?parent=2148"}],"wp:term":[{"taxonomy":"product_brand","embeddable":true,"href":"https:\/\/www.leyaled.com\/de\/wp-json\/wp\/v2\/product_brand?post=2148"},{"taxonomy":"product_cat","embeddable":true,"href":"https:\/\/www.leyaled.com\/de\/wp-json\/wp\/v2\/product_cat?post=2148"},{"taxonomy":"product_tag","embeddable":true,"href":"https:\/\/www.leyaled.com\/de\/wp-json\/wp\/v2\/product_tag?post=2148"}],"curies":[{"name":"WP","href":"https:\/\/api.w.org\/{rel}","templated":true}]}}