{"id":2144,"date":"2025-10-09T16:35:17","date_gmt":"2025-10-09T08:35:17","guid":{"rendered":"https:\/\/www.leyaled.com\/?post_type=product&#038;p=2144"},"modified":"2025-12-17T14:21:29","modified_gmt":"2025-12-17T06:21:29","slug":"mirror-screen","status":"publish","type":"product","link":"https:\/\/www.leyaled.com\/de\/indoor-special-led-screen\/mirror-screen\/","title":{"rendered":"Werbungsspieler"},"content":{"rendered":"<style>.elementor1{display: flex;flex-wrap: wrap;}<\/style>\n<p style=\"text-align: left;\"><span style=\"font-family: arial, helvetica, sans-serif;\"><strong><span style=\"font-size: 14pt;\">Energieeinsparung ohne &#8220; Dimmen&#8221; Implikationen, hohe Helligkeit mit klarer Definition \u2014 LED Werbebildschirm <\/span><\/strong><strong><span style=\"font-size: 14pt;\">Definition Anzeige Klare Farbe Sch\u00f6nes Bild<\/span><\/strong><\/span><\/p>\n<p style=\"text-align: left;\"><span style=\"font-family: arial, helvetica, sans-serif;\"><span style=\"font-size: 14pt;\">1,<strong>Energieeffizient, kein Helligkeitskompromiss:<\/strong> Unsere Low-Power-Antriebsl\u00f6sung schr\u00e4gt <\/span><span style=\"font-size: 14pt;\">Energieverbrauch \u2013 keine Dimmung oder Helligkeitsreduktion erforderlich.<\/span><\/span><\/p>\n<p style=\"text-align: left;\"><span style=\"font-family: arial, helvetica, sans-serif;\"><span style=\"font-size: 14pt;\">2,<strong>\u00dcberlegene Energieeffizienz:<\/strong> Verbraucht mindestens 20% weniger Strom als herk\u00f6mmliche Bildschirme gleichzeitig <\/span><span style=\"font-size: 14pt;\">Helligkeit, perfekt Balance Energieeinsparungen und Anzeige Qualit\u00e4t.<\/span><\/span><\/p>\n<p style=\"text-align: left;\"><img fetchpriority=\"high\" decoding=\"async\" class=\"alignnone size-full wp-image-3051\" src=\"https:\/\/www.leyaled.com\/wp-content\/uploads\/2025\/10\/ingaer1.webp\" alt=\"\" width=\"787\" height=\"822\" srcset=\"https:\/\/www.leyaled.com\/wp-content\/uploads\/2025\/10\/ingaer1.webp 787w, https:\/\/www.leyaled.com\/wp-content\/uploads\/2025\/10\/ingaer1-287x300.webp 287w, https:\/\/www.leyaled.com\/wp-content\/uploads\/2025\/10\/ingaer1-768x802.webp 768w, https:\/\/www.leyaled.com\/wp-content\/uploads\/2025\/10\/ingaer1-600x627.webp 600w\" sizes=\"(max-width: 787px) 100vw, 787px\" \/><\/p>\n<p style=\"text-align: left;\"><span style=\"font-family: arial, helvetica, sans-serif;\"><strong><span style=\"font-size: 18pt;\"> Indoor-Werbung f\u00fchrte Plakatbildschirm:<\/span><span style=\"font-size: 14pt;\">P1.25, P1.53, P1.86, P2 und P2.5<\/span><\/strong><\/span><\/p>\n<p style=\"text-align: left;\"><span style=\"font-family: arial, helvetica, sans-serif;\"><strong><span style=\"font-size: 18pt;\">Au\u00dfenwerbung f\u00fchrte Plakatbildschirm<\/span><span style=\"font-size: 18pt;\">\uff1a<\/span><span style=\"font-size: 14pt;\">P2, P2,5 und P3,076<\/span><\/strong><\/span><\/p>\n<div class=\"elementor1\">\n<table class=\"alignleft\" style=\"border-collapse: collapse; width: 95.695%; height: 151px;\">\n<tbody>\n<tr style=\"height: 24px;\">\n<td style=\"width: 33.3333%; height: 24px; text-align: center;\"><span style=\"font-family: arial, helvetica, sans-serif; font-size: 14pt;\"> hohe Aktualisierungsrate<\/span><\/td>\n<td style=\"width: 33.3333%; height: 24px; text-align: center;\"><span style=\"font-family: arial, helvetica, sans-serif; font-size: 14pt;\">Horizontaler Ausgangstransistor<\/span><\/td>\n<td style=\"width: 33.3333%; height: 24px; text-align: center;\"><span style=\"font-family: arial, helvetica, sans-serif; font-size: 14pt;\">Hoher Graustufen<\/span><\/td>\n<\/tr>\n<tr style=\"height: 24px;\">\n<td style=\"width: 33.3333%; height: 24px; text-align: center;\"><span style=\"font-family: arial, helvetica, sans-serif; font-size: 14pt;\">7680 Hz<\/span><\/td>\n<td style=\"width: 33.3333%; height: 24px; text-align: center;\"><span style=\"font-family: arial, helvetica, sans-serif; font-size: 14pt;\">Wei\u00dfbilanz ohne Cyan<\/span><\/td>\n<td style=\"width: 33.3333%; height: 24px; text-align: center;\"><span style=\"font-family: arial, helvetica, sans-serif; font-size: 14pt;\">Hochwertige Anzeige Lichtquelle <\/span><\/td>\n<\/tr>\n<tr style=\"height: 24px;\">\n<td style=\"width: 33.3333%; height: 24px; text-align: center;\"><span style=\"font-family: arial, helvetica, sans-serif; font-size: 14pt;\">Schnelles Spleizen<\/span><\/td>\n<td style=\"width: 33.3333%; height: 24px; text-align: center;\"><span style=\"font-family: arial, helvetica, sans-serif; font-size: 14pt;\">Wie zu verwenden<\/span><\/td>\n<td style=\"width: 33.3333%; height: 24px; text-align: center;\"><span style=\"font-family: arial, helvetica, sans-serif; font-size: 14pt;\">Anti-Kollision Eckschutz<\/span><\/td>\n<\/tr>\n<tr style=\"height: 24px;\">\n<td style=\"width: 33.3333%; height: 24px; text-align: center;\"><span style=\"font-family: arial, helvetica, sans-serif; font-size: 14pt;\">effizientes Installationsdesign<\/span><\/td>\n<td style=\"width: 33.3333%; height: 24px; text-align: center;\"><span style=\"font-family: arial, helvetica, sans-serif; font-size: 14pt;\">Falten \/ Dreifach<\/span><\/td>\n<td style=\"width: 33.3333%; height: 24px; text-align: center;\"><span style=\"font-family: arial, helvetica, sans-serif; font-size: 14pt;\">Sicherere Installation<\/span><\/td>\n<\/tr>\n<\/tbody>\n<\/table>\n<p>&nbsp;<\/p>\n<p>&nbsp;<\/p>\n<p>&nbsp;<\/p>\n<p>&nbsp;<\/p>\n<p>&nbsp;<\/p>\n<p style=\"text-align: left;\"><span style=\"font-family: arial, helvetica, sans-serif;\"><strong><span style=\"font-size: 18pt;\">Detailbild:<\/span><\/strong><span style=\"font-size: 14pt;\">Entworfen mit der neuesten Technologie, ist es glatter und schlanker. Das Gesamtgewicht des Posterrahmens ist weniger als 28 kg, was es tragbarer und einfacher zu installieren macht.<\/span><\/span><\/p>\n<p style=\"text-align: left;\"><img decoding=\"async\" class=\"alignnone size-full wp-image-3057\" src=\"https:\/\/www.leyaled.com\/wp-content\/uploads\/2025\/10\/ing.webp\" alt=\"\" width=\"787\" height=\"826\" srcset=\"https:\/\/www.leyaled.com\/wp-content\/uploads\/2025\/10\/ing.webp 787w, https:\/\/www.leyaled.com\/wp-content\/uploads\/2025\/10\/ing-286x300.webp 286w, https:\/\/www.leyaled.com\/wp-content\/uploads\/2025\/10\/ing-768x806.webp 768w, https:\/\/www.leyaled.com\/wp-content\/uploads\/2025\/10\/ing-600x630.webp 600w\" sizes=\"(max-width: 787px) 100vw, 787px\" \/><\/p>\n<p style=\"text-align: left;\"><span style=\"font-family: arial, helvetica, sans-serif; font-size: 14pt;\">Mit dem Cloud-Managementsystem k\u00f6nnen Sie Ihre Inhalte jederzeit und \u00fcberall verwalten.<\/span><\/p>\n<p style=\"text-align: left;\"><img decoding=\"async\" class=\"alignnone size-full wp-image-3052\" src=\"https:\/\/www.leyaled.com\/wp-content\/uploads\/2025\/10\/ingaer12.webp\" alt=\"\" width=\"790\" height=\"701\" srcset=\"https:\/\/www.leyaled.com\/wp-content\/uploads\/2025\/10\/ingaer12.webp 790w, https:\/\/www.leyaled.com\/wp-content\/uploads\/2025\/10\/ingaer12-300x266.webp 300w, https:\/\/www.leyaled.com\/wp-content\/uploads\/2025\/10\/ingaer12-768x681.webp 768w, https:\/\/www.leyaled.com\/wp-content\/uploads\/2025\/10\/ingaer12-600x532.webp 600w\" sizes=\"(max-width: 790px) 100vw, 790px\" \/><\/p>\n<p style=\"text-align: left;\"><span style=\"font-family: arial, helvetica, sans-serif; font-size: 14pt;\">Plug and play ohne Parametereinstellungen erforderlich \u2013 Sie don&#8217; t m\u00fcssen alle Parameter festlegen.<\/span><\/p>\n<p style=\"text-align: left;\"><img loading=\"lazy\" decoding=\"async\" class=\"alignnone wp-image-3053\" src=\"https:\/\/www.leyaled.com\/wp-content\/uploads\/2025\/10\/ingaer13.webp\" alt=\"\" width=\"793\" height=\"182\" srcset=\"https:\/\/www.leyaled.com\/wp-content\/uploads\/2025\/10\/ingaer13.webp 790w, https:\/\/www.leyaled.com\/wp-content\/uploads\/2025\/10\/ingaer13-300x69.webp 300w, https:\/\/www.leyaled.com\/wp-content\/uploads\/2025\/10\/ingaer13-768x176.webp 768w, https:\/\/www.leyaled.com\/wp-content\/uploads\/2025\/10\/ingaer13-600x137.webp 600w\" sizes=\"(max-width: 793px) 100vw, 793px\" \/><\/p>\n<p style=\"text-align: left;\"><span style=\"font-family: arial, helvetica, sans-serif;\"><strong><span style=\"font-size: 18pt;\">Poster oder Videow\u00e4nde:<\/span><\/strong><span style=\"font-size: 14pt;\">Mischen. Match. Vergr\u00f6\u00dfern. Die Werbe LED-Bildschirme funktionieren perfekt solo oder kombinieren f\u00fcr einen Riesen <\/span>Anvasen. Freisetzen Sie Ihre Kreativit\u00e4t mit FWS.<\/span><\/p>\n<p style=\"text-align: left;\"><span style=\"font-family: arial, helvetica, sans-serif;\"><strong><span style=\"font-size: 18pt;\">Universelles Raddesign:<\/span><\/strong><span style=\"font-size: 14pt;\">Kommt mit 4 Universal-R\u00e4dern, so dass es einfacher ist, jeden Ort zu bewegen, wo immer Sie wollen\u00a0<\/span><\/span><\/p>\n<p style=\"text-align: left;\"><img loading=\"lazy\" decoding=\"async\" class=\"alignnone size-full wp-image-3058\" src=\"https:\/\/www.leyaled.com\/wp-content\/uploads\/2025\/10\/display-led-1.webp\" alt=\"\" width=\"712\" height=\"707\" srcset=\"https:\/\/www.leyaled.com\/wp-content\/uploads\/2025\/10\/display-led-1.webp 712w, https:\/\/www.leyaled.com\/wp-content\/uploads\/2025\/10\/display-led-1-300x298.webp 300w, https:\/\/www.leyaled.com\/wp-content\/uploads\/2025\/10\/display-led-1-150x150.webp 150w, https:\/\/www.leyaled.com\/wp-content\/uploads\/2025\/10\/display-led-1-600x596.webp 600w, https:\/\/www.leyaled.com\/wp-content\/uploads\/2025\/10\/display-led-1-100x100.webp 100w\" sizes=\"(max-width: 712px) 100vw, 712px\" \/><\/p>\n<p style=\"text-align: left;\"><img loading=\"lazy\" decoding=\"async\" class=\"alignnone wp-image-3054\" src=\"https:\/\/www.leyaled.com\/wp-content\/uploads\/2025\/10\/ingaer114.webp\" alt=\"\" width=\"796\" height=\"240\" srcset=\"https:\/\/www.leyaled.com\/wp-content\/uploads\/2025\/10\/ingaer114.webp 779w, https:\/\/www.leyaled.com\/wp-content\/uploads\/2025\/10\/ingaer114-300x91.webp 300w, https:\/\/www.leyaled.com\/wp-content\/uploads\/2025\/10\/ingaer114-768x232.webp 768w, https:\/\/www.leyaled.com\/wp-content\/uploads\/2025\/10\/ingaer114-600x181.webp 600w\" sizes=\"(max-width: 796px) 100vw, 796px\" \/><\/p>\n<p style=\"text-align: left;\"><span style=\"font-family: arial, helvetica, sans-serif;\"><strong><span style=\"font-size: 18pt;\">Verpackungsmethode<\/span><\/strong><\/span><\/p>\n<p style=\"text-align: left;\"><img loading=\"lazy\" decoding=\"async\" class=\"alignnone size-full wp-image-3055\" src=\"https:\/\/www.leyaled.com\/wp-content\/uploads\/2025\/10\/ingaer115.webp\" alt=\"\" width=\"790\" height=\"289\" srcset=\"https:\/\/www.leyaled.com\/wp-content\/uploads\/2025\/10\/ingaer115.webp 790w, https:\/\/www.leyaled.com\/wp-content\/uploads\/2025\/10\/ingaer115-300x110.webp 300w, https:\/\/www.leyaled.com\/wp-content\/uploads\/2025\/10\/ingaer115-768x281.webp 768w, https:\/\/www.leyaled.com\/wp-content\/uploads\/2025\/10\/ingaer115-600x219.webp 600w\" sizes=\"(max-width: 790px) 100vw, 790px\" \/><\/p>\n<p style=\"text-align: left;\"><span style=\"font-family: arial, helvetica, sans-serif;\"><strong><span style=\"font-size: 18pt;\">Spezifikation Anpassung<\/span><\/strong><\/span><\/p>\n<p style=\"text-align: left;\"><img loading=\"lazy\" decoding=\"async\" class=\"alignnone size-full wp-image-3056\" src=\"https:\/\/www.leyaled.com\/wp-content\/uploads\/2025\/10\/ingaer116.webp\" alt=\"\" width=\"790\" height=\"721\" srcset=\"https:\/\/www.leyaled.com\/wp-content\/uploads\/2025\/10\/ingaer116.webp 790w, https:\/\/www.leyaled.com\/wp-content\/uploads\/2025\/10\/ingaer116-300x274.webp 300w, https:\/\/www.leyaled.com\/wp-content\/uploads\/2025\/10\/ingaer116-768x701.webp 768w, https:\/\/www.leyaled.com\/wp-content\/uploads\/2025\/10\/ingaer116-600x548.webp 600w\" sizes=\"(max-width: 790px) 100vw, 790px\" \/><\/p>\n<table class=\"alignleft\" style=\"width: 63.9222%; height: 518px;\" width=\"963\">\n<tbody>\n<tr style=\"height: 24px;\">\n<td style=\"text-align: center; height: 24px;\" colspan=\"2\" width=\"263\"><span style=\"font-family: arial, helvetica, sans-serif; font-size: 14pt;\">Artikel<\/span><\/td>\n<td style=\"text-align: center; height: 24px;\" width=\"140\"><span style=\"font-family: arial, helvetica, sans-serif; font-size: 14pt;\">P1.25<\/span><\/td>\n<td style=\"text-align: center; height: 24px;\" width=\"140\"><span style=\"font-family: arial, helvetica, sans-serif; font-size: 14pt;\">P1.53<\/span><\/td>\n<td style=\"text-align: center; height: 24px;\" width=\"140\"><span style=\"font-family: arial, helvetica, sans-serif; font-size: 14pt;\">P1.86<\/span><\/td>\n<td style=\"text-align: center; height: 24px;\" width=\"140\"><span style=\"font-family: arial, helvetica, sans-serif; font-size: 14pt;\">P2<\/span><\/td>\n<td style=\"text-align: center; height: 24px;\" width=\"140\"><span style=\"font-family: arial, helvetica, sans-serif; font-size: 14pt;\">P2.5<\/span><\/td>\n<\/tr>\n<tr style=\"height: 24px;\">\n<td style=\"text-align: center; height: 168px;\" rowspan=\"7\"><span style=\"font-family: arial, helvetica, sans-serif; font-size: 14pt;\">LED-Modul<\/span><\/td>\n<td style=\"text-align: center; height: 24px;\"><span style=\"font-family: arial, helvetica, sans-serif; font-size: 14pt;\">gef\u00fchrt<\/span><\/td>\n<td style=\"text-align: center; height: 24px;\" colspan=\"5\"><span style=\"font-family: arial, helvetica, sans-serif; font-size: 14pt;\">smd3in1<\/span><\/td>\n<\/tr>\n<tr style=\"height: 24px;\">\n<td style=\"text-align: center; height: 24px;\" width=\"158\"><span style=\"font-family: arial, helvetica, sans-serif; font-size: 14pt;\">Pxoel Steigung (mm)<\/span><\/td>\n<td style=\"text-align: center; height: 24px;\"><span style=\"font-family: arial, helvetica, sans-serif; font-size: 14pt;\">P1.25<\/span><\/td>\n<td style=\"text-align: center; height: 24px;\"><span style=\"font-family: arial, helvetica, sans-serif; font-size: 14pt;\">P1.53<\/span><\/td>\n<td style=\"text-align: center; height: 24px;\"><span style=\"font-family: arial, helvetica, sans-serif; font-size: 14pt;\">P1.86<\/span><\/td>\n<td style=\"text-align: center; height: 24px;\"><span style=\"font-family: arial, helvetica, sans-serif; font-size: 14pt;\">P2<\/span><\/td>\n<td style=\"text-align: center; height: 24px;\"><span style=\"font-family: arial, helvetica, sans-serif; font-size: 14pt;\">P2.5<\/span><\/td>\n<\/tr>\n<tr style=\"height: 24px;\">\n<td style=\"text-align: center; height: 24px;\"><span style=\"font-family: arial, helvetica, sans-serif; font-size: 14pt;\">Modulgr\u00f6\u00dfe<\/span><\/td>\n<td style=\"text-align: center; height: 24px;\"><span style=\"font-family: arial, helvetica, sans-serif; font-size: 14pt;\">320*160<\/span><\/td>\n<td style=\"text-align: center; height: 24px;\"><span style=\"font-family: arial, helvetica, sans-serif; font-size: 14pt;\">320*160<\/span><\/td>\n<td style=\"text-align: center; height: 24px;\"><span style=\"font-family: arial, helvetica, sans-serif; font-size: 14pt;\">320*160<\/span><\/td>\n<td style=\"text-align: center; height: 24px;\"><span style=\"font-family: arial, helvetica, sans-serif; font-size: 14pt;\">320*160<\/span><\/td>\n<td style=\"text-align: center; height: 24px;\"><span style=\"font-family: arial, helvetica, sans-serif; font-size: 14pt;\">320*160<\/span><\/td>\n<\/tr>\n<tr style=\"height: 24px;\">\n<td style=\"text-align: center; height: 24px;\" width=\"158\"><span style=\"font-family: arial, helvetica, sans-serif; font-size: 14pt;\">Modulgewicht<\/span><\/td>\n<td style=\"text-align: center; height: 24px;\" colspan=\"5\"><span style=\"font-family: arial, helvetica, sans-serif; font-size: 14pt;\">0.28kg<\/span><\/td>\n<\/tr>\n<tr style=\"height: 24px;\">\n<td style=\"text-align: center; height: 24px;\"><span style=\"font-family: arial, helvetica, sans-serif; font-size: 14pt;\">Modulmenge<\/span><\/td>\n<td style=\"text-align: center; height: 24px;\" colspan=\"5\"><span style=\"font-family: arial, helvetica, sans-serif; font-size: 14pt;\">2*12<\/span><\/td>\n<\/tr>\n<tr style=\"height: 24px;\">\n<td style=\"text-align: center; height: 24px;\" width=\"158\"><span style=\"font-family: arial, helvetica, sans-serif; font-size: 14pt;\">Pixed Volkszahl<\/span><\/td>\n<td style=\"text-align: center; height: 24px;\"><span style=\"font-family: arial, helvetica, sans-serif; font-size: 14pt;\">640,000\/\u33a1<\/span><\/td>\n<td style=\"text-align: center; height: 24px;\"><span style=\"font-family: arial, helvetica, sans-serif; font-size: 14pt;\">427.716\/\u33a1<\/span><\/td>\n<td style=\"text-align: center; height: 24px;\"><span style=\"font-family: arial, helvetica, sans-serif; font-size: 14pt;\">289,444\/\u33a1<\/span><\/td>\n<td style=\"text-align: center; height: 24px;\"><span style=\"font-family: arial, helvetica, sans-serif; font-size: 14pt;\">250,000\/\u33a1<\/span><\/td>\n<td style=\"text-align: center; height: 24px;\"><span style=\"font-family: arial, helvetica, sans-serif; font-size: 14pt;\">160,000\/\u33a1<\/span><\/td>\n<\/tr>\n<tr style=\"height: 24px;\">\n<td style=\"text-align: center; height: 24px;\" width=\"158\"><span style=\"font-family: arial, helvetica, sans-serif; font-size: 14pt;\">Kabinett Aufl\u00f6sung<\/span><\/td>\n<td style=\"text-align: center; height: 24px;\"><span style=\"font-family: arial, helvetica, sans-serif; font-size: 14pt;\">512*1536<\/span><\/td>\n<td style=\"text-align: center; height: 24px;\"><span style=\"font-family: arial, helvetica, sans-serif; font-size: 14pt;\">418*1255<\/span><\/td>\n<td style=\"text-align: center; height: 24px;\"><span style=\"font-family: arial, helvetica, sans-serif; font-size: 14pt;\">344*1032<\/span><\/td>\n<td style=\"text-align: center; height: 24px;\"><span style=\"font-family: arial, helvetica, sans-serif; font-size: 14pt;\">320*960<\/span><\/td>\n<td style=\"text-align: center; height: 24px;\"><span style=\"font-family: arial, helvetica, sans-serif; font-size: 14pt;\">256*768<\/span><\/td>\n<\/tr>\n<tr style=\"height: 24px;\">\n<td style=\"text-align: center; height: 326px;\" rowspan=\"11\" width=\"105\"><span style=\"font-family: arial, helvetica, sans-serif; font-size: 14pt;\">LED-Poster<\/span><br \/>\n<span style=\"font-family: arial, helvetica, sans-serif; font-size: 14pt;\">Kabinett<\/span><\/td>\n<td style=\"text-align: center; height: 24px;\" width=\"158\"><span style=\"font-family: arial, helvetica, sans-serif; font-size: 14pt;\">Catianat Gr\u00f6\u00dfe<\/span><\/td>\n<td style=\"text-align: center; height: 24px;\" colspan=\"5\"><span style=\"font-family: arial, helvetica, sans-serif; font-size: 14pt;\">640 * 1920mm<\/span><\/td>\n<\/tr>\n<tr style=\"height: 24px;\">\n<td style=\"text-align: center; height: 24px;\" width=\"158\"><span style=\"font-family: arial, helvetica, sans-serif; font-size: 14pt;\">Kabinett Weelght<\/span><\/td>\n<td style=\"text-align: center; height: 24px;\" colspan=\"5\"><span style=\"font-family: arial, helvetica, sans-serif; font-size: 14pt;\">28<\/span><\/td>\n<\/tr>\n<tr style=\"height: 24px;\">\n<td style=\"text-align: center; height: 24px;\" width=\"158\"><span style=\"font-family: arial, helvetica, sans-serif; font-size: 14pt;\">Cabiret Mlaierial<\/span><\/td>\n<td style=\"text-align: center; height: 24px;\" colspan=\"5\"><span style=\"font-family: arial, helvetica, sans-serif; font-size: 14pt;\">Aluminium<\/span><\/td>\n<\/tr>\n<tr style=\"height: 24px;\">\n<td style=\"text-align: center; height: 24px;\" width=\"158\"><span style=\"font-family: arial, helvetica, sans-serif; font-size: 14pt;\">Eingangsschutz<\/span><\/td>\n<td style=\"text-align: center; height: 24px;\" colspan=\"5\"><span style=\"font-family: arial, helvetica, sans-serif; font-size: 14pt;\">IP30<\/span><\/td>\n<\/tr>\n<tr style=\"height: 24px;\">\n<td style=\"text-align: center; height: 24px;\" width=\"158\"><span style=\"font-family: arial, helvetica, sans-serif; font-size: 14pt;\">Cchlor Ternparabure<\/span><\/td>\n<td style=\"text-align: center; height: 24px;\" colspan=\"5\"><span style=\"font-family: arial, helvetica, sans-serif; font-size: 14pt;\">3.200-12.000 (anpassen)<\/span><\/td>\n<\/tr>\n<tr style=\"height: 24px;\">\n<td style=\"text-align: center; height: 24px;\" width=\"158\"><span style=\"font-family: arial, helvetica, sans-serif; font-size: 14pt;\">Brightress (Nits)<\/span><\/td>\n<td style=\"text-align: center; height: 24px;\" colspan=\"5\"><span style=\"font-family: arial, helvetica, sans-serif; font-size: 14pt;\">600-800<\/span><\/td>\n<\/tr>\n<tr style=\"height: 24px;\">\n<td style=\"text-align: center; height: 24px;\" width=\"158\"><span style=\"font-family: arial, helvetica, sans-serif; font-size: 14pt;\">Ansichtswinkel<\/span><\/td>\n<td style=\"text-align: center; height: 24px;\" colspan=\"5\"><span style=\"font-family: arial, helvetica, sans-serif; font-size: 14pt;\">H.140\u00b0\/V.140\u00b0<\/span><\/td>\n<\/tr>\n<tr style=\"height: 24px;\">\n<td style=\"text-align: center; height: 24px;\" width=\"158\"><span style=\"font-family: arial, helvetica, sans-serif; font-size: 14pt;\">Kontrastverh\u00e4ltnis<\/span><\/td>\n<td style=\"text-align: center; height: 24px;\" colspan=\"5\"><span style=\"font-family: arial, helvetica, sans-serif; font-size: 14pt;\">4.000:1<\/span><\/td>\n<\/tr>\n<tr style=\"height: 48px;\">\n<td style=\"text-align: center; height: 48px;\" width=\"158\"><span style=\"font-family: arial, helvetica, sans-serif; font-size: 14pt;\">Fower Consumptlon<\/span><\/td>\n<td style=\"text-align: center; height: 48px;\" colspan=\"5\"><span style=\"font-family: arial, helvetica, sans-serif; font-size: 14pt;\">400 W\/St\u00fcck<\/span><\/td>\n<\/tr>\n<tr style=\"height: 48px;\">\n<td style=\"text-align: center; height: 48px;\" width=\"158\"><span style=\"font-family: arial, helvetica, sans-serif; font-size: 14pt;\">AvgPower Verbrauch<\/span><\/td>\n<td style=\"text-align: center; height: 48px;\" colspan=\"5\"><span style=\"font-family: arial, helvetica, sans-serif; font-size: 14pt;\">120 W\/St\u00fcck<\/span><\/td>\n<\/tr>\n<tr style=\"height: 38px;\">\n<td style=\"text-align: center; height: 38px;\" width=\"158\"><span style=\"font-size: 14pt; font-family: arial, helvetica, sans-serif;\">Rerresh Rase (Hz)<\/span><\/td>\n<td style=\"text-align: center; height: 38px;\" colspan=\"5\"><span style=\"font-size: 14pt; font-family: arial, helvetica, sans-serif;\">\u22653840Hz<\/span><\/td>\n<\/tr>\n<\/tbody>\n<\/table>\n<p style=\"text-align: left;\"><span style=\"font-family: arial, helvetica, sans-serif; font-size: 14pt;\"><strong>LED Werbespieler: Super einfach zu installieren! Mit einem modularen Splei\u00dfdesign kann es schnell in drei Schritten montiert werden:<\/strong><\/span><\/p>\n<p style=\"text-align: left;\"><span style=\"font-family: arial, helvetica, sans-serif; font-size: 14pt;\">\u2460  Fixieren Sie den Bracket, <\/span><\/p>\n<p style=\"text-align: left;\"><span style=\"font-family: arial, helvetica, sans-serif; font-size: 14pt;\">\u2461  Splitzen Sie den Bildschirm und verbinden Sie Strom\/Signal,<\/span><\/p>\n<p style=\"text-align: left;\"><span style=\"font-family: arial, helvetica, sans-serif; font-size: 14pt;\">\u2462  Debuggen Sie das System und beginnen Sie mit der Verwendung. Von der Konstruktion der Bracket bis zur Debugging der Anzeige ist kein professionelles Team erforderlich - auch<\/span><\/p>\n<p style=\"text-align: left;\"><span style=\"font-family: arial, helvetica, sans-serif; font-size: 14pt;\">Anf\u00e4nger k\u00f6nnen es einfach handhaben. Wenn Sie einen ma\u00dfgeschneiderten Installationsplan oder technische Unterst\u00fctzung ben\u00f6tigen, kontaktieren Sie uns jederzeit!<\/span><\/p>\n<\/div>","protected":false},"excerpt":{"rendered":"<p><span style=\"font-family: arial, helvetica, sans-serif;\">Der LED Smart Mirror Screen kombiniert High-End-Spiegel mit Micro-LED-Technologie und wechselt nahtlos zwischen einem normalen Spiegel und einem HD-Bildschirm. Off, es ist ein Qualit\u00e4tsspiegel; auf, es zeigt 4K Ultra-HD-Bild. Es unterst\u00fctzt intelligente Interaktionen (Multi-System drahtlose Projektion, Ber\u00fchrung, Sprachsteuerung) und Anpassungen (Gr\u00f6\u00dfe, Verh\u00e4ltnis, unregelm\u00e4\u00dfige Formen). Hergestellt aus geh\u00e4rtetem Glas, ist es Nebelfest, wasserdicht und langlebig. Wird weit verbreitet in intelligenten H\u00e4usern (Badezimmer-Drama-Beobachtung, K\u00fcchenrezept-Anzeige, Schlafzimmer-Dressing) und kommerziellen Szenen (Einzelhandelsausr\u00fcstung, Hotelinformationen, Fitness-Interaktion) verwendet, ist es ein intelligentes Gateway, das physische und digitale Welten verbindet.<\/span><\/p>\n<ul>\n<li><span style=\"font-family: arial, helvetica, sans-serif;\"><strong>Nahtloser Dual-Mode<\/strong>Kombiniert High-End Spiegel Micro-LED; verwandelt sich reibungslos in Qualit\u00e4tsspiegel (aus) oder HD-Bildschirm (ein).<\/span><\/li>\n<li style=\"list-style-type: none;\">\n<ul>\n<li><span style=\"font-family: arial, helvetica, sans-serif;\"><strong>HD und Intelligente Interaktion<\/strong>: 4K Ultra-HD-Display; unterst\u00fctzt Multi-System drahtlose Projektion, Touch und Sprachsteuerung<\/span><\/li>\n<li><span style=\"font-family: arial, helvetica, sans-serif;\"><strong>Flexible Anpassung<\/strong>Anpassbar in Gr\u00f6\u00dfe, Seitenverh\u00e4ltnis, sogar unregelm\u00e4\u00dfige Formen f\u00fcr verschiedene Bed\u00fcrfnisse.<\/span><\/li>\n<li><span style=\"font-family: arial, helvetica, sans-serif;\"><strong>Hohe Haltbarkeit<\/strong>: Geh\u00e4rtetes Glas bauen mit Anti-Nebel, wasserdicht; Lange Lebensdauer f\u00fcr komplexe Umgebungen.<\/span><\/li>\n<\/ul>\n<\/li>\n<\/ul>\n<ul>\n<li><span style=\"font-family: arial, helvetica, sans-serif;\"><strong>Multi-Szenario-Nutzung<\/strong>Passt zu Smart Homes (Bad\/K\u00fcche\/Schlafzimmer) und kommerziellen Umgebungen (Einzelhandel\/Hotel\/Fitness); physische &amp; Digitale Welten.<\/span><\/li>\n<\/ul>","protected":false},"featured_media":2666,"comment_status":"closed","ping_status":"closed","template":"","meta":[],"product_brand":[],"product_cat":[48,34],"product_tag":[],"class_list":{"0":"post-2144","1":"product","2":"type-product","3":"status-publish","4":"has-post-thumbnail","6":"product_cat-indoor-special-led-screen","7":"product_cat-special-led-screen","9":"first","10":"instock","11":"shipping-taxable","12":"product-type-simple"},"_links":{"self":[{"href":"https:\/\/www.leyaled.com\/de\/wp-json\/wp\/v2\/product\/2144","targetHints":{"allow":["GET"]}}],"collection":[{"href":"https:\/\/www.leyaled.com\/de\/wp-json\/wp\/v2\/product"}],"about":[{"href":"https:\/\/www.leyaled.com\/de\/wp-json\/wp\/v2\/types\/product"}],"replies":[{"embeddable":true,"href":"https:\/\/www.leyaled.com\/de\/wp-json\/wp\/v2\/comments?post=2144"}],"wp:featuredmedia":[{"embeddable":true,"href":"https:\/\/www.leyaled.com\/de\/wp-json\/wp\/v2\/media\/2666"}],"wp:attachment":[{"href":"https:\/\/www.leyaled.com\/de\/wp-json\/wp\/v2\/media?parent=2144"}],"wp:term":[{"taxonomy":"product_brand","embeddable":true,"href":"https:\/\/www.leyaled.com\/de\/wp-json\/wp\/v2\/product_brand?post=2144"},{"taxonomy":"product_cat","embeddable":true,"href":"https:\/\/www.leyaled.com\/de\/wp-json\/wp\/v2\/product_cat?post=2144"},{"taxonomy":"product_tag","embeddable":true,"href":"https:\/\/www.leyaled.com\/de\/wp-json\/wp\/v2\/product_tag?post=2144"}],"curies":[{"name":"WP","href":"https:\/\/api.w.org\/{rel}","templated":true}]}}